{"id":25019,"date":"2026-03-13T20:09:03","date_gmt":"2026-03-13T19:09:03","guid":{"rendered":"https:\/\/lt-laborhandel.de\/?post_type=product&#038;p=25019"},"modified":"2026-03-13T20:09:05","modified_gmt":"2026-03-13T19:09:05","slug":"ika-hs-25-ec-dw-holder-waschmaschinenhalterung-0025007380","status":"publish","type":"product","link":"https:\/\/lt-laborhandel.de\/en\/produkt\/ika-hs-25-ec-dw-holder-waschmaschinenhalterung-0025007380\/","title":{"rendered":"IKA HS 25 EC &#8211; DW Holder, Waschmaschinenhalterung f\u00fcr Dispergierwerkzeuge, 0025007380"},"content":{"rendered":"<h3 data-path-to-node=\"12\">Das &#8220;easy clean&#8221; Konzept konsequent zu Ende gedacht: IKA HS 25 EC &#8211; DW Holder<\/h3>\n<p data-path-to-node=\"13\">Die &#8220;easy clean&#8221; (EC) Dispergierwerkzeuge von IKA sind revolution\u00e4r, da sie sich gr\u00fcndlich reinigen lassen, ohne dass Sie das Werkzeug m\u00fchsam in seine Einzelteile zerlegen m\u00fcssen. Der <b data-path-to-node=\"13\" data-index-in-node=\"184\">IKA HS 25 EC &#8211; DW Holder<\/b> (MPN 0025007380) ist das entscheidende Zubeh\u00f6r, um diesen Vorteil im Laboralltag voll auszuspielen. Das K\u00fcrzel &#8220;DW&#8221; steht hierbei f\u00fcr <b data-path-to-node=\"13\" data-index-in-node=\"343\">Dish Washer<\/b> (Laborsp\u00fclmaschine).<\/p>\n<h3 data-path-to-node=\"14\">Sichere Reinigung ohne manuellen Aufwand<\/h3>\n<p data-path-to-node=\"15\">Mit dieser speziellen Halterung k\u00f6nnen Sie Ihre wertvollen S 25 EC Dispergierwerkzeuge sicher, bequem und vor allem maschinell reinigen.<\/p>\n<ul>\n<li data-path-to-node=\"16,0,0\"><b data-path-to-node=\"16,0,0\" data-index-in-node=\"0\">Sicherer Stand:<\/b> Die Halterung fixiert das Dispergierwerkzeug sicher und aufrecht im Sp\u00fclkorb Ihrer Laborwaschmaschine.<\/li>\n<li data-path-to-node=\"16,1,0\"><b data-path-to-node=\"16,1,0\" data-index-in-node=\"0\">Schutz vor Besch\u00e4digungen:<\/b> Das empfindliche Werkzeug kann durch den Wasserdruck nicht mehr umfallen, rutscht nicht durch die Maschen des Sp\u00fclkorbs und schl\u00e4gt nicht gegen andere Laborgef\u00e4\u00dfe. Auch der Spr\u00fcharm der Maschine wird nicht blockiert.<\/li>\n<li data-path-to-node=\"16,2,0\"><b data-path-to-node=\"16,2,0\" data-index-in-node=\"0\">Optimale Durchsp\u00fclung:<\/b> Durch die exakt berechnete, aufrechte Positionierung kann das hei\u00dfe Wasser- und Reinigungsmittelgemisch den Schaft und den Rotor-Stator-Spalt optimal von unten nach oben durchstr\u00f6men.<\/li>\n<li data-path-to-node=\"16,3,0\"><b data-path-to-node=\"16,3,0\" data-index-in-node=\"0\">Maximale Zeitersparnis:<\/b> Nach der Probenvorbereitung stecken Sie das Werkzeug einfach in den Halter in der Sp\u00fclmaschine. Das zeitaufwendige manuelle Schrubben unter flie\u00dfendem Wasser entf\u00e4llt.<\/li>\n<\/ul>\n<h3 data-path-to-node=\"17\">Kompatibilit\u00e4t<\/h3>\n<p data-path-to-node=\"18\">Dieser Halter wurde exklusiv f\u00fcr die aktuelle Generation der <b data-path-to-node=\"18\" data-index-in-node=\"61\">S 25 easy clean<\/b> Dispergierwerkzeuge konzipiert (z.B. S 25 EC-C-18G-ST, S 25 EC-T-C-25G, etc.), welche in Kombination mit den T 25 easy clean (digital und control) Antrieben verwendet werden. <i data-path-to-node=\"18\" data-index-in-node=\"252\">(Hinweis: F\u00fcr klassische IKA-Standardwerkzeuge, die f\u00fcr die Reinigung zwingend komplett zerlegt werden m\u00fcssen, ist dieser Halter nicht vorgesehen).<\/i><\/p>\n<h3 data-path-to-node=\"19\">Technische Daten<\/h3>\n<ul>\n<li data-path-to-node=\"20,0,0\">Modell: HS 25 EC &#8211; DW Holder<\/li>\n<li data-path-to-node=\"20,1,0\">Produkttyp: Waschmaschinenhalterung (Dish Washer Holder)<\/li>\n<li data-path-to-node=\"20,2,0\">Kompatibilit\u00e4t Werkzeuge: IKA S 25 EC (easy clean) Serie<\/li>\n<li data-path-to-node=\"20,3,0\">Zweck: Sichere und aufrechte Fixierung des Werkzeugs im Sp\u00fclkorb<\/li>\n<li data-path-to-node=\"20,4,0\">Best\u00e4ndigkeit: Ausgelegt f\u00fcr die hohen Temperaturen und aggressiven Medien in professionellen Laborsp\u00fclmaschinen.<\/li>\n<\/ul>\n<h3 data-path-to-node=\"21\">Lieferumfang<\/h3>\n<ul data-path-to-node=\"22\">\n<li>\n<p data-path-to-node=\"22,0,0\">1 x IKA HS 25 EC &#8211; DW Holder<\/p>\n<\/li>\n<\/ul>\n<p data-path-to-node=\"22,1,0\"><i data-path-to-node=\"22,1,0\" data-index-in-node=\"0\">(Hinweis: Dispergierwerkzeuge und Sp\u00fclk\u00f6rbe sind nicht im Lieferumfang enthalten!)<\/i><\/p>\n<h3 data-path-to-node=\"23\">Individueller Bedarf &amp; Zubeh\u00f6r<\/h3>\n<p data-path-to-node=\"24\">Arbeiten Sie mit den &#8220;easy clean&#8221; Werkzeugen mit integrierter Temperaturmessung (Modelle mit einem &#8220;T&#8221; im Namen)? Auch diese k\u00f6nnen mit dem DW-Holder gesp\u00fclt werden. Wir beraten Sie gerne zur idealen Kombination von Antrieb und Werkzeug f\u00fcr Ihre Proben. Kontaktieren Sie unseren <a class=\"ng-star-inserted\" href=\"https:\/\/www.google.com\/search?q=https:\/\/lt-laborhandel.de\/service\" target=\"_blank\" rel=\"noopener\">Beschaffungsservice<\/a>.<\/p>\n","protected":false},"excerpt":{"rendered":"<ul>\n<li data-path-to-node=\"33,0,0\">Halterung f\u00fcr Laborsp\u00fclmaschinen (Dish Washer)<\/li>\n<li data-path-to-node=\"33,1,0\">F\u00fcr alle IKA S 25 easy clean Dispergierwerkzeuge<\/li>\n<li data-path-to-node=\"33,2,0\">Sichert das Werkzeug aufrecht im Sp\u00fclkorb<\/li>\n<li data-path-to-node=\"33,3,0\">Verhindert Besch\u00e4digungen w\u00e4hrend des Sp\u00fclgangs<\/li>\n<li data-path-to-node=\"33,4,0\">Optimale Durchsp\u00fclung ohne Demontage des Werkzeugs<\/li>\n<li data-path-to-node=\"33,5,0\">Herstellernummer (MPN): 0025007380<\/li>\n<\/ul>\n","protected":false},"featured_media":25020,"template":"","meta":[],"product_brand":[357],"product_cat":[340,324],"product_tag":[],"class_list":{"0":"post-25019","1":"product","2":"type-product","3":"status-publish","4":"has-post-thumbnail","6":"product_brand-ika","7":"product_cat-dispergierwerkzeuge","8":"product_cat-ika","10":"first","11":"instock","12":"sale","13":"taxable","14":"shipping-taxable","15":"purchasable","16":"product-type-simple"},"tiered_pricing_type":"fixed","tiered_pricing_fixed_rules":[],"tiered_pricing_product_settings":{"layout":"default","base_unit_name":{"singular":null,"plural":null},"default_variation":null},"tiered_pricing_minimum_quantity":null,"tiered_pricing_roles_data":[],"tiered_pricing_percentage_rules":[],"_links":{"self":[{"href":"https:\/\/lt-laborhandel.de\/en\/wp-json\/wp\/v2\/product\/25019","targetHints":{"allow":["GET"]}}],"collection":[{"href":"https:\/\/lt-laborhandel.de\/en\/wp-json\/wp\/v2\/product"}],"about":[{"href":"https:\/\/lt-laborhandel.de\/en\/wp-json\/wp\/v2\/types\/product"}],"wp:featuredmedia":[{"embeddable":true,"href":"https:\/\/lt-laborhandel.de\/en\/wp-json\/wp\/v2\/media\/25020"}],"wp:attachment":[{"href":"https:\/\/lt-laborhandel.de\/en\/wp-json\/wp\/v2\/media?parent=25019"}],"wp:term":[{"taxonomy":"product_brand","embeddable":true,"href":"https:\/\/lt-laborhandel.de\/en\/wp-json\/wp\/v2\/product_brand?post=25019"},{"taxonomy":"product_cat","embeddable":true,"href":"https:\/\/lt-laborhandel.de\/en\/wp-json\/wp\/v2\/product_cat?post=25019"},{"taxonomy":"product_tag","embeddable":true,"href":"https:\/\/lt-laborhandel.de\/en\/wp-json\/wp\/v2\/product_tag?post=25019"}],"curies":[{"name":"wp","href":"https:\/\/api.w.org\/{rel}","templated":true}]}}