{"id":22236,"date":"2025-09-01T14:13:07","date_gmt":"2025-09-01T12:13:07","guid":{"rendered":"https:\/\/lt-laborhandel.de\/?post_type=product&#038;p=22236"},"modified":"2026-01-09T21:26:39","modified_gmt":"2026-01-09T20:26:39","slug":"nabertherm-muffelofen-l15-11-b510-tmax1100-klapptuer-l-155k1al","status":"publish","type":"product","link":"https:\/\/lt-laborhandel.de\/en\/produkt\/nabertherm-muffelofen-l15-11-b510-tmax1100-klapptuer-l-155k1al\/","title":{"rendered":"Nabertherm L15\/11\/B510 Muffelofen 1100 \u00b0C mit Klappt\u00fcr, L 155K1AL"},"content":{"rendered":"<p data-start=\"739\" data-end=\"1025\">Der <strong data-start=\"743\" data-end=\"792\">Nabertherm Muffelofen L15\/11\/B510 \u2013 L 155K1AL<\/strong> ist ein pr\u00e4ziser Laborofen f\u00fcr W\u00e4rmebehandlungen bis 1100 \u00b0C. Seine vierseitige Beheizung sorgt f\u00fcr eine gleichm\u00e4\u00dfige Temperaturverteilung und reproduzierbare Ergebnisse \u2013 optimal f\u00fcr Forschung, Entwicklung und Qualit\u00e4tskontrolle.<\/p>\n<p data-start=\"1027\" data-end=\"1354\">Die hochwertige Isolierung ohne gesundheitlich bedenkliche Materialien sch\u00fctzt die Heizelemente vor chemischen Einfl\u00fcssen und verl\u00e4ngert die Lebensdauer. Der intuitive Controller B510 erm\u00f6glicht die Steuerung von bis zu 5 Programmen mit jeweils 4 Segmenten und zeigt alle Prozessparameter \u00fcbersichtlich auf dem Touch-Display.<\/p>\n<p data-start=\"1356\" data-end=\"1656\">Das doppelwandige Edelstahlgeh\u00e4use h\u00e4lt die Au\u00dfentemperaturen niedrig und steigert die Sicherheit im Labor. \u00dcber die MyNabertherm-App oder VCD-Software lassen sich Prozesse bequem \u00fcberwachen und dokumentieren. So erhalten Anwender ein zuverl\u00e4ssiges, effizientes System f\u00fcr moderne Laboranwendungen.<\/p>\n<p><b>Viele weitere Konfigurationen und Zubeh\u00f6roptionen sind auf Anfrage erh\u00e4ltlich!<\/b><\/p>\n","protected":false},"excerpt":{"rendered":"<ul>\n<li data-start=\"340\" data-end=\"409\">Arbeitstemperatur bis 1100 \u00b0C \u2013 ideal f\u00fcr t\u00e4gliche Laboranwendungen<\/li>\n<li data-start=\"412\" data-end=\"470\">Vierseitige Beheizung f\u00fcr hohe Temperaturgleichm\u00e4\u00dfigkeit<\/li>\n<li data-start=\"473\" data-end=\"527\">Touch-Controller B510 mit 5 Programmen \u00e0 4 Segmenten<\/li>\n<li data-start=\"530\" data-end=\"588\">Langlebige, RCF-freie Isolierung f\u00fcr maximale Sicherheit<\/li>\n<li data-start=\"591\" data-end=\"628\">Klappt\u00fcr als stabile Ablage nutzbar<\/li>\n<li data-start=\"631\" data-end=\"704\">Kompatibel mit VCD-Software und MyNabertherm-App zur Prozess\u00fcberwachung<\/li>\n<\/ul>\n","protected":false},"featured_media":20539,"template":"","meta":[],"product_brand":[373],"product_cat":[341,374],"product_tag":[],"class_list":{"0":"post-22236","1":"product","2":"type-product","3":"status-publish","4":"has-post-thumbnail","6":"product_brand-nabertherm","7":"product_cat-muffeloefen","8":"product_cat-nabertherm","9":"product_shipping_class-standard","11":"first","12":"instock","13":"taxable","14":"shipping-taxable","15":"purchasable","16":"product-type-simple"},"tiered_pricing_type":"fixed","tiered_pricing_fixed_rules":[],"tiered_pricing_product_settings":{"layout":"default","base_unit_name":{"singular":null,"plural":null},"default_variation":null},"tiered_pricing_minimum_quantity":null,"tiered_pricing_roles_data":[],"tiered_pricing_percentage_rules":[],"_links":{"self":[{"href":"https:\/\/lt-laborhandel.de\/en\/wp-json\/wp\/v2\/product\/22236","targetHints":{"allow":["GET"]}}],"collection":[{"href":"https:\/\/lt-laborhandel.de\/en\/wp-json\/wp\/v2\/product"}],"about":[{"href":"https:\/\/lt-laborhandel.de\/en\/wp-json\/wp\/v2\/types\/product"}],"wp:featuredmedia":[{"embeddable":true,"href":"https:\/\/lt-laborhandel.de\/en\/wp-json\/wp\/v2\/media\/20539"}],"wp:attachment":[{"href":"https:\/\/lt-laborhandel.de\/en\/wp-json\/wp\/v2\/media?parent=22236"}],"wp:term":[{"taxonomy":"product_brand","embeddable":true,"href":"https:\/\/lt-laborhandel.de\/en\/wp-json\/wp\/v2\/product_brand?post=22236"},{"taxonomy":"product_cat","embeddable":true,"href":"https:\/\/lt-laborhandel.de\/en\/wp-json\/wp\/v2\/product_cat?post=22236"},{"taxonomy":"product_tag","embeddable":true,"href":"https:\/\/lt-laborhandel.de\/en\/wp-json\/wp\/v2\/product_tag?post=22236"}],"curies":[{"name":"wp","href":"https:\/\/api.w.org\/{rel}","templated":true}]}}