{"id":21483,"date":"2025-06-10T13:18:51","date_gmt":"2025-06-10T11:18:51","guid":{"rendered":"https:\/\/lt-laborhandel.de\/?post_type=product&#038;p=21483"},"modified":"2026-01-30T21:00:22","modified_gmt":"2026-01-30T20:00:22","slug":"sauter-manueller-shore-pruefstand-ti-acl","status":"publish","type":"product","link":"https:\/\/lt-laborhandel.de\/en\/produkt\/sauter-manueller-shore-pruefstand-ti-acl\/","title":{"rendered":"SAUTER Manueller Shore-Pr\u00fcfstand, TI-ACL"},"content":{"rendered":"<p>SAUTER Manueller Shore-Pr\u00fcfstand, #TI-ACL<\/p>\n<p>Geeignet zur Shore-H\u00e4rtepr\u00fcfung von Kunststoffen, Leder etc.<br \/>\nGlasplatte: Hohe Messgenauigkeit durch die st\u00e4rkere H\u00e4rte der Grundplatte aus Glas<br \/>\nMechanischer Aufbau: Robustes Design erm\u00f6glicht pr\u00e4zise Messbewegungen<br \/>\nNivelliereinrichtung: Zur pr\u00e4zisen Ausrichtung der Grundplatte, z. B. f\u00fcr inhomogene Pr\u00fcfobjekte<br \/>\nH\u00e4rtemessger\u00e4t nicht im Lieferumfang enthalten<br \/>\nBedienung:<br \/>\n1. Das H\u00e4rtepr\u00fcfger\u00e4t SAUTER HDA\/HD0 wird in h\u00e4ngender Position angebracht<br \/>\n2. Das Pr\u00fcfobjekt wird auf den runden Pr\u00fcftisch direkt unter die Messspitze des H\u00e4rtepr\u00fcfger\u00e4ts gelegt<br \/>\n3. Durch Herabdr\u00fccken des Hebels wird das Pr\u00fcfgewicht freigegeben, welches dann mit seinem Gewicht (vgl. Pr\u00fcfkraft H\u00e4rtemessung) die Messspitze in das Pr\u00fcfobjekt eindr\u00fcckt<br \/>\nDie Genauigkeit des Messergebnisses ist mit diesem Pr\u00fcfstand etwa 25 % h\u00f6her als bei einer Handmessung<\/p>\n<p>H\u00e4rteskalen\tShore A<br \/>\nPr\u00fcfkraft H\u00e4rtemessung\t10 N<br \/>\nMaterial Geh\u00e4use\tMetall, lackiert<br \/>\nAbmessungen komplett montiert (B\u00d7T\u00d7H)\t150\u00d7200\u00d7580 mm<br \/>\nTestobjekth\u00f6he [Max]\t290 mm<br \/>\nProduktfamilie\tTI<\/p>\n<p><b>Zubeh\u00f6r und Ersatzteile erhalten Sie gerne auf Anfrage!<\/b><\/p>\n","protected":false},"excerpt":{"rendered":"<p><b>Zubeh\u00f6r- und Ersatzteile erhalten Sie gerne auf Anfrage!<\/b><\/p>\n","protected":false},"featured_media":21484,"template":"","meta":[],"product_brand":[360,363],"product_cat":[354],"product_tag":[],"class_list":{"0":"post-21483","1":"product","2":"type-product","3":"status-publish","4":"has-post-thumbnail","6":"product_brand-kern","7":"product_brand-sauter","8":"product_cat-messinstrumente","9":"product_shipping_class-standard","11":"first","12":"instock","13":"taxable","14":"shipping-taxable","15":"purchasable","16":"product-type-simple"},"tiered_pricing_type":"fixed","tiered_pricing_fixed_rules":[],"tiered_pricing_product_settings":{"layout":"default","base_unit_name":{"singular":null,"plural":null},"default_variation":null},"tiered_pricing_minimum_quantity":null,"tiered_pricing_roles_data":[],"tiered_pricing_percentage_rules":[],"_links":{"self":[{"href":"https:\/\/lt-laborhandel.de\/en\/wp-json\/wp\/v2\/product\/21483","targetHints":{"allow":["GET"]}}],"collection":[{"href":"https:\/\/lt-laborhandel.de\/en\/wp-json\/wp\/v2\/product"}],"about":[{"href":"https:\/\/lt-laborhandel.de\/en\/wp-json\/wp\/v2\/types\/product"}],"wp:featuredmedia":[{"embeddable":true,"href":"https:\/\/lt-laborhandel.de\/en\/wp-json\/wp\/v2\/media\/21484"}],"wp:attachment":[{"href":"https:\/\/lt-laborhandel.de\/en\/wp-json\/wp\/v2\/media?parent=21483"}],"wp:term":[{"taxonomy":"product_brand","embeddable":true,"href":"https:\/\/lt-laborhandel.de\/en\/wp-json\/wp\/v2\/product_brand?post=21483"},{"taxonomy":"product_cat","embeddable":true,"href":"https:\/\/lt-laborhandel.de\/en\/wp-json\/wp\/v2\/product_cat?post=21483"},{"taxonomy":"product_tag","embeddable":true,"href":"https:\/\/lt-laborhandel.de\/en\/wp-json\/wp\/v2\/product_tag?post=21483"}],"curies":[{"name":"wp","href":"https:\/\/api.w.org\/{rel}","templated":true}]}}