{"id":21480,"date":"2025-06-10T13:16:43","date_gmt":"2025-06-10T11:16:43","guid":{"rendered":"https:\/\/lt-laborhandel.de\/?post_type=product&#038;p=21480"},"modified":"2026-01-30T21:00:21","modified_gmt":"2026-01-30T20:00:21","slug":"sauter-digitales-kraftmessgeraet-interne-messzelle-fc-500","status":"publish","type":"product","link":"https:\/\/lt-laborhandel.de\/en\/produkt\/sauter-digitales-kraftmessgeraet-interne-messzelle-fc-500\/","title":{"rendered":"SAUTER Digitales Kraftmessger\u00e4t (interne Messzelle), FC 500"},"content":{"rendered":"<p>SAUTER Digitales Kraftmessger\u00e4t (interne Messzelle), #FC 500<\/p>\n<p>Umkehrbares Display mit Hinterleuchtung<br \/>\nPeak-Hold-Funktion zur Erfassung des Spitzenwerts bzw. Track-Funktion zur kontinuierlichen Messanzeige<br \/>\nMetallgeh\u00e4use f\u00fcr dauerhafte Anwendung in robusten Umgebungsbedingungen<br \/>\nKapazit\u00e4tsanzeige: Ein ansteigendes Leuchtband zeigt den noch verf\u00fcgbaren Messbereich an<br \/>\nMessen mit Toleranzbereich (Grenzwertfunktion): Oberer und unterer Grenzwert einstellbar, zwischen 10 und 100 % von [Max], in Zug- und Druckrichtung. Der Messvorgang wird durch ein akustisches und optisches Signal unterst\u00fctzt<br \/>\nSicherheit: Bei \u00dcberschreitung von Belastungen \u00fcber 110 % des Messbereichs gibt das Ger\u00e4t deutliche akustische und optische Signale ab<br \/>\nInterner Datenspeicher f\u00fcr bis zu 500 Messwerte<br \/>\nDatenschnittstelle USB sowie USB-Schnittstellenkabel serienm\u00e4\u00dfig<br \/>\nW\u00e4hlbar: AUTO-OFF Funktion oder Dauerbetrieb<br \/>\nW\u00e4hlbare Einheiten: N, kgf, ozf, lbf<br \/>\nLieferung im robusten Tragekoffer<br \/>\nStandardaufs\u00e4tze: wie abgebildet, Verl\u00e4ngerungsstange: 90 mm, im Lieferumfang enthalten<br \/>\nMontierbar an alle SAUTER Pr\u00fcfst\u00e4nde bis 5 kN<\/p>\n<p>Messbereich Kraft [Max] (N)\t500 N<br \/>\nAblesbarkeit Kraft [d] (N)\t0,1 N<br \/>\nToleranz (% von [Max])\t0,3%<br \/>\nMesskopf Messfrequenz\t1000 Hz<br \/>\nAnzahl Plattformen \/ Kan\u00e4le\t1<br \/>\nmitgelieferte Stromversorgung\tAkku &#038; Netzteil<br \/>\nSpeicherfunktion<br \/>\nGrenzwertfunktion<br \/>\nHold-Funktion<br \/>\nPeak-Funktion<br \/>\nMaterial Geh\u00e4use\tMetall<br \/>\nAbmessungen komplett montiert (B\u00d7T\u00d7H)\t135\u00d773\u00d734 mm<br \/>\nNettogewicht ca.\t0,45 kg<br \/>\nSchnittstellen\tRS-232 serienm\u00e4\u00dfig, USB-Device<br \/>\nGTIN\/EAN-Nummer\t4045761160873<\/p>\n<p><b>Zubeh\u00f6r und Ersatzteile erhalten Sie gerne auf Anfrage!<\/b><\/p>\n","protected":false},"excerpt":{"rendered":"<p><b>Zubeh\u00f6r- und Ersatzteile erhalten Sie gerne auf Anfrage!<\/b><\/p>\n","protected":false},"featured_media":21481,"template":"","meta":[],"product_brand":[360,363],"product_cat":[354],"product_tag":[],"class_list":{"0":"post-21480","1":"product","2":"type-product","3":"status-publish","4":"has-post-thumbnail","6":"product_brand-kern","7":"product_brand-sauter","8":"product_cat-messinstrumente","9":"product_shipping_class-standard","11":"first","12":"instock","13":"taxable","14":"shipping-taxable","15":"purchasable","16":"product-type-simple"},"tiered_pricing_type":"fixed","tiered_pricing_fixed_rules":[],"tiered_pricing_product_settings":{"layout":"default","base_unit_name":{"singular":null,"plural":null},"default_variation":null},"tiered_pricing_minimum_quantity":null,"tiered_pricing_roles_data":[],"tiered_pricing_percentage_rules":[],"_links":{"self":[{"href":"https:\/\/lt-laborhandel.de\/en\/wp-json\/wp\/v2\/product\/21480","targetHints":{"allow":["GET"]}}],"collection":[{"href":"https:\/\/lt-laborhandel.de\/en\/wp-json\/wp\/v2\/product"}],"about":[{"href":"https:\/\/lt-laborhandel.de\/en\/wp-json\/wp\/v2\/types\/product"}],"wp:featuredmedia":[{"embeddable":true,"href":"https:\/\/lt-laborhandel.de\/en\/wp-json\/wp\/v2\/media\/21481"}],"wp:attachment":[{"href":"https:\/\/lt-laborhandel.de\/en\/wp-json\/wp\/v2\/media?parent=21480"}],"wp:term":[{"taxonomy":"product_brand","embeddable":true,"href":"https:\/\/lt-laborhandel.de\/en\/wp-json\/wp\/v2\/product_brand?post=21480"},{"taxonomy":"product_cat","embeddable":true,"href":"https:\/\/lt-laborhandel.de\/en\/wp-json\/wp\/v2\/product_cat?post=21480"},{"taxonomy":"product_tag","embeddable":true,"href":"https:\/\/lt-laborhandel.de\/en\/wp-json\/wp\/v2\/product_tag?post=21480"}],"curies":[{"name":"wp","href":"https:\/\/api.w.org\/{rel}","templated":true}]}}