{"id":21473,"date":"2025-06-10T13:03:18","date_gmt":"2025-06-10T11:03:18","guid":{"rendered":"https:\/\/lt-laborhandel.de\/?post_type=product&#038;p=21473"},"modified":"2026-01-30T21:00:21","modified_gmt":"2026-01-30T20:00:21","slug":"sauter-leeb-haertepruefgeraet-hmm","status":"publish","type":"product","link":"https:\/\/lt-laborhandel.de\/en\/produkt\/sauter-leeb-haertepruefgeraet-hmm\/","title":{"rendered":"SAUTER Leeb-H\u00e4rtepr\u00fcfger\u00e4t, HMM"},"content":{"rendered":"<p>SAUTER Leeb-H\u00e4rtepr\u00fcfger\u00e4t #HMM<\/p>\n<p>&#8211; R\u00fcckprall-Sensor: Das R\u00fcckprallmodul wird durch eine Feder gegen das Testobjekt geschnellt. Je nach H\u00e4rte des Objekts wird die kinetische Energie des Moduls absorbiert. Die Geschwindigkeitsverminderung wird gemessen<br \/>\n  und in Leeb-H\u00e4rtewerte umgewandelt<br \/>\n&#8211; Externer R\u00fcckprallsensor (Typ D) inklusive<br \/>\n&#8211; Mobilit\u00e4t: Der SAUTER HMM bietet gegen\u00fcber station\u00e4ren Tischger\u00e4ten und H\u00e4rtepr\u00fcfger\u00e4ten mit internem Sensor ein H\u00f6chstma\u00df an Mobilit\u00e4t und Flexibilit\u00e4t<br \/>\n&#8211; Testet in alle Pr\u00fcfrichtungen (360\u00b0) durch eine automatische Kompensierungsfunktion<br \/>\n&#8211; H\u00e4rtevergleichsblock inklusive (790 \u00b1 40 HL)<br \/>\n&#8211; Interner Datenspeicher f\u00fcr bis zu 9 Messwerte<br \/>\n&#8211; Mini-Statistik-Funkion: Zeigt Messwert, Durchschnittswert, Messrichtung, Datum und Uhrzeit an<br \/>\n&#8211; Messwertanzeige: Rockwell (B und C), Vickers (HV), Brinell (HB), Shore (HSD), Leeb (HL), Zugfestigkeit (MPa)<br \/>\n&#8211; Automatische Einheitenumwertung: Das Messergebnis wird automatisch in alle genannten H\u00e4rteeinheiten umgewertet<br \/>\n&#8211; Infrarot-Drucker f\u00fcr die direkte Ausgabe der Messergebnisse im Lieferumfang enthalten<br \/>\n&#8211; Lieferung im robusten Tragekoffer<\/p>\n<p>Messbereich Leeb\t170 \u2013 960<br \/>\nAblesbarkeit H\u00e4rte [d] (Hlx)\t1<br \/>\nToleranz (% von [Max])\t1%<br \/>\nEinheiten\tHL, HV, HB, HRB, HRC, MPa<br \/>\nH\u00e4rteskalen\tHLD<br \/>\nPr\u00fcfobjekt Dicke [Min]\t3 mm<br \/>\nPr\u00fcfobjekt Mindestgewicht [Min]\t2 kg<br \/>\nBatterie\t3\u00d71.5 V AAA<br \/>\nSpeicherfunktion<br \/>\nStatistik-Funktion<br \/>\nMaterial Geh\u00e4use\tKunststoff<br \/>\nMesssonde Durchmesser\t2 cm<br \/>\nMesssonde L\u00e4nge\t14,6 cm<br \/>\nPr\u00fcfblock inklusive<br \/>\nProduktfamilie\tHMM<br \/>\nGTIN\/EAN-Nummer\t4045761139657<\/p>\n<p><b>Zubeh\u00f6r und Ersatzteile erhalten Sie gerne auf Anfrage!<\/b><\/p>\n","protected":false},"excerpt":{"rendered":"<p><b>Zubeh\u00f6r- und Ersatzteile erhalten Sie gerne auf Anfrage!<\/b><\/p>\n","protected":false},"featured_media":21478,"template":"","meta":[],"product_brand":[360,363],"product_cat":[354],"product_tag":[],"class_list":{"0":"post-21473","1":"product","2":"type-product","3":"status-publish","4":"has-post-thumbnail","6":"product_brand-kern","7":"product_brand-sauter","8":"product_cat-messinstrumente","9":"product_shipping_class-standard","11":"first","12":"instock","13":"taxable","14":"shipping-taxable","15":"purchasable","16":"product-type-simple"},"tiered_pricing_type":"fixed","tiered_pricing_fixed_rules":[],"tiered_pricing_product_settings":{"layout":"default","base_unit_name":{"singular":null,"plural":null},"default_variation":null},"tiered_pricing_minimum_quantity":null,"tiered_pricing_roles_data":[],"tiered_pricing_percentage_rules":[],"_links":{"self":[{"href":"https:\/\/lt-laborhandel.de\/en\/wp-json\/wp\/v2\/product\/21473","targetHints":{"allow":["GET"]}}],"collection":[{"href":"https:\/\/lt-laborhandel.de\/en\/wp-json\/wp\/v2\/product"}],"about":[{"href":"https:\/\/lt-laborhandel.de\/en\/wp-json\/wp\/v2\/types\/product"}],"wp:featuredmedia":[{"embeddable":true,"href":"https:\/\/lt-laborhandel.de\/en\/wp-json\/wp\/v2\/media\/21478"}],"wp:attachment":[{"href":"https:\/\/lt-laborhandel.de\/en\/wp-json\/wp\/v2\/media?parent=21473"}],"wp:term":[{"taxonomy":"product_brand","embeddable":true,"href":"https:\/\/lt-laborhandel.de\/en\/wp-json\/wp\/v2\/product_brand?post=21473"},{"taxonomy":"product_cat","embeddable":true,"href":"https:\/\/lt-laborhandel.de\/en\/wp-json\/wp\/v2\/product_cat?post=21473"},{"taxonomy":"product_tag","embeddable":true,"href":"https:\/\/lt-laborhandel.de\/en\/wp-json\/wp\/v2\/product_tag?post=21473"}],"curies":[{"name":"wp","href":"https:\/\/api.w.org\/{rel}","templated":true}]}}