{"id":21472,"date":"2025-06-10T13:03:13","date_gmt":"2025-06-10T11:03:13","guid":{"rendered":"https:\/\/lt-laborhandel.de\/?post_type=product&#038;p=21472"},"modified":"2026-01-30T21:00:21","modified_gmt":"2026-01-30T20:00:21","slug":"sauter-leeb-haertepruefgeraet-hk-db","status":"publish","type":"product","link":"https:\/\/lt-laborhandel.de\/en\/produkt\/sauter-leeb-haertepruefgeraet-hk-db\/","title":{"rendered":"SAUTER Leeb-H\u00e4rtepr\u00fcfger\u00e4t HK-DB"},"content":{"rendered":"<p>SAUTER SAUTER Leeb-H\u00e4rtepr\u00fcfger\u00e4t #HK-DB<\/p>\n<p>Externer R\u00fcckprallsensor serienm\u00e4\u00dfig (Typ D)<br \/>\nMobilit\u00e4t: Der SAUTER HK-DB bietet gegen\u00fcber station\u00e4ren Tischger\u00e4ten und H\u00e4rtepr\u00fcfger\u00e4ten mit internem Sensor ein H\u00f6chstma\u00df an Mobilit\u00e4t und Flexibilit\u00e4t<br \/>\nTestet in alle Pr\u00fcfrichtungen (360\u00b0) durch eine automatische Kompensierungsfunktion<br \/>\nH\u00e4rtevergleichsblock, H\u00e4rte ca. 800 HLD, im Lieferumfang enthalten<br \/>\nMesswertanzeige: Rockwell (Typ A, B, C), Vickers (HV), Shore (HS), Leeb (HL), Brinell (HB)<br \/>\nInterner Datenspeicher f\u00fcr bis zu 600 Messgruppen, mit bis zu 32 Einzelwerten je Gruppe, aus denen der Durchschnittswert der Gruppe gebildet wird<br \/>\nMini-Statistik-Funkion: Zeigt Messwert, Durchschnittswert, Messrichtung, Datum und Uhrzeit an<br \/>\nAutomatische Einheitenumwertung: Das Messergebnis wird automatisch in alle genannten H\u00e4rteeinheiten umgewertet<br \/>\nMessen mit Toleranzbereich (Grenzwertfunktion): Oberer und unterer Grenzwert programmierbar. Der Messvorgang wird durch ein akustisches und optisches Signal unterst\u00fctzt<br \/>\nMatrix-Display: Hinterleuchtete Multifunktionsanzeige, alle relevanten Funktionen auf einen Blick<br \/>\nRobustes Metallgeh\u00e4use<br \/>\nLieferung im robusten Tragekoffer<\/p>\n<p>Messbereich Leeb\t170 \u2013 960<br \/>\nAblesbarkeit H\u00e4rte [d] (Hlx)\t1<br \/>\nToleranz (% von [Max])\t1%<br \/>\nEinheiten\tHL, HV, HB, HRB, HRC<br \/>\nH\u00e4rteskalen\tHLD<br \/>\nPr\u00fcfobjekt Dicke [Min]\t3 mm<br \/>\nPr\u00fcfobjekt Mindestgewicht [Min]\t2 kg<br \/>\nBatterie\t2\u00d71.5 V AA<br \/>\nSpeicherfunktion<br \/>\nStatistik-Funktion<br \/>\nFunktion zur Mittelwertbildung<br \/>\nSchnittstellen\tUSB-Device<br \/>\nMaterial Geh\u00e4use\tAluguss<br \/>\nMesssonde Durchmesser\t2 cm<br \/>\nMesssonde L\u00e4nge\t14,6 cm<br \/>\nPr\u00fcfblock inklusive<br \/>\nProduktfamilie\tHK<br \/>\nGTIN\/EAN-Nummer\t4045761190627<\/p>\n<p><b>Zubeh\u00f6r und Ersatzteile erhalten Sie gerne auf Anfrage!<\/b><\/p>\n","protected":false},"excerpt":{"rendered":"<p><b>Zubeh\u00f6r- und Ersatzteile erhalten Sie gerne auf Anfrage!<\/b><\/p>\n","protected":false},"featured_media":21476,"template":"","meta":[],"product_brand":[360,363],"product_cat":[354],"product_tag":[],"class_list":{"0":"post-21472","1":"product","2":"type-product","3":"status-publish","4":"has-post-thumbnail","6":"product_brand-kern","7":"product_brand-sauter","8":"product_cat-messinstrumente","9":"product_shipping_class-standard","11":"first","12":"instock","13":"taxable","14":"shipping-taxable","15":"purchasable","16":"product-type-simple"},"tiered_pricing_type":"fixed","tiered_pricing_fixed_rules":[],"tiered_pricing_product_settings":{"layout":"default","base_unit_name":{"singular":null,"plural":null},"default_variation":null},"tiered_pricing_minimum_quantity":null,"tiered_pricing_roles_data":[],"tiered_pricing_percentage_rules":[],"_links":{"self":[{"href":"https:\/\/lt-laborhandel.de\/en\/wp-json\/wp\/v2\/product\/21472","targetHints":{"allow":["GET"]}}],"collection":[{"href":"https:\/\/lt-laborhandel.de\/en\/wp-json\/wp\/v2\/product"}],"about":[{"href":"https:\/\/lt-laborhandel.de\/en\/wp-json\/wp\/v2\/types\/product"}],"wp:featuredmedia":[{"embeddable":true,"href":"https:\/\/lt-laborhandel.de\/en\/wp-json\/wp\/v2\/media\/21476"}],"wp:attachment":[{"href":"https:\/\/lt-laborhandel.de\/en\/wp-json\/wp\/v2\/media?parent=21472"}],"wp:term":[{"taxonomy":"product_brand","embeddable":true,"href":"https:\/\/lt-laborhandel.de\/en\/wp-json\/wp\/v2\/product_brand?post=21472"},{"taxonomy":"product_cat","embeddable":true,"href":"https:\/\/lt-laborhandel.de\/en\/wp-json\/wp\/v2\/product_cat?post=21472"},{"taxonomy":"product_tag","embeddable":true,"href":"https:\/\/lt-laborhandel.de\/en\/wp-json\/wp\/v2\/product_tag?post=21472"}],"curies":[{"name":"wp","href":"https:\/\/api.w.org\/{rel}","templated":true}]}}