{"id":21309,"date":"2025-05-15T14:51:44","date_gmt":"2025-05-15T12:51:44","guid":{"rendered":"https:\/\/lt-laborhandel.de\/?post_type=product&#038;p=21309"},"modified":"2026-01-09T21:26:33","modified_gmt":"2026-01-09T20:26:33","slug":"binder-trocken-und-waermeschrank-m260-400v-9010-0373","status":"publish","type":"product","link":"https:\/\/lt-laborhandel.de\/en\/produkt\/binder-trocken-und-waermeschrank-m260-400v-9010-0373\/","title":{"rendered":"Binder Trocken- und W\u00e4rmeschrank M260-400V, #9010-0373"},"content":{"rendered":"<p>Temperaturbereich: +14 \u00b0C \u00fcber Umgebungstemperatur bis +300 \u00b0C<br \/>\nHohe Temperaturgenauigkeit durch APT.line\u2122 Technologie mit verst\u00e4rkter Heizleistung<br \/>\nVerst\u00e4rkter L\u00fcfter mit einstellbarer Drehzahl<br \/>\nElektromechanische Steuerung der Abluftklappe<br \/>\nIntuitiver Touchscreen Controller mit Zeitabschnitt- und Echtzeitprogrammierung<br \/>\n2 verchromte Einschubgitter<br \/>\nTemperaturw\u00e4hlbegrenzer  Klasse 2 (DIN 12880) und Temperaturwahlw\u00e4chter Klasse 3.1 (DIN 12880)  mit optischem\/akustischem Alarm ausw\u00e4hlbar am Controller<br \/>\nFailsafe Funktion &#8211; Backup Sensor Pt 100<br \/>\nComputer-Schnittstelle: Ethernet<br \/>\nInterner Datenlogger, Messwerte im offenen Format \u00fcber USB auslesbar<\/p>\n<p>Mit maximal +300 \u00b0C und vielseitigen Programmierungsm\u00f6glichkeiten eignen sich die Materialpr\u00fcfschr\u00e4nke der Serie M ideal f\u00fcr Materialpr\u00fcfungen und Alterungstests. Der leistungsstarke L\u00fcfter sorgt mit einem hohen Luftdurchsatz f\u00fcr schnelles Aufheizen.<\/p>\n<p>Gr\u00f6\u00dfte Betriebstemperatur:\t300 \u00b0C<br \/>\nRegelbare Parameter (Serie oder Option):\tTemperatur<br \/>\nUmlufttemperierung:\tJa<br \/>\nNettogewicht:\t86 kg<\/p>\n","protected":false},"excerpt":{"rendered":"<p><b>Zubeh\u00f6r- und Ersatzteile erhalten Sie gerne auf Anfrage!<\/b><\/p>\n","protected":false},"featured_media":21318,"template":"","meta":[],"product_brand":[359],"product_cat":[366,210],"product_tag":[],"class_list":{"0":"post-21309","1":"product","2":"type-product","3":"status-publish","4":"has-post-thumbnail","6":"product_brand-binder","7":"product_cat-binder","8":"product_cat-waerme-und-trockenschraenke","9":"product_shipping_class-standard","11":"first","12":"instock","13":"taxable","14":"shipping-taxable","15":"purchasable","16":"product-type-simple"},"tiered_pricing_type":"fixed","tiered_pricing_fixed_rules":[],"tiered_pricing_product_settings":{"layout":"default","base_unit_name":{"singular":null,"plural":null},"default_variation":null},"tiered_pricing_minimum_quantity":null,"tiered_pricing_roles_data":[],"tiered_pricing_percentage_rules":[],"_links":{"self":[{"href":"https:\/\/lt-laborhandel.de\/en\/wp-json\/wp\/v2\/product\/21309","targetHints":{"allow":["GET"]}}],"collection":[{"href":"https:\/\/lt-laborhandel.de\/en\/wp-json\/wp\/v2\/product"}],"about":[{"href":"https:\/\/lt-laborhandel.de\/en\/wp-json\/wp\/v2\/types\/product"}],"wp:featuredmedia":[{"embeddable":true,"href":"https:\/\/lt-laborhandel.de\/en\/wp-json\/wp\/v2\/media\/21318"}],"wp:attachment":[{"href":"https:\/\/lt-laborhandel.de\/en\/wp-json\/wp\/v2\/media?parent=21309"}],"wp:term":[{"taxonomy":"product_brand","embeddable":true,"href":"https:\/\/lt-laborhandel.de\/en\/wp-json\/wp\/v2\/product_brand?post=21309"},{"taxonomy":"product_cat","embeddable":true,"href":"https:\/\/lt-laborhandel.de\/en\/wp-json\/wp\/v2\/product_cat?post=21309"},{"taxonomy":"product_tag","embeddable":true,"href":"https:\/\/lt-laborhandel.de\/en\/wp-json\/wp\/v2\/product_tag?post=21309"}],"curies":[{"name":"wp","href":"https:\/\/api.w.org\/{rel}","templated":true}]}}