{"id":20976,"date":"2025-03-12T11:49:30","date_gmt":"2025-03-12T10:49:30","guid":{"rendered":"https:\/\/lt-laborhandel.de\/?post_type=product&#038;p=20976"},"modified":"2026-01-09T21:26:31","modified_gmt":"2026-01-09T20:26:31","slug":"restek-force-biphenyl-1-8-%c2%b5m-100-x-2-1mm-lc-saeule-9629212","status":"publish","type":"product","link":"https:\/\/lt-laborhandel.de\/en\/produkt\/restek-force-biphenyl-1-8-%c2%b5m-100-x-2-1mm-lc-saeule-9629212\/","title":{"rendered":"Restek Force Biphenyl, 1.8 \u00b5m, 100 x 2.1mm LC-S\u00e4ule, 9629212"},"content":{"rendered":"<p><b>Beschreibung:<\/b><br \/>\nDie Force Performance LC-S\u00e4ulen sind das Ergebnis von mehr als 20 Jahren Erfahrung in der Fl\u00fcssigchromatografie und sie zeichnen sich durch Langlebigkeit und Reproduzierbarkeit aus, selbst unter den Belastungen der UHPLC. Die erstklassige Qualit\u00e4t wird durch unsere 100 %ige Zufriedenheitsgarantie gest\u00fctzt. Und was vielleicht am wichtigsten ist: Force-S\u00e4ulen sind vollst\u00e4ndig skalierbar zwischen 3 oder 5 \u00b5m HPLC und 1.8 \u00b5m UHPLC, so dass Sie Methoden ohne umfangreiche Berechnungen leicht \u00fcbertragen und optimieren k\u00f6nnen. Nutzen Sie Force LC-S\u00e4ulen f\u00fcr alle Ihre HPLC- und UHPLC-Ger\u00e4teplattformen.<\/p>\n<p>Die innovative Biphenyl-Phase ist die beliebteste station\u00e4re Phase von Restek, da sie sich besonders gut f\u00fcr die Trennung von Verbindungen eignet, die schwer aufl\u00f6sbar sind oder auf C18-S\u00e4ulen und anderen Phenylphasen fr\u00fch eluieren. Daher sind Biphenyl-S\u00e4ulen \u00e4u\u00dferst n\u00fctzlich f\u00fcr bioanalytische Testanwendungen wie Arzneimittel- und Metabolitenanalysen, insbesondere f\u00fcr solche, die ein Massenspektrometer (MS) erfordern. Die Erh\u00f6hung der Retention von fr\u00fch eluierenden Verbindungen kann die Ionisierungssuppression begrenzen, und die erh\u00f6hte Selektivit\u00e4t tr\u00e4gt dazu bei, dass keine komplexen mobilen Phasen ben\u00f6tigt werden, die f\u00fcr die MS-Detektion nicht gut geeignet sind.<\/p>\n<p>&#8211; Kategorie der station\u00e4ren Phase: Phenyl (L11)<br \/>\n&#8211; Ligandentyp: Biphenyl<br \/>\n&#8211; Partikel: 1.8 \u00b5m, 3 \u03bcm, oder 5 \u03bcm vollpor\u00f6ses Siliziumdioxid<br \/>\n&#8211; Porenweite: 100 \u00c5<br \/>\n&#8211; Kohlenstoffbeladung: 15 %<br \/>\n&#8211; Endcapping: ja<br \/>\n&#8211; Oberfl\u00e4che: 300 m2\/g<br \/>\n&#8211; Empfohlener Verwendungszweck:<br \/>\n&#8211; pH-Bereich: 2.0\u20138.0<br \/>\n&#8211; Maximale Temperatur: 80 \u00b0C<br \/>\n&#8211; Maximaler Druck: 1034 bar\/15000 psi* (1.8 \u03bcm), 600 bar\/8700 psi (3 \u03bcm); 400 bar\/5800 psi (5 \u03bcm)<\/p>\n<p>* F\u00fcr eine maximale Lebensdauer betr\u00e4gt der empfohlene H\u00f6chstdruck f\u00fcr 1.8 \u03bcm gro\u00dfe Partikel 830 bar\/12000 psi.<\/p>\n<p>Eigenschaften:<br \/>\n&#8211; Erh\u00f6hte Retention f\u00fcr dipolare, unges\u00e4ttigte oder konjugierte gel\u00f6ste Stoffe.<br \/>\n&#8211; Verbesserte Selektivit\u00e4t bei Verwendung mit methanolischer mobiler Phase.<br \/>\n&#8211; Ideal zur Erh\u00f6hung der Empfindlichkeit und Selektivit\u00e4t bei LC-MS-Analysen.<\/p>\n<p>Wechseln Sie zu einer Biphenyl-S\u00e4ule:<br \/>\n&#8211; Wenn Sie eine begrenzte Selektivit\u00e4t auf einer C18-S\u00e4ule bemerken.<br \/>\n&#8211; Wenn Sie die Retention von hydrophilen Aromaten erh\u00f6hen m\u00fcssen.<\/p>\n<p><b>Funktionen und Vorteile:<\/b><br \/>\n&#8211; Ideal f\u00fcr bioanalytische Testanwendungen wie Arzneimittel- und Metabolitenanalysen.<br \/>\n&#8211; Erh\u00f6hte Selektivit\u00e4t und Retention f\u00fcr Verbindungen, die auf C18-S\u00e4ulen und anderen Phenylphasen nur schwer aufl\u00f6sbar sind oder fr\u00fch eluieren.<br \/>\n&#8211; Begrenzt die Ionisierungsunterdr\u00fcckung und erm\u00f6glicht einfache, MS-freundliche mobile Phasen.<br \/>\n&#8211; Die beliebteste station\u00e4re LC-Phase von Restek.<\/p>\n<p><b>Technische Spezifikation:<\/b><br \/>\n&#8211; Katalognummer: 9629212<br \/>\n&#8211; Produktname: Force Biphenyl, 1.8 \u00b5m, 100 x 2.1mm LC-S\u00e4ule<br \/>\n&#8211; Typ der station\u00e4ren Phase: Biphenyl<br \/>\n&#8211; \u00c4hnliche Phasen: Unique<br \/>\n&#8211; Innendurchmesser (ID): 2.1 mm<br \/>\n&#8211; L\u00e4nge: 100 mm<br \/>\n&#8211; Maximaler Druck: 1034 bar\/15000 psi<br \/>\n&#8211; Hinweis: F\u00fcr eine maximale Lebensdauer betr\u00e4gt der empfohlene H\u00f6chstdruck f\u00fcr 1.8 \u03bcm gro\u00dfe Partikel 830 bar\/12000 psi.<br \/>\n&#8211; Partikeltyp: Vollpor\u00f6se Partikel (FPP)<br \/>\n&#8211; Partikelgr\u00f6\u00dfe: 1.8 \u00b5m<br \/>\n&#8211; Oberfl\u00e4che: 300 m2\/g<br \/>\n&#8211; H\u00f6chsttemperatur: 80 \u00b0C<br \/>\n&#8211; Einheiten: 1<\/p>\n","protected":false},"excerpt":{"rendered":"<p><b>Zubeh\u00f6r- und Ersatzteile erhalten Sie gerne auf Anfrage!<\/b><\/p>\n","protected":false},"featured_media":20977,"template":"","meta":[],"product_brand":[362],"product_cat":[350],"product_tag":[],"class_list":{"0":"post-20976","1":"product","2":"type-product","3":"status-publish","4":"has-post-thumbnail","6":"product_brand-restek","7":"product_cat-gaschromatografie","8":"product_shipping_class-standard","10":"first","11":"instock","12":"taxable","13":"shipping-taxable","14":"purchasable","15":"product-type-simple"},"tiered_pricing_type":"fixed","tiered_pricing_fixed_rules":[],"tiered_pricing_product_settings":{"layout":"default","base_unit_name":{"singular":null,"plural":null},"default_variation":null},"tiered_pricing_minimum_quantity":null,"tiered_pricing_roles_data":[],"tiered_pricing_percentage_rules":[],"_links":{"self":[{"href":"https:\/\/lt-laborhandel.de\/en\/wp-json\/wp\/v2\/product\/20976","targetHints":{"allow":["GET"]}}],"collection":[{"href":"https:\/\/lt-laborhandel.de\/en\/wp-json\/wp\/v2\/product"}],"about":[{"href":"https:\/\/lt-laborhandel.de\/en\/wp-json\/wp\/v2\/types\/product"}],"wp:featuredmedia":[{"embeddable":true,"href":"https:\/\/lt-laborhandel.de\/en\/wp-json\/wp\/v2\/media\/20977"}],"wp:attachment":[{"href":"https:\/\/lt-laborhandel.de\/en\/wp-json\/wp\/v2\/media?parent=20976"}],"wp:term":[{"taxonomy":"product_brand","embeddable":true,"href":"https:\/\/lt-laborhandel.de\/en\/wp-json\/wp\/v2\/product_brand?post=20976"},{"taxonomy":"product_cat","embeddable":true,"href":"https:\/\/lt-laborhandel.de\/en\/wp-json\/wp\/v2\/product_cat?post=20976"},{"taxonomy":"product_tag","embeddable":true,"href":"https:\/\/lt-laborhandel.de\/en\/wp-json\/wp\/v2\/product_tag?post=20976"}],"curies":[{"name":"wp","href":"https:\/\/api.w.org\/{rel}","templated":true}]}}