{"id":20973,"date":"2025-03-12T11:46:26","date_gmt":"2025-03-12T10:46:26","guid":{"rendered":"https:\/\/lt-laborhandel.de\/?post_type=product&#038;p=20973"},"modified":"2026-01-09T21:26:31","modified_gmt":"2026-01-09T20:26:31","slug":"restek-ultra-aqueous-c18-3-%c2%b5m-100x2-1-mm-hplc-saeule-9178312","status":"publish","type":"product","link":"https:\/\/lt-laborhandel.de\/en\/produkt\/restek-ultra-aqueous-c18-3-%c2%b5m-100x2-1-mm-hplc-saeule-9178312\/","title":{"rendered":"Restek Ultra Aqueous C18, 3 \u00b5m, 100&#215;2.1 mm HPLC-S\u00e4ule, #9178312"},"content":{"rendered":"<p><b>Beschreibung:<\/b><br \/>\nDie Ultra-Linie repr\u00e4sentiert Resteks gr\u00f6\u00dfte Auswahl an station\u00e4ren Phasen auf einem einzigen Silica-Tr\u00e4ger. Diese S\u00e4ulen bestehen aus hochreinem Typ-B-Silica mit minimaler Aktivit\u00e4t und hoher Belegungsdichte; sie sind f\u00fcr selektive und zuverl\u00e4ssige HPLC-Anwendungen konzipiert.<\/p>\n<p>Die Restek Aqueous C18 ist eine robuste Reversed-Phase-S\u00e4ule mit einem ausgewogenen Retentionsprofil. Sie kann mehr Arten von gel\u00f6sten Stoffen effektiv zur\u00fcckhalten als eine herk\u00f6mmliche C18-S\u00e4ulen und ist ideal f\u00fcr Multikomponenten-LC-MS-Analysen. Die universell einsetzbare Aqueous C18-S\u00e4ule zeichnet sich durch hohe Reproduzierbarkeit und Kompatibilit\u00e4t mit unterschiedlichen Bedingungen f\u00fcr mobile Phasen aus &#8211; sogar mit 100 % w\u00e4ssrigen Phasen. In Verbindung mit einem Gradienten wird das allzu h\u00e4ufige Problem vermieden, dass mehrere Verbindungen nahe der Totzeit der S\u00e4ule eluieren.<\/p>\n<p>&#8211; Kategorie der station\u00e4ren Phase: modifiziertes C18 (L1)<br \/>\n&#8211; Ligandentyp: propriet\u00e4res polar modifiziertes und funktionell gebundenes C18<br \/>\n&#8211; Partikel: 3 \u00b5m oder 5 \u00b5m, sph\u00e4risch<br \/>\n&#8211; Porenweite: 100 \u00c5<br \/>\n&#8211; Kohlenstoffbeladung: 15 %<br \/>\n&#8211; Endcapping: nein<br \/>\n&#8211; Oberfl\u00e4che: 300 m2\/g<br \/>\n&#8211; pH-Bereich: 2.5 bis 8<br \/>\n&#8211; Maximale Temperatur: 80 \u00b0C<\/p>\n<p><b>Technische Spezifikation:<\/b><br \/>\n&#8211; Katalognummer: 9178312<br \/>\n&#8211; Produktname: Ultra Aqueous C18, 3 \u00b5m, 100&#215;2.1 mm HPLC-S\u00e4ule<br \/>\n&#8211; Typ der station\u00e4ren Phase: C18<br \/>\n&#8211; \u00c4hnliche Phasen: Phenomenex AQUA C18 \u2022 Thermo Fisher Scientific Aquasil C18, Hypersil Gold AQ \u2022 YMC YMC ODS-Aq<br \/>\n&#8211; Innendurchmesser (ID): 2.1 mm<br \/>\n&#8211; L\u00e4nge: 100 mm<br \/>\n&#8211; Partikeltyp: Vollpor\u00f6se Partikel (FPP)<br \/>\n&#8211; Partikelgr\u00f6\u00dfe: 3 \u00b5m<br \/>\n&#8211; Oberfl\u00e4che: 300 m\u00b2\/g<br \/>\n&#8211; H\u00f6chsttemperatur: 80 \u00b0C<br \/>\n&#8211; Einheiten: 1<\/p>\n","protected":false},"excerpt":{"rendered":"<p><b>Zubeh\u00f6r- und Ersatzteile erhalten Sie gerne auf Anfrage!<\/b><\/p>\n","protected":false},"featured_media":20974,"template":"","meta":[],"product_brand":[362],"product_cat":[350],"product_tag":[],"class_list":{"0":"post-20973","1":"product","2":"type-product","3":"status-publish","4":"has-post-thumbnail","6":"product_brand-restek","7":"product_cat-gaschromatografie","8":"product_shipping_class-standard","10":"first","11":"instock","12":"taxable","13":"shipping-taxable","14":"purchasable","15":"product-type-simple"},"tiered_pricing_type":"fixed","tiered_pricing_fixed_rules":[],"tiered_pricing_product_settings":{"layout":"default","base_unit_name":{"singular":null,"plural":null},"default_variation":null},"tiered_pricing_minimum_quantity":null,"tiered_pricing_roles_data":[],"tiered_pricing_percentage_rules":[],"_links":{"self":[{"href":"https:\/\/lt-laborhandel.de\/en\/wp-json\/wp\/v2\/product\/20973","targetHints":{"allow":["GET"]}}],"collection":[{"href":"https:\/\/lt-laborhandel.de\/en\/wp-json\/wp\/v2\/product"}],"about":[{"href":"https:\/\/lt-laborhandel.de\/en\/wp-json\/wp\/v2\/types\/product"}],"wp:featuredmedia":[{"embeddable":true,"href":"https:\/\/lt-laborhandel.de\/en\/wp-json\/wp\/v2\/media\/20974"}],"wp:attachment":[{"href":"https:\/\/lt-laborhandel.de\/en\/wp-json\/wp\/v2\/media?parent=20973"}],"wp:term":[{"taxonomy":"product_brand","embeddable":true,"href":"https:\/\/lt-laborhandel.de\/en\/wp-json\/wp\/v2\/product_brand?post=20973"},{"taxonomy":"product_cat","embeddable":true,"href":"https:\/\/lt-laborhandel.de\/en\/wp-json\/wp\/v2\/product_cat?post=20973"},{"taxonomy":"product_tag","embeddable":true,"href":"https:\/\/lt-laborhandel.de\/en\/wp-json\/wp\/v2\/product_tag?post=20973"}],"curies":[{"name":"wp","href":"https:\/\/api.w.org\/{rel}","templated":true}]}}