{"id":20970,"date":"2025-03-12T11:36:38","date_gmt":"2025-03-12T10:36:38","guid":{"rendered":"https:\/\/lt-laborhandel.de\/?post_type=product&#038;p=20970"},"modified":"2026-01-09T21:26:31","modified_gmt":"2026-01-09T20:26:31","slug":"restek-allure-silica-5-%c2%b5m-60-a-250-x-2-1-mm-hplc-saeule-9160572","status":"publish","type":"product","link":"https:\/\/lt-laborhandel.de\/en\/produkt\/restek-allure-silica-5-%c2%b5m-60-a-250-x-2-1-mm-hplc-saeule-9160572\/","title":{"rendered":"Restek Allure Silica, 5 \u00b5m, 60 A, 250 x 2.1 mm HPLC-S\u00e4ule, #9160572"},"content":{"rendered":"<p><b>Beschreibung:<\/b><br \/>\n&#8211; Partikel: 5 \u03bcm, sph\u00e4risch<br \/>\n&#8211; Porenweite: 60 \u00c5<br \/>\n&#8211; Kohlenstoffbeladung: n\/a<br \/>\n&#8211; Endcapping:n\/a<br \/>\n&#8211; Oberfl\u00e4che: 450 m2\/g<br \/>\n&#8211; pH-Bereich: 2.5 bis 8<br \/>\n&#8211; Maximale Temperatur: 80 \u00b0C<\/p>\n<p><b>Funktionen &#038; Vorteile:<\/b><br \/>\nHochretentive Phase f\u00fcr Normalphasentrennungen. Silica Typ B-Packung mit sehr gro\u00dfer Oberfl\u00e4che.<\/p>\n<p><b>Technische Spezifikation:<\/b><br \/>\n&#8211; Katalognummer: 9160572<br \/>\n&#8211; Produktname: Allure Silica, 5 \u00b5m, 60 A, 250 x 2.1 mm HPLC-S\u00e4ule<br \/>\n&#8211; Typ der station\u00e4ren Phase: Kiesels\u00e4ure, Siliziumdioxid<br \/>\n&#8211; \u00c4hnliche Phasen: Phenomenex LiChrospher Si-60 (irregularly shaped particle), Maxsil Si (irregularly shaped particle)<br \/>\n&#8211; Innendurchmesser (ID): 2.1 mm<br \/>\n&#8211; L\u00e4nge: 250 mm<br \/>\n&#8211; Hinweis: Ideal f\u00fcr MOSH\/MOAH-Analysen nach EN 16995. F\u00fcr Kompatibilit\u00e4t mit Axel Semrau und anderen automatisierten Systemen, f\u00fcgen Sie das Niveau 3 Trident-S\u00e4ulenschutzsystem und die Allure Silica-Schutzkartusche<br \/>\n  hinzu.<br \/>\n&#8211; Partikeltyp: Vollpor\u00f6se Partikel (FPP)<br \/>\n&#8211; Partikelgr\u00f6\u00dfe: 5 \u00b5m<br \/>\n&#8211; Oberfl\u00e4che: 450 m2\/g<br \/>\n&#8211; H\u00f6chsttemperatur: 80 \u00b0C<br \/>\n&#8211; Einheiten: 1<\/p>\n","protected":false},"excerpt":{"rendered":"<p><b>Zubeh\u00f6r- und Ersatzteile erhalten Sie gerne auf Anfrage!<\/b><\/p>\n","protected":false},"featured_media":20971,"template":"","meta":[],"product_brand":[362],"product_cat":[350],"product_tag":[],"class_list":{"0":"post-20970","1":"product","2":"type-product","3":"status-publish","4":"has-post-thumbnail","6":"product_brand-restek","7":"product_cat-gaschromatografie","8":"product_shipping_class-standard","10":"first","11":"instock","12":"taxable","13":"shipping-taxable","14":"purchasable","15":"product-type-simple"},"tiered_pricing_type":"fixed","tiered_pricing_fixed_rules":[],"tiered_pricing_product_settings":{"layout":"default","base_unit_name":{"singular":null,"plural":null},"default_variation":null},"tiered_pricing_minimum_quantity":null,"tiered_pricing_roles_data":[],"tiered_pricing_percentage_rules":[],"_links":{"self":[{"href":"https:\/\/lt-laborhandel.de\/en\/wp-json\/wp\/v2\/product\/20970","targetHints":{"allow":["GET"]}}],"collection":[{"href":"https:\/\/lt-laborhandel.de\/en\/wp-json\/wp\/v2\/product"}],"about":[{"href":"https:\/\/lt-laborhandel.de\/en\/wp-json\/wp\/v2\/types\/product"}],"wp:featuredmedia":[{"embeddable":true,"href":"https:\/\/lt-laborhandel.de\/en\/wp-json\/wp\/v2\/media\/20971"}],"wp:attachment":[{"href":"https:\/\/lt-laborhandel.de\/en\/wp-json\/wp\/v2\/media?parent=20970"}],"wp:term":[{"taxonomy":"product_brand","embeddable":true,"href":"https:\/\/lt-laborhandel.de\/en\/wp-json\/wp\/v2\/product_brand?post=20970"},{"taxonomy":"product_cat","embeddable":true,"href":"https:\/\/lt-laborhandel.de\/en\/wp-json\/wp\/v2\/product_cat?post=20970"},{"taxonomy":"product_tag","embeddable":true,"href":"https:\/\/lt-laborhandel.de\/en\/wp-json\/wp\/v2\/product_tag?post=20970"}],"curies":[{"name":"wp","href":"https:\/\/api.w.org\/{rel}","templated":true}]}}