{"id":20967,"date":"2025-03-12T11:33:52","date_gmt":"2025-03-12T10:33:52","guid":{"rendered":"https:\/\/lt-laborhandel.de\/?post_type=product&#038;p=20967"},"modified":"2026-01-09T21:26:29","modified_gmt":"2026-01-09T20:26:29","slug":"restek-mxt-1-gc-metallkapillarsaeule-15-m-0-25-mm-id-0-25-%c2%b5m-70120","status":"publish","type":"product","link":"https:\/\/lt-laborhandel.de\/en\/produkt\/restek-mxt-1-gc-metallkapillarsaeule-15-m-0-25-mm-id-0-25-%c2%b5m-70120\/","title":{"rendered":"Restek MXT-1 GC Metallkapillars\u00e4ule, 15 m, 0.25 mm ID, 0.25 \u00b5m, #70120"},"content":{"rendered":"<p><b>Beschreibung:<\/b><br \/>\nMXT-1-S\u00e4ulen zeichnen sich durch eine lange Lebensdauer und sehr geringes S\u00e4ulenbluten bei hohen Betriebstemperaturen aus. Ein propriet\u00e4res Syntheseverfahren eliminiert restliche Katalysatoren, die eine Zersetzung verursachen und das S\u00e4ulenbluten verst\u00e4rken k\u00f6nnten.<\/p>\n<p><b>Funktionen &#038; Vorteile:<\/b><br \/>\n&#8211; Allzwecks\u00e4ulen f\u00fcr L\u00f6semittelverunreinigungen, PCB-Kongenere (z. B. Aroclor-Gemische), Gase, Odoriermittel f\u00fcr Erdgas, Schwefelverbindungen, \u00e4therische \u00d6le, Kohlenwasserstoffe, halbfl\u00fcchtige Stoffe, Pestizide und<br \/>\n  Sauerstoffverbindungen.<br \/>\n&#8211; \u00c4quivalent zu USP G1, G2, G9, G38 Phasen.<br \/>\n&#8211; 4.5 Zoll Standard-Spulendurchmesser.<br \/>\n&#8211; Temperaturbereich: -60 bis 430 \u00b0C*<\/p>\n<p>*Die maximale Temperatur variiert je nach Art.-Nr.; siehe s\u00e4ulenspezifische Temperaturen.<\/p>\n<p><b>Technische Spezifikation:<\/b><br \/>\n&#8211; Katalognummer: 70120<br \/>\n&#8211; Produktname: MXT-1 GC Metallkapillars\u00e4ule, 15 m, 0.25 mm ID, 0.25 \u00b5m<br \/>\n&#8211; Typ der station\u00e4ren Phase: MXT-1<br \/>\n&#8211; \u00c4hnliche Phasen: Agilent DB-PS1 \u2022 Quadrex UAC-1, UAC-1MS<br \/>\n&#8211; df (Filmdicke): 0.25 \u00b5m<br \/>\n&#8211; Innendurchmesser (ID): 0.25 mm<br \/>\n&#8211; L\u00e4nge: 15 m<br \/>\n&#8211; Phase: unpolare Phase; Quervernetztes Dimethylpolysiloxan<br \/>\n&#8211; Temperaturgrenzen: -60 bis 360\/430 \u00b0C<br \/>\n&#8211; Einheiten: 1<\/p>\n","protected":false},"excerpt":{"rendered":"<p><b>Zubeh\u00f6r- und Ersatzteile erhalten Sie gerne auf Anfrage!<\/b><\/p>\n","protected":false},"featured_media":20968,"template":"","meta":[],"product_brand":[362],"product_cat":[350],"product_tag":[],"class_list":{"0":"post-20967","1":"product","2":"type-product","3":"status-publish","4":"has-post-thumbnail","6":"product_brand-restek","7":"product_cat-gaschromatografie","8":"product_shipping_class-standard","10":"first","11":"instock","12":"taxable","13":"shipping-taxable","14":"purchasable","15":"product-type-simple"},"tiered_pricing_type":"fixed","tiered_pricing_fixed_rules":[],"tiered_pricing_product_settings":{"layout":"default","base_unit_name":{"singular":null,"plural":null},"default_variation":null},"tiered_pricing_minimum_quantity":null,"tiered_pricing_roles_data":[],"tiered_pricing_percentage_rules":[],"_links":{"self":[{"href":"https:\/\/lt-laborhandel.de\/en\/wp-json\/wp\/v2\/product\/20967","targetHints":{"allow":["GET"]}}],"collection":[{"href":"https:\/\/lt-laborhandel.de\/en\/wp-json\/wp\/v2\/product"}],"about":[{"href":"https:\/\/lt-laborhandel.de\/en\/wp-json\/wp\/v2\/types\/product"}],"wp:featuredmedia":[{"embeddable":true,"href":"https:\/\/lt-laborhandel.de\/en\/wp-json\/wp\/v2\/media\/20968"}],"wp:attachment":[{"href":"https:\/\/lt-laborhandel.de\/en\/wp-json\/wp\/v2\/media?parent=20967"}],"wp:term":[{"taxonomy":"product_brand","embeddable":true,"href":"https:\/\/lt-laborhandel.de\/en\/wp-json\/wp\/v2\/product_brand?post=20967"},{"taxonomy":"product_cat","embeddable":true,"href":"https:\/\/lt-laborhandel.de\/en\/wp-json\/wp\/v2\/product_cat?post=20967"},{"taxonomy":"product_tag","embeddable":true,"href":"https:\/\/lt-laborhandel.de\/en\/wp-json\/wp\/v2\/product_tag?post=20967"}],"curies":[{"name":"wp","href":"https:\/\/api.w.org\/{rel}","templated":true}]}}