{"id":20963,"date":"2025-03-12T11:24:21","date_gmt":"2025-03-12T10:24:21","guid":{"rendered":"https:\/\/lt-laborhandel.de\/?post_type=product&#038;p=20963"},"modified":"2026-01-09T21:26:29","modified_gmt":"2026-01-09T20:26:29","slug":"restek-rxi-pah-gc-kapillarsaeule-40-m-0-18-mm-id-0-07-%c2%b5m-49316","status":"publish","type":"product","link":"https:\/\/lt-laborhandel.de\/en\/produkt\/restek-rxi-pah-gc-kapillarsaeule-40-m-0-18-mm-id-0-07-%c2%b5m-49316\/","title":{"rendered":"Restek Rxi-PAH GC Kapillars\u00e4ule, 40 m, 0.18 mm ID, 0.07 \u00b5m, #49316"},"content":{"rendered":"<p><b>Beschreibung:<\/b><br \/>\nDie Rxi-PAH GC S\u00e4ulen wurden von Restek mit einer station\u00e4ren Phase mit h\u00f6herem Phenylgehalt entwickelt, die eine einzigartige Selektivit\u00e4t zur Trennung wichtiger polyzyklischer aromatischer Kohlenwasserstoffe (PAH) f\u00fcr die Lebensmittelsicherheit bietet, die nicht durch Massenspektrometrie unterschieden werden k\u00f6nnen. Selbst schwierige vorrangige Verbindungen wie PAH4 der Europ\u00e4ischen Beh\u00f6rde f\u00fcr Lebensmittelsicherheit (EFSA) lassen sich leicht trennen und genau quantifizieren &#8211; Ergebnisse, die mit herk\u00f6mmlichen GC S\u00e4ulen nicht erzielt werden k\u00f6nnen. Die Arylenmodifikation und die Oberfl\u00e4chenbindung der station\u00e4ren Phase erh\u00f6hen die thermische Stabilit\u00e4t und Robustheit, so dass relativ schwerfl\u00fcchtige PAHs mit h\u00f6herem Molekulargewicht routinem\u00e4\u00dfig analysiert werden k\u00f6nnen, ohne dass es zu St\u00f6rungen durch S\u00e4ulenbluten kommt. Die ausgezeichnete S\u00e4uleneffizienz bedeutet, dass die S\u00e4ule zu Wartungszwecken viele Male getrimmt werden kann, ohne dass kritische PAH-Trennungen verloren gehen, einschlie\u00dflich solcher, die Teil von Umweltmethoden sind, sowie Lebensmittelsicherheitstests. Aufgrund ihrer Selektivit\u00e4t und Effizienz ist die Rxi-PAH S\u00e4ule ideal f\u00fcr die PAH4-Analyse der EFSA geeignet; die Trennung von Chrysen\/Triphenylen und die Aufl\u00f6sung aller Benzofluoranthene ist problemlos m\u00f6glich.<\/p>\n<p>Art.-Nr.: Beschreibung<br \/>\n49316: Enger Innendurchmesser, d\u00fcnnerer Film, schnellere Analyse, hervorragende Trennung wichtiger PAHs, geringere Probenkapazit\u00e4t<br \/>\n49317: 0.25 mm Innendurchmesser, bessere Probenkapazit\u00e4t, h\u00f6chste Aufl\u00f6sung wichtiger PAHs, l\u00e4ngere Analyse als 0.18 mm S\u00e4ule, d\u00fcnner Film erm\u00f6glicht Elution von Dibenzopyrenen<br \/>\n49318: 0.25 mm Innendurchmesser, bessere Probenkapazit\u00e4t, schnellere Analysezeit als 60 m-S\u00e4ule, ausreichende Aufl\u00f6sung wichtiger PAHs, kosteng\u00fcnstigere S\u00e4ule<\/p>\n<p><b>Funktionen &#038; Vorteile:<\/b><br \/>\n&#8211; Ideal f\u00fcr die EFSA PAH4-Analyse &#8211; trennt alle priorit\u00e4ren Verbindungen: Benz[a]anthracen, Chrysen, Benzo[b]fluoranthen und Benzo[a]pyren.<br \/>\n&#8211; Beste Trennung von Chrysen von st\u00f6renden PAHs, Triphenylen und Cyclopenta[cd]pyren.<br \/>\n&#8211; Vollst\u00e4ndige Trennung von Benzo[b]-, [k]-, [j]- und [a]-Fluoranthen.<br \/>\n&#8211; Die thermische Stabilit\u00e4t von 40 bis 360 \u00b0C erm\u00f6glicht die Analyse von schwerfl\u00fcchtigen Dibenzopyrenen.<\/p>\n<p><b>Technische Spezifikation:<\/b><br \/>\n&#8211; Katalognummer: 49316<br \/>\n&#8211; Produktname: Rxi-PAH GC Kapillars\u00e4ule, 40 m, 0.18 mm ID, 0.07 \u00b5m<br \/>\n&#8211; Typ der station\u00e4ren Phase: Rxi-PAH<br \/>\n&#8211; df (Filmdicke): 0.07 \u00b5m<br \/>\n&#8211; Innendurchmesser (ID): 0.18 mm<br \/>\n&#8211; L\u00e4nge: 40 m<br \/>\n&#8211; Phase: propriet\u00e4re Phase mittlerer Polarit\u00e4t<br \/>\n&#8211; Temperaturgrenzen: 40 bis 350\/360 \u00b0C<br \/>\n&#8211; Einheiten: 1<\/p>\n","protected":false},"excerpt":{"rendered":"<p><b>Zubeh\u00f6r- und Ersatzteile erhalten Sie gerne auf Anfrage!<\/b><\/p>\n","protected":false},"featured_media":20902,"template":"","meta":[],"product_brand":[362],"product_cat":[350],"product_tag":[],"class_list":{"0":"post-20963","1":"product","2":"type-product","3":"status-publish","4":"has-post-thumbnail","6":"product_brand-restek","7":"product_cat-gaschromatografie","8":"product_shipping_class-standard","10":"first","11":"instock","12":"taxable","13":"shipping-taxable","14":"purchasable","15":"product-type-simple"},"tiered_pricing_type":"fixed","tiered_pricing_fixed_rules":[],"tiered_pricing_product_settings":{"layout":"default","base_unit_name":{"singular":null,"plural":null},"default_variation":null},"tiered_pricing_minimum_quantity":null,"tiered_pricing_roles_data":[],"tiered_pricing_percentage_rules":[],"_links":{"self":[{"href":"https:\/\/lt-laborhandel.de\/en\/wp-json\/wp\/v2\/product\/20963","targetHints":{"allow":["GET"]}}],"collection":[{"href":"https:\/\/lt-laborhandel.de\/en\/wp-json\/wp\/v2\/product"}],"about":[{"href":"https:\/\/lt-laborhandel.de\/en\/wp-json\/wp\/v2\/types\/product"}],"wp:featuredmedia":[{"embeddable":true,"href":"https:\/\/lt-laborhandel.de\/en\/wp-json\/wp\/v2\/media\/20902"}],"wp:attachment":[{"href":"https:\/\/lt-laborhandel.de\/en\/wp-json\/wp\/v2\/media?parent=20963"}],"wp:term":[{"taxonomy":"product_brand","embeddable":true,"href":"https:\/\/lt-laborhandel.de\/en\/wp-json\/wp\/v2\/product_brand?post=20963"},{"taxonomy":"product_cat","embeddable":true,"href":"https:\/\/lt-laborhandel.de\/en\/wp-json\/wp\/v2\/product_cat?post=20963"},{"taxonomy":"product_tag","embeddable":true,"href":"https:\/\/lt-laborhandel.de\/en\/wp-json\/wp\/v2\/product_tag?post=20963"}],"curies":[{"name":"wp","href":"https:\/\/api.w.org\/{rel}","templated":true}]}}