{"id":20960,"date":"2025-03-12T10:56:43","date_gmt":"2025-03-12T09:56:43","guid":{"rendered":"https:\/\/lt-laborhandel.de\/?post_type=product&#038;p=20960"},"modified":"2026-01-09T21:26:29","modified_gmt":"2026-01-09T20:26:29","slug":"restek-duftstoff-allergen-standards-kit-33105","status":"publish","type":"product","link":"https:\/\/lt-laborhandel.de\/en\/produkt\/restek-duftstoff-allergen-standards-kit-33105\/","title":{"rendered":"Restek Duftstoff-Allergen-Standards-Kit, 33105"},"content":{"rendered":"<p><b>Beschreibung:<\/b><br \/>\nZum Schutz von Verbrauchern mit Allergien schreibt die 7. Erg\u00e4nzung der europ\u00e4ischen Kosmetikrichtlinie vor, dass kosmetische Fertigerzeugnisse und K\u00f6rperpflegeprodukte angeben m\u00fcssen, ob sie \u00fcberm\u00e4\u00dfige Mengen eines Allergens aus einer Liste von 26 Verbindungen enthalten. Von diesen 26 Verbindungen sind 24 fl\u00fcchtige Chemikalien, die durch GC-MS-Analyse bestimmt werden k\u00f6nnen, und Version 3 der von der International Fragrance Association (IFRA) beschriebenen Methode erf\u00fcllt genau diesen Zweck.<\/p>\n<p>Dieses speziell formulierte Referenzstandard-Kit \u00fcbertrifft die Reinheitsanforderungen der IFRA und enth\u00e4lt alle 24 von der EU definierten Duftstoffallergene, die mit GC-MS nachgewiesen werden k\u00f6nnen, sowie sieben weitere potenzielle Allergene. Bei der Analyse auf einer Rxi-17-S\u00e4ule von Restek nach der IFRA-Methode werden alle gew\u00fcnschten Verbindungen und Isomere klar und ohne Koelutionen aufgel\u00f6st. Dieses zeitsparende Gemisch ist au\u00dferdem unglaublich robust und \u00fcber eineinhalb Jahre haltbar, so dass Sie einen bereits hergestellten Standard vorr\u00e4tig halten k\u00f6nnen, anstatt f\u00fcr jede Analyse eine neue Charge zu erstellen.<\/p>\n<p>Ganz gleich, ob Sie Duftstoffe in Europa herstellen, an europ\u00e4ische Verbraucher verkaufen oder einfach nur auf Allergene in Ihren Produkten testen m\u00f6chten, w\u00e4hlen Sie das Referenzstandardgemisch, das Ihnen hilft, die IFRA-Methodik in einer praktischen, langlebigen Formulierung zu befolgen.<\/p>\n<p>Dieses Kit enth\u00e4lt je eine Ampulle (in Methyl tert-butylether) der folgenden.<\/p>\n<p><b>33100: MTBE Solvent Blank\u2020\u2020<\/b><br \/>\nmethyl tert-butyl ether (MTBE) (1634-04-4), Neat<\/p>\n<p><b>33101: 1-Fluoronaphthalene (Internal Standard)\u2020\u2020<\/b><br \/>\n1-fluoronaphthalene (321-38-0), 20 \u00b5g\/mL<\/p>\n<p><b>33102: Fragrance Allergen Standard A (Includes Internal Standard)\u2020\u2020<\/b><br \/>\n\u03b1-amylcinnamaldehyde*\u2020 (122-40-7), 400 \u00b5g\/mL<br \/>\ncinnamal* (104-55-2), 400 \u00b5g\/mL<br \/>\ncitral*\u2020 (5392-40-5), 400 \u00b5g\/mL<br \/>\n3,7-dimethyl-7-hydroxyoctanal* (107-75-5), 400 \u00b5g\/mL<br \/>\n1-fluoronaphthalene (321-38-0), 20 \u00b5g\/mL<br \/>\n\u03b1-hexylcinnamaldehyde*\u2020 (101-86-0), 400 \u00b5g\/mL<br \/>\nlilial* (80-54-6), 400 \u00b5g\/mL<br \/>\nlyral*\u2020 (31906-04-4), 400 \u00b5g\/mL<br \/>\nphenylacetaldehyde** (122-78-1), 400 \u00b5g\/mL<\/p>\n<p><b>33103: Fragrance Allergen Standard B (Includes Internal Standard)\u2020\u2020<\/b><br \/>\n\u03b1-amylcinnamic alcohol*\u2020 (101-85-9), 400 \u00b5g\/mL<br \/>\nbenzyl alcohol* (100-51-6), 400 \u00b5g\/mL<br \/>\ncinnamyl alcohol* (104-54-1), 400 \u00b5g\/mL<br \/>\ncitronellol* (106-22-9), 400 \u00b5g\/mL<br \/>\neugenol* (97-53-0), 400 \u00b5g\/mL<br \/>\nfarnesol*\u2020 (4602-84-0), 400 \u00b5g\/mL<br \/>\n1-fluoronaphthalene (321-38-0), 20 \u00b5g\/mL<br \/>\ngeraniol* (106-24-1), 400 \u00b5g\/mL<br \/>\nisoeugenol* (97-54-1), 400 \u00b5g\/mL<br \/>\nlinalool* (78-70-6), 400 \u00b5g\/mL<br \/>\n4-methoxybenzyl alcohol* (105-13-5), 400 \u00b5g\/mL<br \/>\nmethyl eugenol** (93-15-2), 400 \u00b5g\/mL<\/p>\n<p><b>33104: Fragrance Allergen Standard C (Includes Internal Standard)\u2020\u2020<\/b><br \/>\n4-allylanisole** (140-67-0), 400 \u00b5g\/mL<br \/>\nbenzyl benzoate* (120-51-4), 400 \u00b5g\/mL<br \/>\nbenzyl cinnamate* (103-41-3), 400 \u00b5g\/mL<br \/>\nbenzyl salicylate* (118-58-1), 400 \u00b5g\/mL<br \/>\ncamphor** (76-22-2), 400 \u00b5g\/mL<br \/>\n1,8-cineole** (470-82-6), 400 \u00b5g\/mL<br \/>\ncoumarin* (91-64-5), 400 \u00b5g\/mL<br \/>\n1-fluoronaphthalene (321-38-0), 20 \u00b5g\/mL<br \/>\nd-limonene* (5989-27-5), 400 \u00b5g\/mL<br \/>\niso-\u03b1-methylionone* (127-51-5), 400 \u00b5g\/mL<br \/>\nmethyl 2-nonynoate** (111-80-8), 400 \u00b5g\/mL<br \/>\nmethyl 2-octynoate* (111-12-6), 400 \u00b5g\/mL<br \/>\nsafrole** (94-59-7), 400 \u00b5g\/mL<\/p>\n<p>To view and download safety data sheets (SDS) and certificates of analysis (CofA) for recently produced lots, visit www.restek.com\/documentation-search and then enter the cat.# for each ampul.<\/p>\n<p>*Compound listed in 7th Amendment to the European Cosmetics Directive.<br \/>\n**Additional potential allergens included in this formulation.<br \/>\n\u2020Compounds defined as two isomers resulting in two chromatographic peaks.<br \/>\n\u2020\u2020Components of the Fragrance Allergen Standards Kit are not available for individual sale.<\/p>\n<p><b>Funktionen und Vorteile:<\/b><br \/>\n&#8211; Zur vollst\u00e4ndigen Trennung von 31 Duftstoffallergenen durch eine einzige Analyse auf einer Rxi-17 S\u00e4ule.<br \/>\n&#8211; Ideal f\u00fcr GC-MS-Analysen nach der IFRA-Methode.<br \/>\n&#8211; Hilft Ihnen, die in der Europ\u00e4ischen Kosmetikrichtlinie festgelegten EU-Anforderungen zu erf\u00fcllen.<br \/>\n&#8211; Alle enthaltenen Komponenten haben eine Konzentration von 400 ppm, was eine Verd\u00fcnnung f\u00fcr Kalibrierungskurven und die Verwendung mit verschiedenen L\u00f6semitteln erm\u00f6glicht.<br \/>\n&#8211; \u00dcbertrifft die in der IFRA-Methode festgelegten Reinheitsanforderungen.<\/p>\n<p><b>Technische Spezifikationen:<\/b><br \/>\n&#8211; Katalognummer: 33105<br \/>\n&#8211; Produktname: Duftstoff-Allergen-Standards-Kit<br \/>\n&#8211; Zertifiziertes Referenzmaterial (CRM): Ja<br \/>\n&#8211; Maximale Haltbarkeit am Versanddatum (Monate): 18<br \/>\n&#8211; Mindesthaltbarkeit am Versanddatum (Monate): 6<br \/>\n&#8211; Versandbedingungen: Umgebungstemperatur<br \/>\n&#8211; Lagertemperatur: 0 \u00b0C oder k\u00e4lter<br \/>\n&#8211; Einheiten: Kit<\/p>\n","protected":false},"excerpt":{"rendered":"<p><b>Zubeh\u00f6r- und Ersatzteile erhalten Sie gerne auf Anfrage!<\/b><\/p>\n","protected":false},"featured_media":20961,"template":"","meta":[],"product_brand":[362],"product_cat":[350],"product_tag":[],"class_list":{"0":"post-20960","1":"product","2":"type-product","3":"status-publish","4":"has-post-thumbnail","6":"product_brand-restek","7":"product_cat-gaschromatografie","8":"product_shipping_class-standard","10":"first","11":"instock","12":"taxable","13":"shipping-taxable","14":"purchasable","15":"product-type-simple"},"tiered_pricing_type":"fixed","tiered_pricing_fixed_rules":[],"tiered_pricing_product_settings":{"layout":"default","base_unit_name":{"singular":null,"plural":null},"default_variation":null},"tiered_pricing_minimum_quantity":null,"tiered_pricing_roles_data":[],"tiered_pricing_percentage_rules":[],"_links":{"self":[{"href":"https:\/\/lt-laborhandel.de\/en\/wp-json\/wp\/v2\/product\/20960","targetHints":{"allow":["GET"]}}],"collection":[{"href":"https:\/\/lt-laborhandel.de\/en\/wp-json\/wp\/v2\/product"}],"about":[{"href":"https:\/\/lt-laborhandel.de\/en\/wp-json\/wp\/v2\/types\/product"}],"wp:featuredmedia":[{"embeddable":true,"href":"https:\/\/lt-laborhandel.de\/en\/wp-json\/wp\/v2\/media\/20961"}],"wp:attachment":[{"href":"https:\/\/lt-laborhandel.de\/en\/wp-json\/wp\/v2\/media?parent=20960"}],"wp:term":[{"taxonomy":"product_brand","embeddable":true,"href":"https:\/\/lt-laborhandel.de\/en\/wp-json\/wp\/v2\/product_brand?post=20960"},{"taxonomy":"product_cat","embeddable":true,"href":"https:\/\/lt-laborhandel.de\/en\/wp-json\/wp\/v2\/product_cat?post=20960"},{"taxonomy":"product_tag","embeddable":true,"href":"https:\/\/lt-laborhandel.de\/en\/wp-json\/wp\/v2\/product_tag?post=20960"}],"curies":[{"name":"wp","href":"https:\/\/api.w.org\/{rel}","templated":true}]}}