{"id":20957,"date":"2025-03-12T10:50:40","date_gmt":"2025-03-12T09:50:40","guid":{"rendered":"https:\/\/lt-laborhandel.de\/?post_type=product&#038;p=20957"},"modified":"2026-01-09T21:26:28","modified_gmt":"2026-01-09T20:26:28","slug":"restek-lc-multipestizid-standard-kit-31971-kopie","status":"publish","type":"product","link":"https:\/\/lt-laborhandel.de\/en\/produkt\/restek-lc-multipestizid-standard-kit-31971-kopie\/","title":{"rendered":"Restek GC Multipestizid, Standard Kit, 32562"},"content":{"rendered":"<p><b>Beschreibung:<\/b><br \/>\nEnth\u00e4lt jeweils eine Ampulle der nachfolgenden Produkte.<\/p>\n<p><b>32563: GC Standard Nr. 1 f\u00fcr Multipestizidr\u00fcckst\u00e4nde<\/b><br \/>\nOrganophosphorverbindungen<br \/>\n100 \u03bcg\/mL, Toluol, 1 mL\/Ampulle<br \/>\nAzinphos ethyl (2642-71-9)<br \/>\nAzinphos methyl (86-50-0)<br \/>\nChlorpyrifos (2921-88-2)<br \/>\nChlorpyrifos methyl (5598-13-0)<br \/>\nDiazinon (333-41-5)<br \/>\nEPN (2104-64-5)<br \/>\nFenitrothion (122-14-5)<br \/>\nIsazophos (42509-80-8)<br \/>\nPhosalone (2310-17-0)<br \/>\nPhosmet (732-11-6)<br \/>\nPirimiphos ethyl (23505-41-1)<br \/>\nPirimiphos methyl (29232-93-7)<br \/>\nPyraclofos (89784-60-1)<br \/>\nPyrazophos (13457-18-6)<br \/>\nPyridaphenthion (119-12-0)<br \/>\nQuinalphos (13593-03-8)<\/p>\n<p><b>32564: GC Standard Nr. 2 f\u00fcr Multipestizidr\u00fcckst\u00e4nde<\/b><br \/>\nOrganochlorverbindungen<br \/>\n100 \u03bcg\/mL, Toluol, 1 mL\/Ampulle<br \/>\nAldrin (309-00-2)<br \/>\n\u03b1-BHC (319-84-6)<br \/>\n\u03b2-BHC (319-85-7)<br \/>\n\u03b3-BHC (Lindane) (58-89-9)<br \/>\n\u03b4-BHC (319-86-8)<br \/>\nChlorbenside (103-17-3)<br \/>\ncis-Chlordane (5103-71-9)<br \/>\ntrans-Chlordane (5103-74-2)<br \/>\nChlorfenson (Ovex) (80-33-1)<br \/>\nChloroneb (2675-77-6)<br \/>\n2,4&#8242;-DDD (53-19-0)<br \/>\n4,4&#8242;-DDD (72-54-8)<br \/>\n2,4&#8242;-DDE (3424-82-6)<br \/>\n4,4&#8242;-DDE (72-55-9)<br \/>\n2,4&#8242;-DDT (789-02-6)<br \/>\n4,4&#8242;-DDT (50-29-3)<br \/>\n4,4&#8242;-Dichlorobenzophenone (90-98-2)<br \/>\nDieldrin (60-57-1)<br \/>\nEndosulfan I (959-98-8)<br \/>\nEndosulfan II (33213-65-9)<br \/>\nEndosulfan ether (3369-52-6)<br \/>\nEndosulfan sulfate (1031-07-8)<br \/>\nEndrin (72-20-8)<br \/>\nEndrin aldehyde (7421-93-4)<br \/>\nEndrin ketone (53494-70-5)<br \/>\nEthylan (Perthane) (72-56-0)<br \/>\nFenson (80-38-6)<br \/>\nHeptachlor (76-44-8)<br \/>\nHeptachlor epoxide (isomer B) (1024-57-3)<br \/>\nHexachlorobenzene (118-74-1)<br \/>\nIsodrin (465-73-6)<br \/>\n2,4&#8242;-Methoxychlor (30667-99-3)<br \/>\n4,4&#8242;-Methoxychlor olefin (2132-70-9)<br \/>\nMirex (2385-85-5)<br \/>\ncis-Nonachlor (5103-73-1)<br \/>\ntrans-Nonachlor (39765-80-5)<br \/>\nPentachloroanisole (1825-21-4)<br \/>\nPentachlorobenzene (608-93-5)<br \/>\nPentachlorothioanisole (1825-19-0)<br \/>\nTetradifon (116-29-0)<\/p>\n<p><b>32565: GC Standard Nr. 3 f\u00fcr Multipestizidr\u00fcckst\u00e4nde<\/b><br \/>\nOrganostickstoffverbindungen<br \/>\n100 \u03bcg\/mL, Toluol\/Acetonitril (99:1), 1 mL\/Ampulle<br \/>\nBenfluralin (1861-40-1)<br \/>\nBiphenyl (92-52-4)<br \/>\nChlorothalonil (1897-45-6)<br \/>\nDichlofluanid (1085-98-9)<br \/>\nDichloran (99-30-9)<br \/>\n3,4-Dichloroaniline (95-76-1)<br \/>\n2,6-Dichlorobenzonitrile (Dichlobenil) (1194-65-6)<br \/>\nDiphenylamine (122-39-4)<br \/>\nEthalfluralin (55283-68-6)<br \/>\nFluchloralin (33245-39-5)<br \/>\nIsopropalin (33820-53-0)<br \/>\nNitralin (4726-14-1)<br \/>\nNitrofen (1836-75-5)<br \/>\nOxyfluorfen (42874-03-3)<br \/>\nPendimethalin (40487-42-1)<br \/>\nPentachloroaniline (527-20-8)<br \/>\nPentachlorobenzonitrile (20925-85-3)<br \/>\nPentachloronitrobenzene (Quintozene) (82-68-8)<br \/>\nProdiamine (29091-21-2)<br \/>\nProfluralin (26399-36-0)<br \/>\n2,3,5,6-Tetrachloroaniline (3481-20-7)<br \/>\nTetrachloronitrobenzene (Tecnazene) (117-18-0)<br \/>\nTHPI (Tetrahydrophthalimide) (1469-48-3)<br \/>\nTolylfluanid (731-27-1)<br \/>\nTrifluralin (1582-09-8)<\/p>\n<p><b>32566: GC Standard Nr. 4 f\u00fcr Multipestizidr\u00fcckst\u00e4nde<\/b><br \/>\nOrganostickstoffverbindungen<br \/>\n100 \u03bcg\/mL, Toluol, 1 mL\/Ampulle<br \/>\nAcetochlor (34256-82-1)<br \/>\nAlachlor (15972-60-8)<br \/>\nAllidochlor (93-71-0)<br \/>\nClomazone (Command) (81777-89-1)<br \/>\nCycloate (1134-23-2)<br \/>\nDiallate (cis &amp; trans) (2303-16-4)<br \/>\nDimethachlor (50563-36-5)<br \/>\nDiphenamid (957-51-7)<br \/>\nFenpropathrin (39515-41-8)<br \/>\nFluquinconazole (136426-54-5)<br \/>\nFlutolanil (66332-96-5)<br \/>\nLinuron (330-55-2)<br \/>\nMetazachlor (67129-08-2)<br \/>\nMethoxychlor (72-43-5)<br \/>\nMetolachlor (51218-45-2)<br \/>\nN-(2,4-Dimethylphenyl)formamide (60397-77-5)<br \/>\nNorflurazon (27314-13-2)<br \/>\nOxadiazon (19666-30-9)<br \/>\nPebulate (1114-71-2)<br \/>\nPretilachlor (51218-49-6)<br \/>\nProchloraz (67747-09-5)<br \/>\nPropachlor (1918-16-7)<br \/>\nPropanil (709-98-8)<br \/>\nPropisochlor (86763-47-5)<br \/>\nPropyzamide (23950-58-5)<br \/>\nPyridaben (96489-71-3)<br \/>\nTebufenpyrad (119168-77-3)<br \/>\nTriallate (2303-17-5)<\/p>\n<p><b>32567: GC Standard Nr. 5 f\u00fcr Multipestizidr\u00fcckst\u00e4nde<\/b><br \/>\nOrganostickstoffverbindungen<br \/>\n100 \u03bcg\/mL, Toluol, 1 mL\/Ampulle<br \/>\nAtrazine (1912-24-9)<br \/>\nBupirimate (41483-43-6)<br \/>\nCaptafol (2425-06-1)<br \/>\nCaptan (133-06-2)<br \/>\nChlorfenapyr (122453-73-0)<br \/>\nCyprodinil (121552-61-2)<br \/>\nEtofenprox (80844-07-1)<br \/>\nEtridiazole (2593-15-9)<br \/>\nFenarimol (60168-88-9)<br \/>\nFipronil (120068-37-3)<br \/>\nFludioxonil (131341-86-1)<br \/>\nFluridone (Sonar) (59756-60-4)<br \/>\nFlusilazole (85509-19-9)<br \/>\nFlutriafol (76674-21-0)<br \/>\nFolpet (133-07-3)<br \/>\nHexazinone (Velpar) (51235-04-2)<br \/>\nIprodione (36734-19-7)<br \/>\nLenacil (2164-08-1)<br \/>\nMGK-264 (113-48-4)<br \/>\nMyclobutanil (88671-89-0)<br \/>\nPaclobutrazol (76738-62-0)<br \/>\nPenconazole (66246-88-6)<br \/>\nProcymidone (32809-16-8)<br \/>\nPropargite (2312-35-8)<br \/>\nPyrimethanil (53112-28-0)<br \/>\nPyriproxyfen (95737-68-1)<br \/>\nTebuconazole (107534-96-3)<br \/>\nTerbacil (5902-51-2)<br \/>\nTerbuthylazine (5915-41-3)<br \/>\nTriadimefon (43121-43-3)<br \/>\nTriadimenol (55219-65-3)<br \/>\nTricyclazole (Beam) (41814-78-2)<br \/>\nTriflumizole (68694-11-1)<br \/>\nVinclozolin (50471-44-8)<\/p>\n<p><b>32568: GC Standard Nr. 6 f\u00fcr Multipestizidr\u00fcckst\u00e4nde<\/b><br \/>\nsynthetische Pyrethroid-Verbindungen<br \/>\n100 \u03bcg\/mL, Toluol, 1 mL\/Ampulle<br \/>\nAcrinathrin (101007-06-1)<br \/>\nAnthraquinone (84-65-1)<br \/>\nBifenthrin (82657-04-3)<br \/>\nBioallethrin (584-79-2)<br \/>\nCyfluthrin (68359-37-5)<br \/>\nlambda-Cyhalothrin (91465-08-6)<br \/>\nCypermethrin (52315-07-8)<br \/>\nDeltamethrin (52918-63-5)<br \/>\nFenvalerate (51630-58-1)<br \/>\nFlucythrinate (70124-77-5)<br \/>\ntau-Fluvalinate (102851-06-9)<br \/>\ncis-Permethrin (61949-76-6)<br \/>\ntrans-Permethrin (61949-77-7)<br \/>\nPhenothrin (cis &amp; trans) (26002-80-2)<br \/>\nResmethrin (10453-86-8)<br \/>\nTefluthrin (79538-32-2)<br \/>\nTetramethrin (7696-12-0)<br \/>\nTransfluthrin (118712-89-3)<\/p>\n<p><b>32569: GC Standard Nr. 7 f\u00fcr Multipestizidr\u00fcckst\u00e4nde<\/b><br \/>\nHerbizid-Methylester<br \/>\n100 \u03bcg\/mL, Toluol, 1 mL\/Ampulle<br \/>\nAcequinocyl (57960-19-7)<br \/>\nBromopropylate (18181-80-1)<br \/>\nCarfentrazone ethyl (128639-02-1)<br \/>\nChlorobenzilate (510-15-6)<br \/>\nChlorpropham (101-21-3)<br \/>\nChlozolinate (84332-86-5)<br \/>\nDCPA methyl ester (Chlorthal-dimethyl) (1861-32-1)<br \/>\nFluazifop-p-butyl (79241-46-6)<br \/>\nMetalaxyl (57837-19-1)<br \/>\n2-Phenylphenol (90-43-7)<\/p>\n<p><b>32570: GC Standard Nr. 8 f\u00fcr Multipestizidr\u00fcckst\u00e4nde<\/b><br \/>\nOrganophosphorverbindungen<br \/>\n100 \u03bcg\/mL, Toluol, 1 mL\/Ampulle<br \/>\nBromfenvinfos-methyl (13104-21-7)<br \/>\nBromfenvinphos (33399-00-7)<br \/>\nBromophos ethyl (4824-78-6)<br \/>\nBromophos methyl (2104-96-3)<br \/>\nCarbophenothion (786-19-6)<br \/>\nChlorfenvinphos (470-90-6)<br \/>\nChlorthiophos (60238-56-4)<br \/>\nCoumaphos (56-72-4)<br \/>\nEdifenphos (17109-49-8)<br \/>\nEthion (563-12-2)<br \/>\nFenamiphos (22224-92-6)<br \/>\nFenchlorphos (Ronnel) (299-84-3)<br \/>\nFenthion (55-38-9)<br \/>\nIodofenphos (18181-70-9)<br \/>\nLeptophos (21609-90-5)<br \/>\nMalathion (121-75-5)<br \/>\nMethacrifos (62610-77-9)<br \/>\nProfenofos (41198-08-7)<br \/>\nProthiofos (34643-46-4)<br \/>\nSulfotepp (3689-24-5)<br \/>\nSulprofos (35400-43-2)<br \/>\nTerbufos (13071-79-9)<br \/>\nTetrachlorvinphos (22248-79-9)<br \/>\nTolclofos-methyl (57018-04-9)<\/p>\n<p><b>32571: GC Standard Nr. 9 f\u00fcr Multipestizidr\u00fcckst\u00e4nde<\/b><br \/>\nOrganophosphorverbindungen<br \/>\n100 \u03bcg\/mL, Toluol, 1 mL\/Ampulle<br \/>\nDisulfoton (298-04-4)<br \/>\nFonofos (944-22-9)<br \/>\nMethyl parathion (298-00-0)<br \/>\nMevinphos (7786-34-7)<br \/>\nParathion (ethyl parathion) (56-38-2)<br \/>\nPhorate (298-02-2)<br \/>\nPiperonyl butoxide (51-03-6)<br \/>\nTriazophos (24017-47-8)<\/p>\n<p><b>Funktionen und Vorteile:<\/b><br \/>\n&#8211; Genaue Identifizierung und Quantifizierung von Pestizidr\u00fcckst\u00e4nden mittels GC-MS\/MS in Obst, Gem\u00fcse, pflanzlichen Stoffen und Heilpflanzen wie Tee, Ginseng, Ingwer, Echinacea und Nahrungserg\u00e4nzungsmitteln.<br \/>\n&#8211; Das umfassende 203-Komponenten-Kit deckt die Lebensmittelsicherheitslisten der FDA, USDA und anderer globaler Regierungsbeh\u00f6rden ab; einzelne Ampullen sind auch separat erh\u00e4ltlich.<br \/>\n&#8211; Formuliert und gruppiert f\u00fcr maximale Langzeitstabilit\u00e4t*.<br \/>\n&#8211; Quantitativ getestet, um die Zusammensetzung zu best\u00e4tigen; eine ausf\u00fchrliche Begleitdokumentation liegt bei.<br \/>\n&#8211; Die optimierte Mehrkomponenten-Pestizidmethode wird kostenlos angeboten; die herunterladbare XLS-Datei enth\u00e4lt Bedingungen und \u00dcbergangstabellen.<br \/>\n&#8211; Restek ist Ihr Komplettanbieter f\u00fcr die erstklassige GC-MS\/MS-Mehrkomponenten-Pestizidanalyse: Referenz- und interne Standards, Rxi-5ms-GC-S\u00e4ulen, Q-sep QuEChERS-Probenvorbereitung, Inlet Liner, Zubeh\u00f6r und mehr!<\/p>\n<p>* Hinweis: Bei der Kombination einer gro\u00dfen Anzahl von Verbindungen mit unterschiedlichen funktionellen Gruppen kann die Stabilit\u00e4t des Gemischs ein Problem darstellen. Bei der Formulierung dieser Standards haben wir die 203 beteiligten Verbindungen eingehend untersucht und sie dann in m\u00f6glichst wenigen Gemischen zusammengefasst, die dennoch ein H\u00f6chstma\u00df an langfristiger Stabilit\u00e4t und Zuverl\u00e4ssigkeit gew\u00e4hrleisten. F\u00fcr die quantitative Analyse empfehlen wir, jedes Gemisch separat zu analysieren, um genaue Ergebnisse f\u00fcr jede Verbindung zu gew\u00e4hrleisten.<\/p>\n<p><b>Technische Spezifikationen:<\/b><br \/>\n&#8211; Katalognummer: 32562<br \/>\n&#8211; Produktname: GC Multipestizid Standard Kit<br \/>\n&#8211; Zertifiziertes Referenzmaterial (CRM): Ja<br \/>\n&#8211; Mindesthaltbarkeit am Versanddatum (Monate): 6<br \/>\n&#8211; Versandbedingungen: Umgebungstemperatur<br \/>\n&#8211; Lagertemperatur: 10 \u00b0C oder k\u00e4lter<br \/>\n&#8211; Einheiten: Kit<\/p>\n","protected":false},"excerpt":{"rendered":"<p><b>Zubeh\u00f6r- und Ersatzteile erhalten Sie gerne auf Anfrage!<\/b><\/p>\n","protected":false},"featured_media":20958,"template":"","meta":[],"product_brand":[362],"product_cat":[350],"product_tag":[],"class_list":{"0":"post-20957","1":"product","2":"type-product","3":"status-publish","4":"has-post-thumbnail","6":"product_brand-restek","7":"product_cat-gaschromatografie","8":"product_shipping_class-standard","10":"first","11":"instock","12":"taxable","13":"shipping-taxable","14":"purchasable","15":"product-type-simple"},"tiered_pricing_type":"fixed","tiered_pricing_fixed_rules":[],"tiered_pricing_product_settings":{"layout":"default","base_unit_name":{"singular":null,"plural":null},"default_variation":null},"tiered_pricing_minimum_quantity":null,"tiered_pricing_roles_data":[],"tiered_pricing_percentage_rules":[],"_links":{"self":[{"href":"https:\/\/lt-laborhandel.de\/en\/wp-json\/wp\/v2\/product\/20957","targetHints":{"allow":["GET"]}}],"collection":[{"href":"https:\/\/lt-laborhandel.de\/en\/wp-json\/wp\/v2\/product"}],"about":[{"href":"https:\/\/lt-laborhandel.de\/en\/wp-json\/wp\/v2\/types\/product"}],"wp:featuredmedia":[{"embeddable":true,"href":"https:\/\/lt-laborhandel.de\/en\/wp-json\/wp\/v2\/media\/20958"}],"wp:attachment":[{"href":"https:\/\/lt-laborhandel.de\/en\/wp-json\/wp\/v2\/media?parent=20957"}],"wp:term":[{"taxonomy":"product_brand","embeddable":true,"href":"https:\/\/lt-laborhandel.de\/en\/wp-json\/wp\/v2\/product_brand?post=20957"},{"taxonomy":"product_cat","embeddable":true,"href":"https:\/\/lt-laborhandel.de\/en\/wp-json\/wp\/v2\/product_cat?post=20957"},{"taxonomy":"product_tag","embeddable":true,"href":"https:\/\/lt-laborhandel.de\/en\/wp-json\/wp\/v2\/product_tag?post=20957"}],"curies":[{"name":"wp","href":"https:\/\/api.w.org\/{rel}","templated":true}]}}