{"id":20954,"date":"2025-03-12T10:46:22","date_gmt":"2025-03-12T09:46:22","guid":{"rendered":"https:\/\/lt-laborhandel.de\/?post_type=product&#038;p=20954"},"modified":"2026-01-09T21:26:28","modified_gmt":"2026-01-09T20:26:28","slug":"restek-lc-standard-nr-5-fuer-multipestizidrueckstaende-organostickstoffverbindungen-100-%ce%bcg-ml-acetonitril-1-ml-ampulle-31976","status":"publish","type":"product","link":"https:\/\/lt-laborhandel.de\/en\/produkt\/restek-lc-standard-nr-5-fuer-multipestizidrueckstaende-organostickstoffverbindungen-100-%ce%bcg-ml-acetonitril-1-ml-ampulle-31976\/","title":{"rendered":"Restek LC Standard Nr. 5 f\u00fcr Multipestizidr\u00fcckst\u00e4nde, Organostickstoffverbindungen, 100 \u03bcg\/mL, Acetonitril, 1 mL\/Ampulle, #31976"},"content":{"rendered":"<p><b>Beschreibung:<\/b><br \/>\n&#8211; Pr\u00e4ziser Nachweis und Quantifizierung von Pestiziden, die f\u00fcr die globale Lebensmittelsicherheit von Bedeutung sind, in einer Vielzahl von Obst- und Gem\u00fcsesorten und anderen Lebensmitteln mittels LC-MS\/MS.<br \/>\n&#8211; Hergestellt und gruppiert, um maximale langfristige Stabilit\u00e4t* und eine ausgewogene chromatografische Performance zu gew\u00e4hrleisten.<br \/>\n&#8211; Zusammensetzung wurde quantitativ gepr\u00fcft; detaillierte Dokumentation wird beigef\u00fcgt.<br \/>\n&#8211; Die optimierte Methode f\u00fcr Multipestizidr\u00fcckst\u00e4nde wird kostenlos zur Verf\u00fcgung gestellt; die herunterladbare XLS-Datei enth\u00e4lt die Bedingungen und die Tabellen der \u00dcberg\u00e4nge.<br \/>\n&#8211; Ein umfassendes Kit mit 204 Verbindungen ist ebenfalls erh\u00e4ltlich (Art.-Nr. 31971); es deckt viele mittels LC analysierte Pestizide ab, die in den Listen von Regierungsbeh\u00f6rden enthalten sind. Weitere Ampullen werden<br \/>\n  auch separat verkauft.<br \/>\n&#8211; Zertifizierte Referenzmaterialien (CRM, Certified Reference Materials), hergestellt und QK-gepr\u00fcft in ISO-akkreditierten Laboratorien von Restek, erf\u00fcllen Ihre ISO-Anforderungen.<br \/>\n&#8211; Restek ist Ihr Komplettanbieter f\u00fcr die erstklassige Analyse von Multipestizidr\u00fcckst\u00e4nden mittels LC-MS\/MS: Referenzstandards und interne Standards, LC-S\u00e4ulen, Q-sep QuEChERS-Produkte zur Probenvorbereitung, Zubeh\u00f6r<br \/>\n  und mehr!<\/p>\n<p>Acibenzolar-S-methyl (135158-54-2)<br \/>\nBupirimate (41483-43-6)<br \/>\nBuprofezin (69327-76-0)<br \/>\nCarboxin (5234-68-4)<br \/>\nClethodim (99129-21-2)<br \/>\nClothianidin (210880-92-5)<br \/>\nCyazofamid (120116-88-3)<br \/>\nEthiprole (181587-01-9)<br \/>\nEthofumesate (26225-79-6)<br \/>\nFenamidone (161326-34-7)<br \/>\nFipronil (120068-37-3)<br \/>\nFlubendiamide (272451-65-7)<br \/>\nFlufenacet (Fluthiamide) (142459-58-3)<br \/>\nHexythiazox (78587-05-0)<br \/>\nMefenacet (73250-68-7)<br \/>\nMesotrione (104206-82-8)<br \/>\nMethoprotryne (841-06-5)<br \/>\nMetribuzin (21087-64-9)<br \/>\nPrometryne (7287-19-6)<br \/>\nPropargite (2312-35-8)<br \/>\nProthioconazole (178928-70-6)<br \/>\nPyridaben (96489-71-3)<br \/>\nSimetryn (1014-70-6)<br \/>\nSulfentrazone (122836-35-5)<br \/>\nTerbutryn (886-50-0)<br \/>\nThiabendazole (148-79-8)<br \/>\nThiacloprid (111988-49-9)<br \/>\nThiamethoxam (153719-23-4)<br \/>\nThiofanox (39196-18-4)<br \/>\nTricyclazole (Beam) (41814-78-2)<\/p>\n<p>* Hinweis: Bei der Kombination einer gro\u00dfen Anzahl von Verbindungen mit unterschiedlichen chemischen Funktionalit\u00e4ten kann die Stabilit\u00e4t der Gemische ein Problem darstellen. Bei der Herstellung dieser Standards haben wir die 204 beteiligten Verbindungen gr\u00fcndlich untersucht und sie dann in einer m\u00f6glichst kleinen Anzahl von Gemischen gruppiert, die dennoch ein Maximum an langfristiger Stabilit\u00e4t und Zuverl\u00e4ssigkeit gew\u00e4hrleisten. F\u00fcr quantitative Analysen empfehlen wir, jedes Gemisch separat zu analysieren, um richtige Ergebnisse f\u00fcr jede Verbindung zu gew\u00e4hrleisten.<\/p>\n<p><b>Funktionen und Vorteile:<\/b><br \/>\nPr\u00e4ziser Nachweis und Quantifizierung von Pestiziden, die f\u00fcr die globale Lebensmittelsicherheit von Bedeutung sind, in einer Vielzahl von Obst- und Gem\u00fcsesorten und anderen Lebensmitteln mittels LC-MS\/MS.<br \/>\nAmpulle 5 von 10 im Roc-Vors\u00e4ulenhalter (Art.-Nr. 25812). Andere Ampullen sind auch separat erh\u00e4ltlich.<\/p>\n<p><b>Technische Spezifikationen:<\/b><br \/>\n&#8211; Katalognummer: 31976<br \/>\n&#8211; Produktname: LC Standard Nr. 5 f\u00fcr Multipestizidr\u00fcckst\u00e4nde, Organostickstoffverbindungen, 100 \u03bcg\/mL, Acetonitril, 1 mL\/Ampulle<br \/>\n&#8211; Konzentration: 100 \u00b5g\/mL<br \/>\n&#8211; L\u00f6sungsmittel: Acetonitril<br \/>\n&#8211; Zertifiziertes Referenzmaterial (CRM): Ja<br \/>\n&#8211; Maximale Haltbarkeit am Versanddatum (Monate): 12<br \/>\n&#8211; Mindesthaltbarkeit am Versanddatum (Monate): 3<br \/>\n&#8211; Konz. in L\u00f6semittel und Volumen: Jeweils 100 \u00b5g\/mL in Acetonitril, 1 mL\/Ampulle\ufeff<br \/>\n&#8211; Anzahl an Komponenten: 30<br \/>\n&#8211; Versandbedingungen: Umgebungstemperatur<br \/>\n&#8211; Lagertemperatur: 10 \u00b0C oder k\u00e4lter<br \/>\n&#8211; Einheiten: 1<br \/>\n&#8211; Volumen: 1.0 mL<\/p>\n","protected":false},"excerpt":{"rendered":"<p><b>Zubeh\u00f6r- und Ersatzteile erhalten Sie gerne auf Anfrage!<\/b><\/p>\n","protected":false},"featured_media":20955,"template":"","meta":[],"product_brand":[362],"product_cat":[350],"product_tag":[],"class_list":{"0":"post-20954","1":"product","2":"type-product","3":"status-publish","4":"has-post-thumbnail","6":"product_brand-restek","7":"product_cat-gaschromatografie","8":"product_shipping_class-standard","10":"first","11":"instock","12":"taxable","13":"shipping-taxable","14":"purchasable","15":"product-type-simple"},"tiered_pricing_type":"fixed","tiered_pricing_fixed_rules":[],"tiered_pricing_product_settings":{"layout":"default","base_unit_name":{"singular":null,"plural":null},"default_variation":null},"tiered_pricing_minimum_quantity":null,"tiered_pricing_roles_data":[],"tiered_pricing_percentage_rules":[],"_links":{"self":[{"href":"https:\/\/lt-laborhandel.de\/en\/wp-json\/wp\/v2\/product\/20954","targetHints":{"allow":["GET"]}}],"collection":[{"href":"https:\/\/lt-laborhandel.de\/en\/wp-json\/wp\/v2\/product"}],"about":[{"href":"https:\/\/lt-laborhandel.de\/en\/wp-json\/wp\/v2\/types\/product"}],"wp:featuredmedia":[{"embeddable":true,"href":"https:\/\/lt-laborhandel.de\/en\/wp-json\/wp\/v2\/media\/20955"}],"wp:attachment":[{"href":"https:\/\/lt-laborhandel.de\/en\/wp-json\/wp\/v2\/media?parent=20954"}],"wp:term":[{"taxonomy":"product_brand","embeddable":true,"href":"https:\/\/lt-laborhandel.de\/en\/wp-json\/wp\/v2\/product_brand?post=20954"},{"taxonomy":"product_cat","embeddable":true,"href":"https:\/\/lt-laborhandel.de\/en\/wp-json\/wp\/v2\/product_cat?post=20954"},{"taxonomy":"product_tag","embeddable":true,"href":"https:\/\/lt-laborhandel.de\/en\/wp-json\/wp\/v2\/product_tag?post=20954"}],"curies":[{"name":"wp","href":"https:\/\/api.w.org\/{rel}","templated":true}]}}