{"id":20951,"date":"2025-03-12T10:38:12","date_gmt":"2025-03-12T09:38:12","guid":{"rendered":"https:\/\/lt-laborhandel.de\/?post_type=product&#038;p=20951"},"modified":"2026-01-09T21:26:28","modified_gmt":"2026-01-09T20:26:28","slug":"restek-lc-multipestizid-standard-kit-31971","status":"publish","type":"product","link":"https:\/\/lt-laborhandel.de\/en\/produkt\/restek-lc-multipestizid-standard-kit-31971\/","title":{"rendered":"Restek LC Multipestizid Standard Kit, #31971"},"content":{"rendered":"<p><b>Beschreibung:<\/b><br \/>\nEnth\u00e4lt jeweils eine Ampulle der nachfolgenden Produkte.<\/p>\n<p><b>31972: LC Standard Nr. 1 f\u00fcr Multipestizidr\u00fcckst\u00e4nde<\/b><br \/>\nOrganophosphorverbindungen<br \/>\n100 \u03bcg\/mL, Acetonitril, 1 mL\/Ampulle<br \/>\nAcephate (30560-19-1)<br \/>\nCarbaryl (Sevin) (63-25-2)<br \/>\nDicrotophos (141-66-2)<br \/>\nDimethoate (60-51-5)<br \/>\nDimethomorph (110488-70-5)<br \/>\nIsocarbophos (24353-61-5)<br \/>\nMethamidophos (10265-92-6)<br \/>\nMevinphos (7786-34-7)<br \/>\nMonocrotophos (6923-22-4)<br \/>\nOmethoate (1113-02-6)<br \/>\nTemephos (Abate) (3383-96-8)<br \/>\nTrichlorfon (Dylox) (52-68-6)<br \/>\nVamidothion (Vamidoate) (2275-23-2)<\/p>\n<p><b>31973: LC Standard Nr. 2 f\u00fcr Multipestizidr\u00fcckst\u00e4nde<\/b><br \/>\nCarbamat\/Uron-Verbindungen<br \/>\n100 \u03bcg\/mL, Acetonitril, 1 mL\/Ampulle<br \/>\nAlanycarb (83130-01-2)<br \/>\nAldicarb (116-06-3)<br \/>\nAldicarb sulfone (1646-88-4)<br \/>\nAldicarb sulfoxide (1646-87-3)<br \/>\nBenfuracarb (82560-54-1)<br \/>\nButocarboxim (34681-10-2)<br \/>\nButoxycarboxim (34681-23-7)<br \/>\nEthiofencarb (29973-13-5)<br \/>\nFurathiocarb (65907-30-4)<br \/>\nMethabenzthiazuron (18691-97-9)<br \/>\nMethiocarb (2032-65-7)<br \/>\nMethomyl (16752-77-5)<br \/>\nOxamyl (23135-22-0)<br \/>\nTebuthiuron (34014-18-1)<br \/>\nThidiazuron (51707-55-2)<br \/>\nThiophanate-methyl (23564-05-8)<\/p>\n<p><b>31974: LC Standard Nr. 3 f\u00fcr Multipestizidr\u00fcckst\u00e4nde<\/b><br \/>\nCarbamat\/Uron-Verbindungen<br \/>\n100 \u03bcg\/mL, Acetonitril, 1 mL\/Ampulle<br \/>\nBendiocarb (22781-23-3)<br \/>\nBifenazate (149877-41-8)<br \/>\nCarbofuran (1563-66-2)<br \/>\nChlorfluazuron (71422-67-8)<br \/>\nChloroxuron (1982-47-4)<br \/>\nChlortoluron (15545-48-9)<br \/>\nCycluron (2163-69-1)<br \/>\nDiethofencarb (87130-20-9)<br \/>\nDiflubenzuron (35367-38-5)<br \/>\nDioxacarb (6988-21-2)<br \/>\nDiuron (330-54-1)<br \/>\nFenobucarb (BPMC) (3766-81-2)<br \/>\nFenoxycarb (72490-01-8)<br \/>\nFenuron (101-42-8)<br \/>\nFlufenoxuron (101463-69-8)<br \/>\nFluometuron (2164-17-2)<br \/>\nForchlorfenuron (68157-60-8)<br \/>\nHexaflumuron (86479-06-3)<br \/>\n3-Hydroxycarbofuran (16655-82-6)<br \/>\nIndoxacarb (173584-44-6)<br \/>\nIprovalicarb (140923-17-7)<br \/>\nIsoprocarb (2631-40-5)<br \/>\nIsoproturon (34123-59-6)<br \/>\nLinuron (330-55-2)<br \/>\nLufenuron (103055-07-8)<br \/>\nMetobromuron (3060-89-7)<br \/>\nMonolinuron (1746-81-2)<br \/>\nNeburon (555-37-3)<br \/>\nNovaluron (116714-46-6)<br \/>\nPirimicarb (23103-98-2)<br \/>\nPromecarb (2631-37-0)<br \/>\nPropham (122-42-9)<br \/>\nPropoxur (Baygon) (114-26-1)<br \/>\nPyraclostrobin (175013-18-0)<br \/>\nSiduron (1982-49-6)<br \/>\nTeflubenzuron (83121-18-0)<br \/>\nThiobencarb (28249-77-6)<br \/>\nTriflumuron (64628-44-0)<\/p>\n<p><b>31975: LC Standard Nr. 4 f\u00fcr Multipestizidr\u00fcckst\u00e4nde<\/b><br \/>\nOrganostickstoffverbindungen<br \/>\n100 \u03bcg\/mL, Acetonitril, 1 mL\/Ampulle<br \/>\nAbamectin (71751-41-2)<br \/>\nAcetamiprid (135410-20-7)<br \/>\nAmetryn (834-12-8)<br \/>\nAmitraz (33089-61-1)<br \/>\nAzoxystrobin (131860-33-8)<br \/>\nBenalaxyl (71626-11-4)<br \/>\nBenzoximate (29104-30-1)<br \/>\nBoscalid (188425-85-6)<br \/>\nButafenacil (134605-64-4)<br \/>\nCarbetamide (16118-49-3)<br \/>\nCarfentrazone ethyl (128639-02-1)<br \/>\nChlorantraniliprole (500008-45-7)*<br \/>\nClofentezine (74115-24-5)<br \/>\nCymoxanil (57966-95-7)<br \/>\nCyprodinil (121552-61-2)<br \/>\nCyromazine (66215-27-8)<br \/>\nDimoxystrobin (149961-52-4)<br \/>\nDinotefuran (165252-70-0)<br \/>\nDoramectin (117704-25-3)<br \/>\nEprinomectin (123997-26-2)<br \/>\nFamoxadon (131807-57-3)<br \/>\nFenazaquin (120928-09-8)<br \/>\nFenhexamid (126833-17-8)<br \/>\n(E)-Fenpyroximate (134098-61-6)<br \/>\nFlonicamid (158062-67-0)<br \/>\nFluazinam (79622-59-6)\u2020<br \/>\nFludioxonil (131341-86-1)<br \/>\nFluoxastrobin (361377-29-9)<br \/>\nFlutolanil (66332-96-5)<br \/>\nFuralaxyl (57646-30-7)<br \/>\nHalofenozide (112226-61-6)<br \/>\nImazalil (35554-44-0)<br \/>\nImidacloprid (138261-41-3)<br \/>\nIvermectin (70288-86-7)<br \/>\nKresoxim methyl (143390-89-0)<br \/>\nMandipropamid (374726-62-2)<br \/>\nMepanipyrim (110235-47-7)<br \/>\nMepronil (55814-41-0)<br \/>\nMetaflumizone (139968-49-3)<br \/>\nMetalaxyl (57837-19-1)<br \/>\nMethoxyfenozide (161050-58-4)<br \/>\nMoxidectin (113507-06-5)<br \/>\nMyclobutanil (88671-89-0)<br \/>\nNitenpyram (120738-89-8)<br \/>\nOxadixyl (77732-09-3)<br \/>\nPicoxystrobin (117428-22-5)<br \/>\nPiperonyl butoxide (51-03-6)<br \/>\nProchloraz (67747-09-5)<br \/>\nPrometon (1610-18-0)<br \/>\nPymetrozine (123312-89-0)<br \/>\nPyracarbolid (24691-76-7)<br \/>\nPyrimethanil (53112-28-0)<br \/>\nPyriproxyfen (95737-68-1)<br \/>\nQuinoxyfen (124495-18-7)<br \/>\nRotenone (83-79-4)<br \/>\nSecbumeton (26259-45-0)<br \/>\nSpiroxamine (118134-30-8)<br \/>\nTebufenozide (112410-23-8)<br \/>\nTebufenpyrad (119168-77-3)<br \/>\nTerbumeton (33693-04-8)<br \/>\nTriadimefon (43121-43-3)<br \/>\nTrifloxystrobin (141517-21-7)<br \/>\nZoxamide (156052-68-5)<\/p>\n<p><b>31976: LC Standard Nr. 5 f\u00fcr Multipestizidr\u00fcckst\u00e4nde<\/b><br \/>\nOrganostickstoffverbindungen<br \/>\n100 \u03bcg\/mL, Acetonitril, 1 mL\/Ampulle<br \/>\nAcibenzolar-S-methyl (135158-54-2)<br \/>\nBupirimate (41483-43-6)<br \/>\nBuprofezin (69327-76-0)<br \/>\nCarboxin (5234-68-4)<br \/>\nClethodim (99129-21-2)<br \/>\nClothianidin (210880-92-5)<br \/>\nCyazofamid (120116-88-3)<br \/>\nEthiprole (181587-01-9)<br \/>\nEthofumesate (26225-79-6)<br \/>\nFenamidone (161326-34-7)<br \/>\nFipronil (120068-37-3)<br \/>\nFlubendiamide (272451-65-7)<br \/>\nFlufenacet (Fluthiamide) (142459-58-3)<br \/>\nHexythiazox (78587-05-0)<br \/>\nMefenacet (73250-68-7)<br \/>\nMesotrione (104206-82-8)<br \/>\nMethoprotryne (841-06-5)<br \/>\nMetribuzin (21087-64-9)<br \/>\nPrometryne (7287-19-6)<br \/>\nPropargite (2312-35-8)<br \/>\nProthioconazole (178928-70-6)<br \/>\nPyridaben (96489-71-3)<br \/>\nSimetryn (1014-70-6)<br \/>\nSulfentrazone (122836-35-5)<br \/>\nTerbutryn (886-50-0)<br \/>\nThiabendazole (148-79-8)<br \/>\nThiacloprid (111988-49-9)<br \/>\nThiamethoxam (153719-23-4)<br \/>\nThiofanox (39196-18-4)<br \/>\nTricyclazole (Beam) (41814-78-2)<\/p>\n<p><b>31977: LC Standard Nr. 6 f\u00fcr Multipestizidr\u00fcckst\u00e4nde<\/b><br \/>\nOrganostickstoffverbindungen<br \/>\n100 \u03bcg\/mL, Acetonitril, 1 mL\/Ampulle<br \/>\nBaycor (Bitertanol) (55179-31-2)<br \/>\nBromuconazole (116255-48-2)<br \/>\nCyproconazole (94361-06-5)<br \/>\nDiclobutrazol (75736-33-3)<br \/>\nDifenoconazole (119446-68-3)<br \/>\nDiniconazole (83657-24-3)<br \/>\nEpoxiconazole (133855-98-8)<br \/>\nEtaconazole (60207-93-4)<br \/>\nEthirimol (23947-60-6)<br \/>\nEtoxazole (153233-91-1)<br \/>\nFenarimol (60168-88-9)<br \/>\nFenbuconazole (114369-43-6)<br \/>\nFluquinconazole (136426-54-5)<br \/>\nFlusilazole (85509-19-9)<br \/>\nFlutriafol (76674-21-0)<br \/>\nFuberidazole (3878-19-1)<br \/>\nHexaconazole (79983-71-4)<br \/>\nIpconazole (125225-28-7)<br \/>\nMetconazole (125116-23-6)<br \/>\nNuarimol (63284-71-9)<br \/>\nPaclobutrazol (76738-62-0)<br \/>\nPenconazole (66246-88-6)<br \/>\nPropiconazole (Tilt) (60207-90-1)<br \/>\nTebuconazole (107534-96-3)<br \/>\nTetraconazole (112281-77-3)<br \/>\nTriadimenol (55219-65-3)<br \/>\nTriflumizole (68694-11-1)<br \/>\nTriticonazole (131983-72-7)<\/p>\n<p><b>31978: LC Standard Nr. 7 f\u00fcr Multipestizidr\u00fcckst\u00e4nde<\/b><br \/>\nOrganostickstoffverbindungen<br \/>\n100 \u03bcg\/mL, Acetonitril, 1 mL\/Ampulle<br \/>\nEmamectin-benzoate (155569-91-8)<br \/>\nFenpropimorph (67564-91-4)<br \/>\nSpinetoram (J&#038;L) (935545-74-7)\u2021<br \/>\nSpinosad (A&#038;D) (168316-95-8)**<br \/>\nSpirodiclofen (148477-71-8)<br \/>\nSpiromesifen (283594-90-1)<br \/>\nSpirotetramat (203313-25-1)<\/p>\n<p><b>31979: LC Multipestizid Standard #8 (Hydramethylnon)<\/b><br \/>\nOrganostickstoff Komponenten<br \/>\n100 \u00b5g\/mL, Acetonitril, 1 mL\/Ampulle<br \/>\nHydramethylnon (67485-29-4)<\/p>\n<p><b>31980: LC Standard Nr. 9 f\u00fcr Multipestizidr\u00fcckst\u00e4nde<\/b><br \/>\nCarbamat\/Uron-Verbindungen<br \/>\n100 \u03bcg\/mL, Acetonitril, 1 mL\/Ampulle<br \/>\nAminocarb (2032-59-9)<br \/>\nDesmedipham (13684-56-5)<br \/>\nFormetanate HCL (23422-53-9)<br \/>\nMexacarbate (Zectran) (315-18-4)<br \/>\nMonceren (Pencycuron) (66063-05-6)<br \/>\nPhenmedipham (13684-63-4)<br \/>\nPropamocarb free base (24579-73-5)<\/p>\n<p><b>31981: LC Multipestizid Standard #10 (Carbendazim)<\/b><br \/>\nCarbamat\/Uron Komponenten<br \/>\n100 \u00b5g\/mL, Methanol, 1 mL\/Ampulle<br \/>\nCarbendazim (10605-21-7)<\/p>\n<p>*Referenzmaterialien, die Chlorantraniliprol (500008-45-7) enthalten, m\u00fcssen vor dem \u00d6ffnen der Ampulle mindestens 60 Minuten lang mit Ultraschall behandelt werden. Da jedes Ultraschallbad mit einem anderen Energieniveau arbeitet, sind 60 Minuten nur ein Richtwert. Eine l\u00e4ngere Beschallungszeit hat keinen Einfluss auf die Produktqualit\u00e4t. Diese Vorsichtsma\u00dfnahmen gelten auch f\u00fcr in Ihrem Labor hergestellte Arbeitsl\u00f6sungen. Die Menge der ausfallenden Verbindung h\u00e4ngt von der Konzentration und der Temperatur ab. Wenn Sie Ihre Standards, auch verd\u00fcnnte L\u00f6sungen, bei einer Temperatur lagern, die deutlich unter der auf dem Etikett empfohlenen Temperatur liegt, planen Sie eine l\u00e4ngere Beschallungszeit ein.<\/p>\n<p>\u2020Hinweis: In diesem Standard sollte Fluazinam nur f\u00fcr die qualitative Analyse verwendet werden.<\/p>\n<p>\u2021Dieses Referenzmaterial enth\u00e4lt sowohl die Spinetoram J- als auch die L-Isomere (187166-40-1 und 187166-15-0); auf dem Zertifikat ist jedoch die CAS-Nr. 935545-74-7 angegeben, da es sich um das reine, in der L\u00f6sung gel\u00f6ste Material handelt. CAS# 935545-74-7 ist eine Mischung aus Spinetoram J und L, und das Verh\u00e4ltnis jedes Materialisomers wird auf Ihrem Analysezertifikat angezeigt.<\/p>\n<p>**Dieses Referenzmaterial enth\u00e4lt Spinosad A- und D-Isomere (131929-60-7 und 131929-63-0); auf dem Zertifikat ist jedoch die CAS-Nr. 168316-95-8 angegeben, da es sich um das in der L\u00f6sung gel\u00f6ste reine Material handelt. CAS-Nr. 168316-95-8 ist eine Mischung aus Spinosad A und D, und das Verh\u00e4ltnis jedes Materialisomers wird auf Ihrem Analysezertifikat angezeigt.<\/p>\n<p><b>Funktionen und Vorteile:<\/b><br \/>\n&#8211; Zur pr\u00e4zisen Erkennung und Quantifizierung von Pestiziden, die weltweit f\u00fcr die Lebensmittelsicherheit von Bedeutung sind, in einer Vielzahl von Obst- und Gem\u00fcsesorten und anderen Produkten mittels LC-MS\/MS.<br \/>\n&#8211; Das vollst\u00e4ndige Kit enth\u00e4lt 204 Verbindungen, die von Interesse sind, und deckt viele der von den Beh\u00f6rden aufgelisteten, mittels LC-analysierten Pestizide ab; individuelle Ampullen sind auch separat erh\u00e4ltlich.<br \/>\n&#8211; Formuliert und gruppiert f\u00fcr maximale Langzeitstabilit\u00e4t.<br \/>\n&#8211; Quantitativ getestet, um die Zusammensetzung zu best\u00e4tigen; eine ausf\u00fchrliche Begleitdokumentation liegt bei.<br \/>\n&#8211; Die optimierte Mehrkomponenten-Pestizidmethode wird kostenlos angeboten; die herunterladbare XLS-Datei enth\u00e4lt Bedingungen und \u00dcbergangstabellen.<br \/>\n&#8211; Restek ist Ihr Komplettanbieter f\u00fcr die erstklassige LC-MS\/MS-Analyse von Multipestizidr\u00fcckst\u00e4nden: Referenz- und interne Standards, LC-S\u00e4ulen, Q-sep QuEChERS-Probenvorbereitungsprodukte, Zubeh\u00f6r und mehr!<\/p>\n<p>Hinweis: Bei der Kombination einer gro\u00dfen Anzahl von Verbindungen mit unterschiedlichen funktionellen Gruppen kann die Stabilit\u00e4t des Gemischs ein Problem darstellen. Bei der Formulierung dieser Standards haben wir die 204 beteiligten Verbindungen eingehend untersucht und sie dann in m\u00f6glichst wenigen Mischungen zusammengefasst, die dennoch ein H\u00f6chstma\u00df an langfristiger Stabilit\u00e4t und Zuverl\u00e4ssigkeit bieten. F\u00fcr die quantitative Analyse empfehlen wir, jedes Gemisch separat zu analysieren, um genaue Ergebnisse f\u00fcr jede Verbindung zu gew\u00e4hrleisten.<\/p>\n<p><b>Technische Spezifikationen:<\/b><br \/>\n&#8211; Katalognummer: 31971<br \/>\n&#8211; Produktname: LC Multipestizid Standard Kit<br \/>\n&#8211; Zertifiziertes Referenzmaterial (CRM): Ja<br \/>\n&#8211; Mindesthaltbarkeit am Versanddatum (Monate): 6<br \/>\n&#8211; Versandbedingungen: auf Eis<br \/>\n&#8211; Lagertemperatur: -20 \u00b0C oder k\u00e4lter<br \/>\n&#8211; Einheiten: Kit<\/p>\n","protected":false},"excerpt":{"rendered":"<p><b>Zubeh\u00f6r- und Ersatzteile erhalten Sie gerne auf Anfrage!<\/b><\/p>\n","protected":false},"featured_media":20952,"template":"","meta":[],"product_brand":[362],"product_cat":[350],"product_tag":[],"class_list":{"0":"post-20951","1":"product","2":"type-product","3":"status-publish","4":"has-post-thumbnail","6":"product_brand-restek","7":"product_cat-gaschromatografie","8":"product_shipping_class-standard","10":"first","11":"instock","12":"taxable","13":"shipping-taxable","14":"purchasable","15":"product-type-simple"},"tiered_pricing_type":"fixed","tiered_pricing_fixed_rules":[],"tiered_pricing_product_settings":{"layout":"default","base_unit_name":{"singular":null,"plural":null},"default_variation":null},"tiered_pricing_minimum_quantity":null,"tiered_pricing_roles_data":[],"tiered_pricing_percentage_rules":[],"_links":{"self":[{"href":"https:\/\/lt-laborhandel.de\/en\/wp-json\/wp\/v2\/product\/20951","targetHints":{"allow":["GET"]}}],"collection":[{"href":"https:\/\/lt-laborhandel.de\/en\/wp-json\/wp\/v2\/product"}],"about":[{"href":"https:\/\/lt-laborhandel.de\/en\/wp-json\/wp\/v2\/types\/product"}],"wp:featuredmedia":[{"embeddable":true,"href":"https:\/\/lt-laborhandel.de\/en\/wp-json\/wp\/v2\/media\/20952"}],"wp:attachment":[{"href":"https:\/\/lt-laborhandel.de\/en\/wp-json\/wp\/v2\/media?parent=20951"}],"wp:term":[{"taxonomy":"product_brand","embeddable":true,"href":"https:\/\/lt-laborhandel.de\/en\/wp-json\/wp\/v2\/product_brand?post=20951"},{"taxonomy":"product_cat","embeddable":true,"href":"https:\/\/lt-laborhandel.de\/en\/wp-json\/wp\/v2\/product_cat?post=20951"},{"taxonomy":"product_tag","embeddable":true,"href":"https:\/\/lt-laborhandel.de\/en\/wp-json\/wp\/v2\/product_tag?post=20951"}],"curies":[{"name":"wp","href":"https:\/\/api.w.org\/{rel}","templated":true}]}}