{"id":20946,"date":"2025-03-12T10:19:24","date_gmt":"2025-03-12T09:19:24","guid":{"rendered":"https:\/\/lt-laborhandel.de\/?post_type=product&#038;p=20946"},"modified":"2026-01-19T15:39:52","modified_gmt":"2026-01-19T14:39:52","slug":"restek-proflow-6000-elektronischer-flussmesser-22656-kopie","status":"publish","type":"product","link":"https:\/\/lt-laborhandel.de\/en\/produkt\/restek-proflow-6000-elektronischer-flussmesser-22656-kopie\/","title":{"rendered":"Restek elektronischer Leckdetektor, #28500"},"content":{"rendered":"<p><b>Beschreibung:<\/b><\/p>\n<p>Die Merkmale und Vorteile umfassen:<br \/>\n&#8211; Erkennt eine Vielzahl von Gasen.<br \/>\n&#8211; Akustischer Ton und LED-Anzeige zeigen den Schweregrad eines Lecks an.<br \/>\n&#8211; Kann w\u00e4hrend des Aufladens betrieben oder bis zu 12 Stunden zwischen den Aufladungen verwendet werden.<br \/>\n&#8211; Ergonomisches, handgef\u00fchrtes Design.<br \/>\n&#8211; Robuste seitliche Griffe f\u00fcr zus\u00e4tzliche Haltbarkeit.<br \/>\n&#8211; Praktische Sondenaufbewahrung f\u00fcr Sauberkeit und Komfort.<br \/>\n&#8211; Automatische Abschaltung.<br \/>\n&#8211; Ein praktischer Transport- und Aufbewahrungskoffer.<br \/>\n&#8211; Leicht zu reinigende Sondeneinheit.<br \/>\n&#8211; Ein universeller Netzadapter (USA, Gro\u00dfbritannien, Europa, Australien, Japan).<br \/>\n&#8211; USB-Ladekabel.<\/p>\n<p>Mit einer einj\u00e4hrigen Garantie ist der Restek-Leckdetektor der Industriestandard f\u00fcr Leistung und Erschwinglichkeit bei tragbaren Leckdetektoren.<\/p>\n<p><b>Spezifikationen des Leckdetektors:<\/b><br \/>\n&#8211; Nachweisbare Gase: Helium, Stickstoff, Argon, Kohlendioxid, Wasserstoff *<br \/>\n&#8211; Akku: Wiederaufladbarer interner Nickel-Metallhydrid-Akku (NiMH) (12 Stunden Normalbetrieb)<br \/>\n&#8211; Umgebungstemperatur: 10\u201337 \u00b0C (50\u201398.6 \u00b0F)<br \/>\n&#8211; Luftfeuchtigkeitsbereich: 0\u201397 %<br \/>\n&#8211; Garantie: Ein Jahr<br \/>\n&#8211; Zertifizierung\/Compliance: CE (EU, Korea, Japan, Australien); CSA\/UL gepr\u00fcft, nicht gelistet; WEEE; CEC; China RoHS 2; UKCA<br \/>\n&#8211; Nur f\u00fcr den Innenbereich<\/p>\n<p>Nachweisgrenzen:<br \/>\nDiese Gase k\u00f6nnen mit dem elektronischen Leckdetektor von Restek bei den folgenden Leckraten nachgewiesen werden:<br \/>\n&#8211; Mindestgrenzwerte f\u00fcr nachweisbare Gase und Farbe der LED-Anzeige:<br \/>\n&#8211; Helium, 1.0 x 10-5, rotes LED<br \/>\n&#8211; Wasserstoff*, 1.0 x 10-5, rotes LED<br \/>\n&#8211; Stickstoff, 1.4 x 10-3, gelbes LED<br \/>\n&#8211; Argon, 1.0 x 10-4, gelbes LED<br \/>\n&#8211; Kohlendioxid, 1.0 x 10-4, gelbes LED<\/p>\n<p>Gasnachweisgrenzen gemessen in atm cc\/sec.<\/p>\n<p><b>Technische Spezifikationen:<\/b><br \/>\n&#8211; Katalognummer: 28500<br \/>\n&#8211; Produktname: Restek elektronischer Leckdetektor<br \/>\n&#8211; Enth\u00e4lt: Tragetasche, Universal-AC-Netzadapter [USA, Gro\u00dfbritannien, Europa, Australien, Japan], 6ft langes USB-Ladekabel<br \/>\n&#8211; Einheiten: 1<br \/>\n&#8211; Vergleichbar mit Restek: 22655, 22839<\/p>\n<p><b>Funktionen und Vorteile:<\/b><br \/>\nNeu und verbessert! Verhindern Sie mit einem Leckdetektor von Restek, dass kleine Lecks gro\u00dfe Probleme verursachen.<\/p>\n<p>&#8211; Erkennt ein breites Spektrum an Gasen und zeigt den Schweregrad der Leckage sowohl durch eine LED-Anzeige als auch durch einen Signalton an.<br \/>\n&#8211; Kein Warten mehr auf eine volle Akku-Ladung &#8211; kann w\u00e4hrend des Aufladens betrieben oder bis zu 12 Stunden zwischen den Aufladungen verwendet werden.<br \/>\n&#8211; Das Ladekit enth\u00e4lt sowohl einen universellen AC-Netzadapter als auch ein USB-Ladekabel, damit Sie jederzeit und \u00fcberall laden k\u00f6nnen.<br \/>\n&#8211; Lokalisieren Sie sehr kleine Gaslecks schnell und genau, bevor sie Sch\u00e4den und Ausfallzeiten verursachen.<br \/>\n&#8211; Das kompakte, tragbare Ger\u00e4t ist einfach zu bedienen und kann \u00fcberall dort eingesetzt werden, wo Sie nach Lecks suchen m\u00fcssen.<\/p>\n<p>Wenn Ihr elektronischer Leckdetektor von Restek gewartet oder repariert werden muss, senden Sie bitte ein ausgef\u00fclltes Formular f\u00fcr Gesundheit und Sicherheit sowie ein Formular f\u00fcr SRV-GC-Zubeh\u00f6r an die oben auf<br \/>\njedem Formular angegebene E-Mail-Adresse. Wenn Sie nicht alle erforderlichen Angaben machen, kann dies zu erheblichen Verz\u00f6gerungen bei der Bearbeitung f\u00fchren. Sobald wir beide ausgef\u00fcllten Formulare erhalten haben,<br \/>\nwerden wir Ihnen eine Genehmigung und Anweisungen f\u00fcr die R\u00fccksendung Ihres Ger\u00e4ts zukommen lassen; senden Sie keine Ger\u00e4te an Restek zur\u00fcck, bevor Sie die Genehmigung erhalten haben. Der Leckdetektor-Service (Art.-<br \/>\nNr. 22655-R oder 28500-S) umfasst die Inspektion, den Austausch der Batterie (falls erforderlich) und die Pr\u00fcfung des Ger\u00e4ts.<\/p>\n","protected":false},"excerpt":{"rendered":"<p><b>Zubeh\u00f6r- und Ersatzteile erhalten Sie gerne auf Anfrage!<\/b><\/p>\n","protected":false},"featured_media":20948,"template":"","meta":[],"product_brand":[362],"product_cat":[350],"product_tag":[],"class_list":{"0":"post-20946","1":"product","2":"type-product","3":"status-publish","4":"has-post-thumbnail","6":"product_brand-restek","7":"product_cat-gaschromatografie","8":"product_shipping_class-standard","10":"first","11":"instock","12":"taxable","13":"shipping-taxable","14":"purchasable","15":"product-type-simple"},"tiered_pricing_type":"fixed","tiered_pricing_fixed_rules":[],"tiered_pricing_product_settings":{"layout":"default","base_unit_name":{"singular":null,"plural":null},"default_variation":null},"tiered_pricing_minimum_quantity":null,"tiered_pricing_roles_data":[],"tiered_pricing_percentage_rules":[],"_links":{"self":[{"href":"https:\/\/lt-laborhandel.de\/en\/wp-json\/wp\/v2\/product\/20946","targetHints":{"allow":["GET"]}}],"collection":[{"href":"https:\/\/lt-laborhandel.de\/en\/wp-json\/wp\/v2\/product"}],"about":[{"href":"https:\/\/lt-laborhandel.de\/en\/wp-json\/wp\/v2\/types\/product"}],"wp:featuredmedia":[{"embeddable":true,"href":"https:\/\/lt-laborhandel.de\/en\/wp-json\/wp\/v2\/media\/20948"}],"wp:attachment":[{"href":"https:\/\/lt-laborhandel.de\/en\/wp-json\/wp\/v2\/media?parent=20946"}],"wp:term":[{"taxonomy":"product_brand","embeddable":true,"href":"https:\/\/lt-laborhandel.de\/en\/wp-json\/wp\/v2\/product_brand?post=20946"},{"taxonomy":"product_cat","embeddable":true,"href":"https:\/\/lt-laborhandel.de\/en\/wp-json\/wp\/v2\/product_cat?post=20946"},{"taxonomy":"product_tag","embeddable":true,"href":"https:\/\/lt-laborhandel.de\/en\/wp-json\/wp\/v2\/product_tag?post=20946"}],"curies":[{"name":"wp","href":"https:\/\/api.w.org\/{rel}","templated":true}]}}