{"id":20943,"date":"2025-03-12T10:13:41","date_gmt":"2025-03-12T09:13:41","guid":{"rendered":"https:\/\/lt-laborhandel.de\/?post_type=product&#038;p=20943"},"modified":"2026-01-09T21:26:28","modified_gmt":"2026-01-09T20:26:28","slug":"restek-topaz-single-taper-inlet-liner-3-5-mm-x-5-0-x-95-fuer-shimadzu-gcs-17a-2010-2014-und-2030-mit-quarzwolle-am-unteren-ende-premium-deaktivierung-5er-pack-23336","status":"publish","type":"product","link":"https:\/\/lt-laborhandel.de\/en\/produkt\/restek-topaz-single-taper-inlet-liner-3-5-mm-x-5-0-x-95-fuer-shimadzu-gcs-17a-2010-2014-und-2030-mit-quarzwolle-am-unteren-ende-premium-deaktivierung-5er-pack-23336\/","title":{"rendered":"Restek Topaz, Single Taper Inlet Liner, 3.5 mm x 5.0 x 95, f\u00fcr Shimadzu GCs 17A, 2010, 2014 und 2030, mit Quarzwolle am unteren Ende, Premium-Deaktivierung, 5er Pack, #23336"},"content":{"rendered":"<p><b>Funktionen und Vorteile:<\/b><br \/>\nTopaz GC Inlet Liners zeichnen sich durch revolution\u00e4re Technologie und Inertheit aus, um Ihnen das n\u00e4chste Level an True Blue Performance zu bieten:<br \/>\n&#8211; Deaktivierung: unglaublich niedrige Zersetzung f\u00fcr richtige und pr\u00e4zise GC-Analysen niedriger Konzentrationen .<br \/>\n&#8211; Reproduzierbarkeit: unschlagbare Fertigungskontrollen und QK-Pr\u00fcfungen f\u00fcr hervorragende Zuverl\u00e4ssigkeit \u00fcber unterschiedliche Verbindungsklassen.<br \/>\n&#8211; Produktivit\u00e4t: unerreichte Sauberkeit f\u00fcr optimale GC-Betriebszeit und Laborleistung.<br \/>\n&#8211; 100%ige Zufriedenheit: wenn ein Liner nicht Ihren Erwartungen entspricht, ersetzen wir ihn oder schreiben den Wert des Produkts Ihrem Konto gut.<br \/>\n&#8211; Patentiert<\/p>\n<p><b>Technische Spezifikation:<\/b><br \/>\n&#8211; Katalognummer: 23336<br \/>\n&#8211; Produktname: Topaz, Single Taper Inlet Liner, 3.5 mm x 5.0 x 95, f\u00fcr Shimadzu GCs 17A, 2010, 2014 und 2030, mit Quarzwolle am unteren Ende, Premium-Deaktivierung, 5er Pack<br \/>\n&#8211; Ger\u00e4temodell: 17A|2010|2014|2030<br \/>\n&#8211; Deaktivierung: Premium<br \/>\n&#8211; Ger\u00e4tehersteller: Shimadzu<br \/>\n&#8211; Innendurchmesser (ID): 3.5 mm<br \/>\n&#8211; L\u00e4nge: 95 mm<br \/>\n&#8211; Liner-Geometrie: Single Taper<br \/>\n&#8211; Material: Borosilikatglas<br \/>\n&#8211; Au\u00dfendurchmesser (AD): 5.0 mm<br \/>\n&#8211; Liner-Packungsmaterial: Quarzwolle<br \/>\n&#8211; Einheiten: 5er Pck.<br \/>\n&#8211; Volumen: 0.702 mL<br \/>\n&#8211; Vergleichbar mit Restek: 22286-200.1, 22287-211.5<\/p>\n","protected":false},"excerpt":{"rendered":"<p><b>Zubeh\u00f6r- und Ersatzteile erhalten Sie gerne auf Anfrage!<\/b><\/p>\n","protected":false},"featured_media":20944,"template":"","meta":[],"product_brand":[362],"product_cat":[350],"product_tag":[],"class_list":{"0":"post-20943","1":"product","2":"type-product","3":"status-publish","4":"has-post-thumbnail","6":"product_brand-restek","7":"product_cat-gaschromatografie","8":"product_shipping_class-standard","10":"first","11":"instock","12":"taxable","13":"shipping-taxable","14":"purchasable","15":"product-type-simple"},"tiered_pricing_type":"fixed","tiered_pricing_fixed_rules":[],"tiered_pricing_product_settings":{"layout":"default","base_unit_name":{"singular":null,"plural":null},"default_variation":null},"tiered_pricing_minimum_quantity":null,"tiered_pricing_roles_data":[],"tiered_pricing_percentage_rules":[],"_links":{"self":[{"href":"https:\/\/lt-laborhandel.de\/en\/wp-json\/wp\/v2\/product\/20943","targetHints":{"allow":["GET"]}}],"collection":[{"href":"https:\/\/lt-laborhandel.de\/en\/wp-json\/wp\/v2\/product"}],"about":[{"href":"https:\/\/lt-laborhandel.de\/en\/wp-json\/wp\/v2\/types\/product"}],"wp:featuredmedia":[{"embeddable":true,"href":"https:\/\/lt-laborhandel.de\/en\/wp-json\/wp\/v2\/media\/20944"}],"wp:attachment":[{"href":"https:\/\/lt-laborhandel.de\/en\/wp-json\/wp\/v2\/media?parent=20943"}],"wp:term":[{"taxonomy":"product_brand","embeddable":true,"href":"https:\/\/lt-laborhandel.de\/en\/wp-json\/wp\/v2\/product_brand?post=20943"},{"taxonomy":"product_cat","embeddable":true,"href":"https:\/\/lt-laborhandel.de\/en\/wp-json\/wp\/v2\/product_cat?post=20943"},{"taxonomy":"product_tag","embeddable":true,"href":"https:\/\/lt-laborhandel.de\/en\/wp-json\/wp\/v2\/product_tag?post=20943"}],"curies":[{"name":"wp","href":"https:\/\/api.w.org\/{rel}","templated":true}]}}