{"id":20937,"date":"2025-03-12T10:05:52","date_gmt":"2025-03-12T09:05:52","guid":{"rendered":"https:\/\/lt-laborhandel.de\/?post_type=product&#038;p=20937"},"modified":"2026-01-09T21:26:27","modified_gmt":"2026-01-09T20:26:27","slug":"restek-proflow-6000-elektronischer-flussmesser-22656","status":"publish","type":"product","link":"https:\/\/lt-laborhandel.de\/en\/produkt\/restek-proflow-6000-elektronischer-flussmesser-22656\/","title":{"rendered":"Restek ProFLOW 6000 Elektronischer Flussmesser, #22656"},"content":{"rendered":"<p><b>Beschreibung:<\/b><\/p>\n<p>Zu den hochmodernen Funktionen geh\u00f6ren:<br \/>\n&#8211; Volumenstrommessungen f\u00fcr Gase in einem Bereich von 0.5-500 mL\/min.<br \/>\n&#8211; NIST-r\u00fcckf\u00fchrbare Kalibrierung.<br \/>\n&#8211; Ex-Zulassung (elektrische Betriebsmittel f\u00fcr gasexplosionsgef\u00e4hrdete Bereiche) f\u00fcr Wasserstoff und verwandte Gasarten.<br \/>\n&#8211; Genauigkeit von \u00b12.00 % des Durchflussmesswerts oder \u00b10.200 mL\/min, je nachdem, welcher Wert gr\u00f6\u00dfer ist.<br \/>\n&#8211; Warnanzeige f\u00fcr Bereichs\u00fcberschreitung.<br \/>\n&#8211; Automatische Abschaltfunktion.<br \/>\n&#8211; Verwendung als Tischger\u00e4t oder Handger\u00e4t.<br \/>\n&#8211; Ergonomisches Design und seitliche Griffe f\u00fcr mehr Komfort.<br \/>\n&#8211; M\u00f6glichkeit die meisten Gasarten zu messen. *<br \/>\n&#8211; Praktischer Trage-\/Aufbewahrungskoffer inbegriffen.<br \/>\n&#8211; Betrieb mit zwei AA-Batterien (im Lieferumfang enthalten).<br \/>\n&#8211; Datenausgabe \u00fcber USB-Port.<br \/>\n&#8211; Ein Jahr Garantie (ausgenommen Rekalibrierung).<br \/>\n&#8211; Service zur Rekalibrierung verf\u00fcgbar.<br \/>\n&#8211; Der Durchflussmesser ist f\u00fcr die Messung sauberer, trockener, nicht korrosiver Gase ausgelegt.<\/p>\n<p><b>Technische Daten des Durchflussmessers:<\/b><br \/>\n&#8211; Typ des Durchflussmessers: Volumetrisch<br \/>\n&#8211; Akku: 2-AA<br \/>\n&#8211; Betriebstemp. Bereich: 0-48 \u00b0C (32\u2013120 \u00b0F)<br \/>\n&#8211; Garantie: Ein Jahr Garantie (ausgenommen Neukalibrierung)<br \/>\n&#8211; Zertifizierung\/Konformit\u00e4t: CE, Ex, Canadian ICES-003, WEEE, RoHS 2, China RoHS 2, UKCA<\/p>\n<p><b>Funktionen und Vorteile:<\/b><br \/>\nDurchflussmesser, die brennbare Gase messen k\u00f6nnen, werden aufgrund der zunehmenden Verwendung von Wasserstoff in der Chromatografie immer wichtiger. Mit seiner Ex-Einstufung ist das Restek ProFLOW 6000 Messger\u00e4t speziell f\u00fcr explosive und brennbare Gase konzipiert.<\/p>\n<p>Der Restek ProFLOW 6000 ist der einzige Durchflussmesser, den Sie f\u00fcr alle Ihre chromatografischen Gasmessungen ben\u00f6tigen, da er \u00fcber eine breite Palette von Funktionen verf\u00fcgt. Der ProFLOW 6000 ist ein elektronisches Messger\u00e4t, das den Volumenstrom der meisten Gase messen kann. Echtzeitmessungen k\u00f6nnen f\u00fcr unterschiedliche Flie\u00dfwege und sich st\u00e4ndig \u00e4ndernde Gasarten durchgef\u00fchrt werden. Dieses tragbare Ger\u00e4t eignet sich zur bequemen handgehaltenen Verwendung, und der St\u00e4nder ist praktisch f\u00fcr den Benchtop-Einsatz.<\/p>\n<p>Restek empfiehlt: Um m\u00f6glichst genaue Durchflussmessungen zu gew\u00e4hrleisten, sollten Sie Ihren ProFLOW 6000 Durchflussmesser einmal im Jahr neu kalibrieren. Wenn Sie Ihr Ger\u00e4t \u00fcber einen l\u00e4ngeren Zeitraum nicht neu kalibrieren, kann dies zu erh\u00f6hten Fehlern f\u00fchren. Bevor Sie Ihren Restek-Durchflussmesser zur\u00fccksenden, schicken Sie bitte ein ausgef\u00fclltes Formular f\u00fcr Gesundheit und Sicherheit sowie ein Formular f\u00fcr SRV-GC-Zubeh\u00f6r an die oben auf jedem Formular angegebene E-Mail-Adresse. Wenn Sie nicht alle erforderlichen Angaben machen, kann dies zu erheblichen Verz\u00f6gerungen bei der Bearbeitung f\u00fchren. Sobald wir beide ausgef\u00fcllten Formulare erhalten haben, werden wir Ihnen eine Genehmigung und Anweisungen f\u00fcr die R\u00fccksendung Ihres Ger\u00e4ts zukommen lassen; senden Sie keine Ger\u00e4te an Restek zur\u00fcck, bevor Sie die Genehmigung erhalten haben. Der Service f\u00fcr den Durchflussmesser (Art.-Nr. 22656-R) umfasst eine Neukalibrierung und alle erforderlichen Reparaturen (f\u00fcr Reparaturen k\u00f6nnen zus\u00e4tzliche Kosten anfallen).<\/p>\n<p>F\u00fcr h\u00e4ufig gestellte Fragen zu unserem ProFLOW 6000 Durchflussmesser klicken Sie hier:<br \/>\nhttps:\/\/www.restek.com\/global\/de\/articles\/frequently-asked-questions-proflow-6000-electronic-flowmeter\/<\/p>\n","protected":false},"excerpt":{"rendered":"<p><b>Zubeh\u00f6r- und Ersatzteile erhalten Sie gerne auf Anfrage!<\/b><\/p>\n","protected":false},"featured_media":20938,"template":"","meta":[],"product_brand":[],"product_cat":[350],"product_tag":[],"class_list":{"0":"post-20937","1":"product","2":"type-product","3":"status-publish","4":"has-post-thumbnail","6":"product_cat-gaschromatografie","7":"product_shipping_class-standard","9":"first","10":"instock","11":"taxable","12":"shipping-taxable","13":"purchasable","14":"product-type-simple"},"tiered_pricing_type":"fixed","tiered_pricing_fixed_rules":[],"tiered_pricing_product_settings":{"layout":"default","base_unit_name":{"singular":null,"plural":null},"default_variation":null},"tiered_pricing_minimum_quantity":null,"tiered_pricing_roles_data":[],"tiered_pricing_percentage_rules":[],"_links":{"self":[{"href":"https:\/\/lt-laborhandel.de\/en\/wp-json\/wp\/v2\/product\/20937","targetHints":{"allow":["GET"]}}],"collection":[{"href":"https:\/\/lt-laborhandel.de\/en\/wp-json\/wp\/v2\/product"}],"about":[{"href":"https:\/\/lt-laborhandel.de\/en\/wp-json\/wp\/v2\/types\/product"}],"wp:featuredmedia":[{"embeddable":true,"href":"https:\/\/lt-laborhandel.de\/en\/wp-json\/wp\/v2\/media\/20938"}],"wp:attachment":[{"href":"https:\/\/lt-laborhandel.de\/en\/wp-json\/wp\/v2\/media?parent=20937"}],"wp:term":[{"taxonomy":"product_brand","embeddable":true,"href":"https:\/\/lt-laborhandel.de\/en\/wp-json\/wp\/v2\/product_brand?post=20937"},{"taxonomy":"product_cat","embeddable":true,"href":"https:\/\/lt-laborhandel.de\/en\/wp-json\/wp\/v2\/product_cat?post=20937"},{"taxonomy":"product_tag","embeddable":true,"href":"https:\/\/lt-laborhandel.de\/en\/wp-json\/wp\/v2\/product_tag?post=20937"}],"curies":[{"name":"wp","href":"https:\/\/api.w.org\/{rel}","templated":true}]}}