{"id":20931,"date":"2025-03-12T09:58:45","date_gmt":"2025-03-12T08:58:45","guid":{"rendered":"https:\/\/lt-laborhandel.de\/?post_type=product&#038;p=20931"},"modified":"2026-01-09T21:26:27","modified_gmt":"2026-01-09T20:26:27","slug":"restek-rt-q-bond-plot-saeule-30m-0-32mm-id-10-%c2%b5m-19744","status":"publish","type":"product","link":"https:\/\/lt-laborhandel.de\/en\/produkt\/restek-rt-q-bond-plot-saeule-30m-0-32mm-id-10-%c2%b5m-19744\/","title":{"rendered":"Restek Rt-Q-BOND PLOT S\u00e4ule 30m, 0.32mm, ID, 10 \u00b5m, #19744"},"content":{"rendered":"<p><b>Beschreibung:<\/b><br \/>\nPor\u00f6se Polymere sind spezielle station\u00e4re Phasen mit hoher Retention f\u00fcr einen breiten Anwendungsbereich, die sowohl polare als auch nichtpolare Verbindungen eluieren k\u00f6nnen. Sie sind sehr hydrophob, so dass Wasser keinen Einfluss auf die Retentionszeiten hat und sogar als guter chromatografischer Peak eluiert. Q-BOND ist unsere st\u00e4rkste nichtpolare und am weitesten verbreitete S\u00e4ule mit por\u00f6sem Polymer; durch Einbau von funktionellen Gruppen l\u00e4sst sich die Polarit\u00e4t erh\u00f6hen (z. B. QS-, S- und U-BOND). Das Verfahren zur Herstellung von PLOT-S\u00e4ulen mit por\u00f6sem Polymer f\u00fchrt zu einer starken Bindung der Partikel an den Kapillarw\u00e4nden, so dass praktisch keine Partikel freigesetzt werden. Das Ergebnis ist eine reproduzierbare Performance von S\u00e4ule zu S\u00e4ule, einschlie\u00dflich Selektivit\u00e4t und Durchfluss.<\/p>\n<p>Ein erneutes Wickeln der PLOT-S\u00e4ulen wird nicht empfohlen, da sich dadurch Partikel von der Seitenwand der Kapillare l\u00f6sen k\u00f6nnen.<\/p>\n<p><b>Funktionen &#038; Vorteile:<\/b><br \/>\n&#8211; Unpolare PLOT-S\u00e4ule, die 100 % Divinylbenzol enth\u00e4lt.<br \/>\n&#8211; Hervorragend geeignet f\u00fcr die Analyse von C1- bis C3-Kohlenwasserstoffen sowie von Isomeren und Alkanen bis C10.<br \/>\n&#8211; Hoher Retentionsgrad f\u00fcr CO2 vereinfacht die Gasanalyse; CO2 und Methan wird von O2\/N2\/CO getrennt. (Hinweis: O2\/N2\/CO wird bei Umgebungstemperatur nicht getrennt.)<br \/>\n&#8211; Verwendung f\u00fcr die Analyse von sauerstoffhaltigen Verbindungen und L\u00f6semitteln.<br \/>\n&#8211; Maximale Temperatur von 300 \u00b0C.<br \/>\n&#8211; Eine Querverweisliste zu Phasen von GC-S\u00e4ulen ist ebenfalls erh\u00e4ltlich.<\/p>\n<p><b>Technische Spezifikation:<\/b><br \/>\n&#8211; Katalognummer: 19744<br \/>\n&#8211; Produktname: Rt-Q-BOND PLOT S\u00e4ule 30m, 0.32mm, ID, 10 \u00b5m<br \/>\n&#8211; Typ der station\u00e4ren Phase: Rt-Q-BOND<br \/>\n&#8211; \u00c4hnliche Phasen: Agilent HP-PLOT Q, PoraBOND Q, PoraPLOT Q, PoraPLOT Q Ultimetal \u2022 Quadrex PLT-Q \u2022 Supelco\/Millipore Sigma Supel-Q-PLOT<br \/>\n&#8211; df (Filmdicke): 10 \u00b5m<br \/>\n&#8211; Innendurchmesser (ID): 0.32 mm<br \/>\n&#8211; L\u00e4nge: 30 m<br \/>\n&#8211; Phase: 100 % Divinylbenzol<br \/>\n&#8211; Temperaturgrenzen: -60 bis 280\/300 \u00b0C<br \/>\n&#8211; Einheiten: 1<\/p>\n","protected":false},"excerpt":{"rendered":"<p><b>Zubeh\u00f6r- und Ersatzteile erhalten Sie gerne auf Anfrage!<\/b><\/p>\n","protected":false},"featured_media":20932,"template":"","meta":[],"product_brand":[362],"product_cat":[350],"product_tag":[],"class_list":{"0":"post-20931","1":"product","2":"type-product","3":"status-publish","4":"has-post-thumbnail","6":"product_brand-restek","7":"product_cat-gaschromatografie","8":"product_shipping_class-standard","10":"first","11":"instock","12":"taxable","13":"shipping-taxable","14":"purchasable","15":"product-type-simple"},"tiered_pricing_type":"fixed","tiered_pricing_fixed_rules":[],"tiered_pricing_product_settings":{"layout":"default","base_unit_name":{"singular":null,"plural":null},"default_variation":null},"tiered_pricing_minimum_quantity":null,"tiered_pricing_roles_data":[],"tiered_pricing_percentage_rules":[],"_links":{"self":[{"href":"https:\/\/lt-laborhandel.de\/en\/wp-json\/wp\/v2\/product\/20931","targetHints":{"allow":["GET"]}}],"collection":[{"href":"https:\/\/lt-laborhandel.de\/en\/wp-json\/wp\/v2\/product"}],"about":[{"href":"https:\/\/lt-laborhandel.de\/en\/wp-json\/wp\/v2\/types\/product"}],"wp:featuredmedia":[{"embeddable":true,"href":"https:\/\/lt-laborhandel.de\/en\/wp-json\/wp\/v2\/media\/20932"}],"wp:attachment":[{"href":"https:\/\/lt-laborhandel.de\/en\/wp-json\/wp\/v2\/media?parent=20931"}],"wp:term":[{"taxonomy":"product_brand","embeddable":true,"href":"https:\/\/lt-laborhandel.de\/en\/wp-json\/wp\/v2\/product_brand?post=20931"},{"taxonomy":"product_cat","embeddable":true,"href":"https:\/\/lt-laborhandel.de\/en\/wp-json\/wp\/v2\/product_cat?post=20931"},{"taxonomy":"product_tag","embeddable":true,"href":"https:\/\/lt-laborhandel.de\/en\/wp-json\/wp\/v2\/product_tag?post=20931"}],"curies":[{"name":"wp","href":"https:\/\/api.w.org\/{rel}","templated":true}]}}