{"id":20928,"date":"2025-03-12T09:55:48","date_gmt":"2025-03-12T08:55:48","guid":{"rendered":"https:\/\/lt-laborhandel.de\/?post_type=product&#038;p=20928"},"modified":"2026-01-09T21:26:27","modified_gmt":"2026-01-09T20:26:27","slug":"restek-mikrogepackte-gc-saeule-shincarbon-st-80-100-2-m-0-53-mm-id-19043","status":"publish","type":"product","link":"https:\/\/lt-laborhandel.de\/en\/produkt\/restek-mikrogepackte-gc-saeule-shincarbon-st-80-100-2-m-0-53-mm-id-19043\/","title":{"rendered":"Restek Mikrogepackte GC S\u00e4ule ShinCarbon ST, 80\/100, 2 m, 0.53 mm ID, #19043"},"content":{"rendered":"<p><b>Beschreibung:<\/b><br \/>\nAnalysieren Sie Sauerstoff, Stickstoff, Methan, Kohlenmonoxid und Kohlendioxid mit einer einzigen S\u00e4ule bei Raumtemperatur. Das ShinCarbon ST-Material, ein Kohlenstoffmolekularsieb mit gro\u00dfer Oberfl\u00e4che (~1,500 m2\/g), ist das ideale Medium f\u00fcr die Trennung von Gasen und leicht fl\u00fcchtigen Verbindungen mittels Gas-Feststoff-Chromatografie (GSC). Diese S\u00e4ulen erm\u00f6glichen schnelle Analysen bei Temperaturen oberhalb der Umgebungstemperatur. Die ausgezeichnete thermische Stabilit\u00e4t des Kohlenstoffs mit gro\u00dfer Oberfl\u00e4che in Verbindung mit einer sorgf\u00e4ltigen Konditionierung w\u00e4hrend der S\u00e4ulenherstellung gew\u00e4hrleistet einen Betrieb mit niedrigem S\u00e4ulenbluten und eine schnelle Stabilisierung bei der Installation einer neuen S\u00e4ule. Kundenspezifische ShinCarbon ST-S\u00e4ulen sind auf Anfrage erh\u00e4ltlich.<\/p>\n<p>ShinCarbon ST ist ein \u00e4u\u00dferst stabiles Material. Seine obere programmierte Temperaturgrenze von 300 \u00b0C minimiert das S\u00e4ulenbluten und den Basislinien-Anstieg, wodurch das Material mit den meisten f\u00fcr die Gasanalyse verwendeten Detektionssystemen, einschlie\u00dflich TCD oder HID, kompatibel ist. Alle ShinCarbon ST-S\u00e4ulen werden in einer trockenen, sauerstofffreien Umgebung vollst\u00e4ndig konditioniert, um Ihre Arbeit zu erleichtern. Dies minimiert die Stabilisierungszeit (weniger als 30 Minuten) bei der Installation einer neuen S\u00e4ule, was wiederum Ihre Stillstandszeiten reduziert.<\/p>\n<p>Hinweis: Die S\u00e4ulen werden ohne S\u00e4ulenmuttern und Ferrules geliefert. Optionale Installationskits k\u00f6nnen separat bestellt werden.<\/p>\n<p><b>Funktionen &#038; Vorteile:<\/b><br \/>\n&#8211; Zur Trennung von Permanentgasen, einschlie\u00dflich Kohlenmonoxid und Kohlendioxid, ohne kryogene K\u00fchlung.<br \/>\n&#8211; Schnelle Trennung von Gemischen aus Permanentgas\/leichten Kohlenwasserstoffen.<br \/>\n&#8211; Hervorragende Kompatibilit\u00e4t mit den meisten GC-Detektoren &#8211; minimales S\u00e4ulenbluten, minimaler Baseline-Anstieg.<br \/>\n&#8211; Vorkonditioniert, Stabilisierung in weniger als 30 Minuten.<br \/>\n&#8211; H\u00f6chsttemperatur 280 \u00b0C\/300 \u00b0C.<br \/>\n&#8211; Auch verf\u00fcgbar: Einbau-Kits (Art.-Nr. 21065, 21066)<\/p>\n<p><b>Technische Spezifikation:<\/b><br \/>\n&#8211; Katalognummer: 19043<br \/>\n&#8211; Produktname: Mikrogepackte GC S\u00e4ule ShinCarbon ST, 80\/100, 2 m, 0.53 mm ID<br \/>\n&#8211; Fester Support: ShinCarbon ST<br \/>\n&#8211; Mesh: 80\/100<br \/>\n&#8211; Innendurchmesser (ID): 0.53 mm<br \/>\n&#8211; L\u00e4nge: 2 m<br \/>\n&#8211; Material: SilcoSmooth Tubing (Siltek-beschichteter Edelstahl)<br \/>\n&#8211; Au\u00dfendurchmesser (AD): 0.74 mm<br \/>\n&#8211; Temperaturgrenzen: bis zu 300 \u00b0C<br \/>\n&#8211; Einheiten: 1<\/p>\n","protected":false},"excerpt":{"rendered":"<p><b>Zubeh\u00f6r- und Ersatzteile erhalten Sie gerne auf Anfrage!<\/b><\/p>\n","protected":false},"featured_media":20929,"template":"","meta":[],"product_brand":[362],"product_cat":[350],"product_tag":[],"class_list":{"0":"post-20928","1":"product","2":"type-product","3":"status-publish","4":"has-post-thumbnail","6":"product_brand-restek","7":"product_cat-gaschromatografie","8":"product_shipping_class-standard","10":"first","11":"instock","12":"taxable","13":"shipping-taxable","14":"purchasable","15":"product-type-simple"},"tiered_pricing_type":"fixed","tiered_pricing_fixed_rules":[],"tiered_pricing_product_settings":{"layout":"default","base_unit_name":{"singular":null,"plural":null},"default_variation":null},"tiered_pricing_minimum_quantity":null,"tiered_pricing_roles_data":[],"tiered_pricing_percentage_rules":[],"_links":{"self":[{"href":"https:\/\/lt-laborhandel.de\/en\/wp-json\/wp\/v2\/product\/20928","targetHints":{"allow":["GET"]}}],"collection":[{"href":"https:\/\/lt-laborhandel.de\/en\/wp-json\/wp\/v2\/product"}],"about":[{"href":"https:\/\/lt-laborhandel.de\/en\/wp-json\/wp\/v2\/types\/product"}],"wp:featuredmedia":[{"embeddable":true,"href":"https:\/\/lt-laborhandel.de\/en\/wp-json\/wp\/v2\/media\/20929"}],"wp:attachment":[{"href":"https:\/\/lt-laborhandel.de\/en\/wp-json\/wp\/v2\/media?parent=20928"}],"wp:term":[{"taxonomy":"product_brand","embeddable":true,"href":"https:\/\/lt-laborhandel.de\/en\/wp-json\/wp\/v2\/product_brand?post=20928"},{"taxonomy":"product_cat","embeddable":true,"href":"https:\/\/lt-laborhandel.de\/en\/wp-json\/wp\/v2\/product_cat?post=20928"},{"taxonomy":"product_tag","embeddable":true,"href":"https:\/\/lt-laborhandel.de\/en\/wp-json\/wp\/v2\/product_tag?post=20928"}],"curies":[{"name":"wp","href":"https:\/\/api.w.org\/{rel}","templated":true}]}}