{"id":20923,"date":"2025-03-12T09:36:37","date_gmt":"2025-03-12T08:36:37","guid":{"rendered":"https:\/\/lt-laborhandel.de\/?post_type=product&#038;p=20923"},"modified":"2026-01-09T21:26:27","modified_gmt":"2026-01-09T20:26:27","slug":"restek-mikrogepackte-gc-saeule-molesieve-5a-80-100-2-m-1-00-mm-id-19001","status":"publish","type":"product","link":"https:\/\/lt-laborhandel.de\/en\/produkt\/restek-mikrogepackte-gc-saeule-molesieve-5a-80-100-2-m-1-00-mm-id-19001\/","title":{"rendered":"Restek Mikrogepackte GC S\u00e4ule Molesieve 5A, 80\/100, 2 m, 1.00 mm ID, #19001"},"content":{"rendered":"<p><b>Beschreibung:<\/b><br \/>\nEffizient, inert und flexibel<br \/>\nMikrogepackte S\u00e4ulen sind hocheffizient und bieten gute Probenkapazit\u00e4t, was sie zu einem leistungsstarken Werkzeug zur L\u00f6sung vieler schwieriger Anwendungsprobleme macht. Die un\u00fcbertroffene Inertheit der SilcoSmooth-Kapillaren beruht auf der Siltek-Deaktivierung, die es erm\u00f6glicht, die S\u00e4ule zu biegen und zu wickeln, ohne dass es zu Abplatzungen oder Rissbildung der inerten Oberfl\u00e4che kommt.<\/p>\n<p>Einfach zu installieren. Mehrere Innendurchmesser<br \/>\nUnsere mikrogepackten S\u00e4ulen sind f\u00fcr gepackte und Kapillarinjektionssysteme geeignet. Mikrogepackte S\u00e4ulen mit Standardw\u00e4nden (1\/16-Zoll AD) bieten eine verbesserte Effizienz in Instrumenten f\u00fcr gepackte S\u00e4ulen ohne die Kosten einer Umr\u00fcstung auf Kapillarinjektionssysteme. Mikrogepackte S\u00e4ulen mit kleinerem Au\u00dfendurchmesser (0.95 mm AD) lassen sich leicht in einen Kapillarinjektor einbauen, wobei ein wenig gr\u00f6\u00dfere Ferrules verwendet werden. Mikrogepackte S\u00e4ulen arbeiten bei Fl\u00fcssen von mehr als 10 cc\/min f\u00fcr einen st\u00f6rungsfreien Betrieb.<\/p>\n<p>Endverschl\u00fcsse aus geflochtenem Draht<br \/>\nResteks Experten f\u00fcr gepackte S\u00e4ulen f\u00fchren einen geflochtenen Draht in die S\u00e4ule ein und sichern ihn mittels eines kleinen Crimps am S\u00e4ulenauslass. Die Endverschl\u00fcsse sind mit Siltek behandelt; die Probe kommt nur mit inerten Oberfl\u00e4chen in Kontakt.<\/p>\n<p><b>Funktionen &#038; Vorteile:<\/b><br \/>\n&#8211; Gesteigerte Effizienz im Vergleich zu normal gepackten S\u00e4ulen.<br \/>\n&#8211; H\u00f6here Kapazit\u00e4t als PLOT-S\u00e4ulen.<br \/>\n&#8211; Hergestellt aus inerten, flexiblen SilcoSmooth-Kapillaren.<br \/>\n&#8211; Umfassendes Sortiment an Packungen verf\u00fcgbar.<br \/>\n&#8211; Standard-Coils passen auf alle Ger\u00e4te. Keine speziellen Ger\u00e4tekonfigurationen sind erforderlich.<\/p>\n<p><b>Technische Spezifikation:<\/b><br \/>\n&#8211; Katalognummer: 19001<br \/>\n&#8211; Produktname: Mikrogepackte GC S\u00e4ule Molesieve 5A, 80\/100, 2 m, 1.00 mm ID<br \/>\n&#8211; Fester Support: Molesieve 5A<br \/>\n&#8211; Mesh: 80\/100<br \/>\n&#8211; Innendurchmesser (ID): 1.00 mm<br \/>\n&#8211; L\u00e4nge: 2 m<br \/>\n&#8211; Au\u00dfendurchmesser (AD): 1\/16 Zoll<br \/>\n&#8211; Temperaturgrenzen: bis zu 300 \u00b0C<br \/>\n&#8211; Einheiten: 1<\/p>\n","protected":false},"excerpt":{"rendered":"<p><b>Zubeh\u00f6r- und Ersatzteile erhalten Sie gerne auf Anfrage!<\/b><\/p>\n","protected":false},"featured_media":20924,"template":"","meta":[],"product_brand":[362],"product_cat":[350],"product_tag":[],"class_list":{"0":"post-20923","1":"product","2":"type-product","3":"status-publish","4":"has-post-thumbnail","6":"product_brand-restek","7":"product_cat-gaschromatografie","8":"product_shipping_class-standard","10":"first","11":"instock","12":"taxable","13":"shipping-taxable","14":"purchasable","15":"product-type-simple"},"tiered_pricing_type":"fixed","tiered_pricing_fixed_rules":[],"tiered_pricing_product_settings":{"layout":"default","base_unit_name":{"singular":null,"plural":null},"default_variation":null},"tiered_pricing_minimum_quantity":null,"tiered_pricing_roles_data":[],"tiered_pricing_percentage_rules":[],"_links":{"self":[{"href":"https:\/\/lt-laborhandel.de\/en\/wp-json\/wp\/v2\/product\/20923","targetHints":{"allow":["GET"]}}],"collection":[{"href":"https:\/\/lt-laborhandel.de\/en\/wp-json\/wp\/v2\/product"}],"about":[{"href":"https:\/\/lt-laborhandel.de\/en\/wp-json\/wp\/v2\/types\/product"}],"wp:featuredmedia":[{"embeddable":true,"href":"https:\/\/lt-laborhandel.de\/en\/wp-json\/wp\/v2\/media\/20924"}],"wp:attachment":[{"href":"https:\/\/lt-laborhandel.de\/en\/wp-json\/wp\/v2\/media?parent=20923"}],"wp:term":[{"taxonomy":"product_brand","embeddable":true,"href":"https:\/\/lt-laborhandel.de\/en\/wp-json\/wp\/v2\/product_brand?post=20923"},{"taxonomy":"product_cat","embeddable":true,"href":"https:\/\/lt-laborhandel.de\/en\/wp-json\/wp\/v2\/product_cat?post=20923"},{"taxonomy":"product_tag","embeddable":true,"href":"https:\/\/lt-laborhandel.de\/en\/wp-json\/wp\/v2\/product_tag?post=20923"}],"curies":[{"name":"wp","href":"https:\/\/api.w.org\/{rel}","templated":true}]}}