{"id":20922,"date":"2025-03-12T09:34:03","date_gmt":"2025-03-12T08:34:03","guid":{"rendered":"https:\/\/lt-laborhandel.de\/?post_type=product&#038;p=20922"},"modified":"2026-01-09T21:26:26","modified_gmt":"2026-01-09T20:26:26","slug":"restek-rtx-volatile-amine-gc-kapillarsaeule-60-m-0-32-mm-id-5-0-%c2%b5m-18078","status":"publish","type":"product","link":"https:\/\/lt-laborhandel.de\/en\/produkt\/restek-rtx-volatile-amine-gc-kapillarsaeule-60-m-0-32-mm-id-5-0-%c2%b5m-18078\/","title":{"rendered":"Restek Rtx-Volatile Amine GC Kapillars\u00e4ule, 60 m, 0.32 mm ID, 5.0 \u00b5m, #18078"},"content":{"rendered":"<p><b>Beschreibung:<\/b><br \/>\nDie Rtx-Volatile-Amine-S\u00e4ule wurde speziell f\u00fcr die Analyse von fl\u00fcchtigen Aminen in schwierigen Matrizes, wie z. B. Wasser, entwickelt. Die einzigartige Basendeaktivierung schafft eine au\u00dfergew\u00f6hnlich inerte Oberfl\u00e4che f\u00fcr diese empfindlichen Verbindungen, was zu hochsymmetrischen Peaks f\u00fchrt, die niedrige Nachweisgrenzen erm\u00f6glichen. Die stabile gebundene Phase ergibt eine S\u00e4ule, die nicht nur retentiv und hochselektiv f\u00fcr diese Verbindungen ist, sondern auch sehr robust ist und wiederholten Wasserinjektionen standh\u00e4lt. Vergleiche von Kunden, die Routineanwendungen mit fl\u00fcchtigen Aminen durchf\u00fchren, haben gezeigt, dass die Rtx-Volatile Amine-S\u00e4ule andere aminspezifischen S\u00e4ulen \u00fcbertrifft, insbesondere in Bezug auf Peakform und Lebensdauer. Jede Rtx-Volatile-Amine-S\u00e4ule unterliegt strengen Qualit\u00e4tsanforderungen und wird mit einem speziell entwickelten Testmix getestet, der basische Verbindungen enth\u00e4lt, um au\u00dfergew\u00f6hnliche Inertheit, Zuverl\u00e4ssigkeit und Reproduzierbarkeit zu gew\u00e4hrleisten. Diese Eigenschaften garantieren eine konstante Leistung und machen die Rtx Volatile-Amine-S\u00e4ule zur besten Wahl f\u00fcr die Analyse fl\u00fcchtiger Amine.<br \/>\nHinweis: Wir empfehlen die Verwendung von basendeaktivierten Fused Silica-Vors\u00e4ulen und Topaz Linern mit Rtx-Volatile Amine-S\u00e4ulen.<\/p>\n<p><b>Funktionen &#038; Vorteile:<\/b><br \/>\n&#8211; Einzigartige Selektivit\u00e4t f\u00fcr die Baseline-Aufl\u00f6sung aller fl\u00fcchtigen Amine.<br \/>\n&#8211; Hervorragende Inertheit gew\u00e4hrleistet Genauigkeit und Empfindlichkeit f\u00fcr fl\u00fcchtige Amine, einschlie\u00dflich freiem Ammoniak.<br \/>\n&#8211; \u00c4u\u00dferst robuste Phase, die wiederholten Wasserinjektionen standh\u00e4lt, was zu einer l\u00e4ngeren Lebensdauer der S\u00e4ule f\u00fchrt.<br \/>\n&#8211; Die hohe Temperaturstabilit\u00e4t (290 \u00b0C) gew\u00e4hrleistet die Elution von Aminen bis zu C16 und erm\u00f6glicht die Entfernung von Verunreinigungen durch \u201eAusheizen\u201c der S\u00e4ule.<\/p>\n<p><b>Technische Spezifikation:<\/b><br \/>\n&#8211; Katalognummer: 18078<br \/>\n&#8211; Produktname: Rtx-Volatile Amine GC Kapillars\u00e4ule, 60 m, 0.32 mm ID, 5.0 \u00b5m<br \/>\n&#8211; Typ der station\u00e4ren Phase: Rtx-Fl\u00fcchtiges Amin<br \/>\n&#8211; \u00c4hnliche Phasen: Agilent CP-Volamine<br \/>\n&#8211; df (Filmdicke): 5.00 \u00b5m<br \/>\n&#8211; Innendurchmesser (ID): 0.32 mm<br \/>\n&#8211; L\u00e4nge: 60 m<br \/>\n&#8211; Temperaturgrenzen: -60 bis 270\/290 \u00b0C<br \/>\n&#8211; Einheiten: 1<\/p>\n","protected":false},"excerpt":{"rendered":"<p><b>Zubeh\u00f6r- und Ersatzteile erhalten Sie gerne auf Anfrage!<\/b><\/p>\n","protected":false},"featured_media":20891,"template":"","meta":[],"product_brand":[362],"product_cat":[350],"product_tag":[],"class_list":{"0":"post-20922","1":"product","2":"type-product","3":"status-publish","4":"has-post-thumbnail","6":"product_brand-restek","7":"product_cat-gaschromatografie","8":"product_shipping_class-standard","10":"first","11":"instock","12":"taxable","13":"shipping-taxable","14":"purchasable","15":"product-type-simple"},"tiered_pricing_type":"fixed","tiered_pricing_fixed_rules":[],"tiered_pricing_product_settings":{"layout":"default","base_unit_name":{"singular":null,"plural":null},"default_variation":null},"tiered_pricing_minimum_quantity":null,"tiered_pricing_roles_data":[],"tiered_pricing_percentage_rules":[],"_links":{"self":[{"href":"https:\/\/lt-laborhandel.de\/en\/wp-json\/wp\/v2\/product\/20922","targetHints":{"allow":["GET"]}}],"collection":[{"href":"https:\/\/lt-laborhandel.de\/en\/wp-json\/wp\/v2\/product"}],"about":[{"href":"https:\/\/lt-laborhandel.de\/en\/wp-json\/wp\/v2\/types\/product"}],"wp:featuredmedia":[{"embeddable":true,"href":"https:\/\/lt-laborhandel.de\/en\/wp-json\/wp\/v2\/media\/20891"}],"wp:attachment":[{"href":"https:\/\/lt-laborhandel.de\/en\/wp-json\/wp\/v2\/media?parent=20922"}],"wp:term":[{"taxonomy":"product_brand","embeddable":true,"href":"https:\/\/lt-laborhandel.de\/en\/wp-json\/wp\/v2\/product_brand?post=20922"},{"taxonomy":"product_cat","embeddable":true,"href":"https:\/\/lt-laborhandel.de\/en\/wp-json\/wp\/v2\/product_cat?post=20922"},{"taxonomy":"product_tag","embeddable":true,"href":"https:\/\/lt-laborhandel.de\/en\/wp-json\/wp\/v2\/product_tag?post=20922"}],"curies":[{"name":"wp","href":"https:\/\/api.w.org\/{rel}","templated":true}]}}