{"id":20918,"date":"2025-03-12T09:27:18","date_gmt":"2025-03-12T08:27:18","guid":{"rendered":"https:\/\/lt-laborhandel.de\/?post_type=product&#038;p=20918"},"modified":"2026-01-09T21:26:26","modified_gmt":"2026-01-09T20:26:26","slug":"restek-rxi-svocms-gc-kapillarsaeule-30-m-0-25-mm-id-0-25-%c2%b5m-16623","status":"publish","type":"product","link":"https:\/\/lt-laborhandel.de\/en\/produkt\/restek-rxi-svocms-gc-kapillarsaeule-30-m-0-25-mm-id-0-25-%c2%b5m-16623\/","title":{"rendered":"Restek Rxi-SVOCms GC Kapillars\u00e4ule, 30 m, 0.25 mm ID, 0.25 \u00b5m, #16623"},"content":{"rendered":"<p><b>Beschreibung:<\/b><br \/>\nRxi-SVOCms S\u00e4ulen sorgen daf\u00fcr, dass Ihr Ger\u00e4t online ist und halbfl\u00fcchtige Proben (SVOC) analysiert werden, anstatt offline zu sein, um eine zeitaufw\u00e4ndige Neukalibrierung oder den Austausch der S\u00e4ule durchzuf\u00fchren. Die Rxi-SVOCms S\u00e4ulen wurden speziell f\u00fcr eine verbesserte Performance bei der Analyse halbfl\u00fcchtiger Verbindungen entwickelt und gew\u00e4hrleisten eine einheitliche Chromatografie, die die Kalibrierungsintervalle verk\u00fcrzt, sodass Sie mehr Proben messen k\u00f6nnen, bevor Sie das Ger\u00e4t neu kalibrieren oder die S\u00e4ule austauschen m\u00fcssen.<\/p>\n<p><b>Funktionen &#038; Vorteile:<\/b><br \/>\nBei den SelectScience Scientists&#8217; Choice Awards, die von Wissenschaftlern auf der ganzen Welt gew\u00e4hlt wurden, zum besten neuen Trennprodukt des Jahres gek\u00fcrt.<\/p>\n<p>&#8211; Die speziell optimierte S\u00e4ulenchemie sorgt f\u00fcr eine herausragende Performance f\u00fcr halbfl\u00fcchtige Komponenten (SVOCs) in komplexen Matrices.<br \/>\n&#8211; Lange S\u00e4ulenstandzeit &#8211; stellen Sie die Performance der S\u00e4ule durch einfaches Abschneiden wieder her, anstatt sie zeitaufwendig auszutauschen.<br \/>\n&#8211; Hervorragende Inertheit sorgt f\u00fcr gute Kalibrierungen und kontinuierliche Analysen.<br \/>\n&#8211; Ausgezeichnete Aufl\u00f6sung von kritischen Paaren f\u00fcr verbesserte Genauigkeit.<br \/>\n&#8211; Konsistente Performance von S\u00e4ule zu S\u00e4ule.<br \/>\n&#8211; S\u00e4ule mit niedrigem Blutungslevel f\u00fcr die GC-MS.<br \/>\n&#8211; Temperaturbereich: -60 \u00b0C bis 340 \u00b0C.<br \/>\n&#8211; \u00c4quivalent zu USP G27 und G36 Phasen.<br \/>\n&#8211; Vereinfachen Sie die Kalibrierung mit den SVOC MegaMix Referenzstandard Kits, die 150 (Art.-Nr. 31907) oder 100 (Art.-Nr. 31908) der am h\u00e4ufigsten analysierten halbfl\u00fcchtigen Verbindungen enthalten.<\/p>\n<p><b>Technische Spezifikation:<\/b><br \/>\n&#8211; Katalognummer: 16623<br \/>\n&#8211; Produktname: Rxi-SVOCms GC Kapillars\u00e4ule, 30 m, 0.25 mm ID, 0.25 \u00b5m<br \/>\n&#8211; Typ der station\u00e4ren Phase: Rxi-SVOCms<br \/>\n&#8211; \u00c4hnliche Phasen: Agilent DB-UI 8270D, DB-5ms, DB-5ms UI \u2022 Phenomenex ZB-SemiVolatiles<br \/>\n&#8211; df (Filmdicke): 0.25 \u00b5m<br \/>\n&#8211; Innendurchmesser (ID): 0.25 mm<br \/>\n&#8211; L\u00e4nge: 30 m<br \/>\n&#8211; Phase: Proprietary 5% phenyl-type phase<br \/>\n&#8211; Vergleichbar mit: Agilent 122-9732, 122-5532, 122-5532UI \u2022 Phenomenex 7HG-G027-11<br \/>\n&#8211; Temperaturgrenzen: bis 340\/340 \u00b0C<br \/>\n&#8211; Einheiten: 1<\/p>\n","protected":false},"excerpt":{"rendered":"<p><b>Zubeh\u00f6r- und Ersatzteile erhalten Sie gerne auf Anfrage!<\/b><\/p>\n","protected":false},"featured_media":20919,"template":"","meta":[],"product_brand":[362],"product_cat":[350],"product_tag":[],"class_list":{"0":"post-20918","1":"product","2":"type-product","3":"status-publish","4":"has-post-thumbnail","6":"product_brand-restek","7":"product_cat-gaschromatografie","8":"product_shipping_class-standard","10":"first","11":"instock","12":"taxable","13":"shipping-taxable","14":"purchasable","15":"product-type-simple"},"tiered_pricing_type":"fixed","tiered_pricing_fixed_rules":[],"tiered_pricing_product_settings":{"layout":"default","base_unit_name":{"singular":null,"plural":null},"default_variation":null},"tiered_pricing_minimum_quantity":null,"tiered_pricing_roles_data":[],"tiered_pricing_percentage_rules":[],"_links":{"self":[{"href":"https:\/\/lt-laborhandel.de\/en\/wp-json\/wp\/v2\/product\/20918","targetHints":{"allow":["GET"]}}],"collection":[{"href":"https:\/\/lt-laborhandel.de\/en\/wp-json\/wp\/v2\/product"}],"about":[{"href":"https:\/\/lt-laborhandel.de\/en\/wp-json\/wp\/v2\/types\/product"}],"wp:featuredmedia":[{"embeddable":true,"href":"https:\/\/lt-laborhandel.de\/en\/wp-json\/wp\/v2\/media\/20919"}],"wp:attachment":[{"href":"https:\/\/lt-laborhandel.de\/en\/wp-json\/wp\/v2\/media?parent=20918"}],"wp:term":[{"taxonomy":"product_brand","embeddable":true,"href":"https:\/\/lt-laborhandel.de\/en\/wp-json\/wp\/v2\/product_brand?post=20918"},{"taxonomy":"product_cat","embeddable":true,"href":"https:\/\/lt-laborhandel.de\/en\/wp-json\/wp\/v2\/product_cat?post=20918"},{"taxonomy":"product_tag","embeddable":true,"href":"https:\/\/lt-laborhandel.de\/en\/wp-json\/wp\/v2\/product_tag?post=20918"}],"curies":[{"name":"wp","href":"https:\/\/api.w.org\/{rel}","templated":true}]}}