{"id":20917,"date":"2025-03-12T09:21:37","date_gmt":"2025-03-12T08:21:37","guid":{"rendered":"https:\/\/lt-laborhandel.de\/?post_type=product&#038;p=20917"},"modified":"2026-01-09T21:26:26","modified_gmt":"2026-01-09T20:26:26","slug":"restek-rtx-1301-gc-kapillarsaeule-30-m-0-53-mm-id-3-00-%c2%b5m-16085","status":"publish","type":"product","link":"https:\/\/lt-laborhandel.de\/en\/produkt\/restek-rtx-1301-gc-kapillarsaeule-30-m-0-53-mm-id-3-00-%c2%b5m-16085\/","title":{"rendered":"Restek Rtx-1301 GC Kapillars\u00e4ule, 30 m, 0.53 mm ID, 3.00 \u00b5m, #16085"},"content":{"rendered":"<p><b>Beschreibung:<\/b><br \/>\nViele Analytiker sind der Meinung, dass die Rtx-1301-S\u00e4ule die beste Cyanosiloxan-gebundene station\u00e4re Phase auf dem Markt hat, da kein anderer S\u00e4ulenhersteller weniger S\u00e4ulenbluten, eine l\u00e4ngere Lebensdauer oder eine bessere Inertheit bietet. Unser Polymer ist vollst\u00e4ndig charakterisiert, um langfristige Reproduzierbarkeit, Konsistenz von S\u00e4ule zu S\u00e4ule und geringes S\u00e4ulenbluten zu gew\u00e4hrleisten &#8211; selbst bei empfindlichen Detektoren wie ECDs und MSDs.<\/p>\n<p><b>Funktionen &#038; Vorteile:<\/b><br \/>\n&#8211; Allzwecks\u00e4ulen f\u00fcr Restl\u00f6semittel, Alkohole, Oxygenate und fl\u00fcchtige organische Verbindungen.<br \/>\n&#8211; \u00c4quivalent zur USP G43 Phase.<br \/>\n&#8211; F\u00fcr einige Gr\u00f6\u00dfen sind auch Integra-Vors\u00e4ulen erh\u00e4ltlich &#8211; eine Vors\u00e4ule und eine analytische S\u00e4ule in einem, um Verbindungsprobleme auszuschlie\u00dfen!<\/p>\n<p><b>Technische Spezifikation:<\/b><br \/>\n&#8211; Katalognummer: 16085<br \/>\n&#8211; Produktname: Rtx-1301 GC Kapillars\u00e4ule, 30 m, 0.53 mm ID, 3.00 \u00b5m<br \/>\n&#8211; Typ der station\u00e4ren Phase: Rtx-1301<br \/>\n&#8211; \u00c4hnliche Phasen: Agilent CP-Select 624 CB, DB-1301, DB-624, DB-624UI, DB-Select 624 UI \u2022 Phenomenex ZB-624 \u2022 Quadrex 007-1301, 007-624, 007-502 \u2022 Supelco\/Millipore Sigma SPB-624<br \/>\n&#8211; df (Filmdicke): 3.00 \u00b5m<br \/>\n&#8211; Innendurchmesser (ID): 0.53 mm<br \/>\n&#8211; L\u00e4nge: 30 m<br \/>\n&#8211; Phase: niedrig- bis mittelpolare Phase<br \/>\n&#8211; Temperaturgrenzen: -20 bis 240 \u00b0C<br \/>\n&#8211; Einheiten: 1<\/p>\n","protected":false},"excerpt":{"rendered":"<p><b>Zubeh\u00f6r- und Ersatzteile erhalten Sie gerne auf Anfrage!<\/b><\/p>\n","protected":false},"featured_media":20891,"template":"","meta":[],"product_brand":[362],"product_cat":[350],"product_tag":[],"class_list":{"0":"post-20917","1":"product","2":"type-product","3":"status-publish","4":"has-post-thumbnail","6":"product_brand-restek","7":"product_cat-gaschromatografie","8":"product_shipping_class-standard","10":"first","11":"instock","12":"taxable","13":"shipping-taxable","14":"purchasable","15":"product-type-simple"},"tiered_pricing_type":"fixed","tiered_pricing_fixed_rules":[],"tiered_pricing_product_settings":{"layout":"default","base_unit_name":{"singular":null,"plural":null},"default_variation":null},"tiered_pricing_minimum_quantity":null,"tiered_pricing_roles_data":[],"tiered_pricing_percentage_rules":[],"_links":{"self":[{"href":"https:\/\/lt-laborhandel.de\/en\/wp-json\/wp\/v2\/product\/20917","targetHints":{"allow":["GET"]}}],"collection":[{"href":"https:\/\/lt-laborhandel.de\/en\/wp-json\/wp\/v2\/product"}],"about":[{"href":"https:\/\/lt-laborhandel.de\/en\/wp-json\/wp\/v2\/types\/product"}],"wp:featuredmedia":[{"embeddable":true,"href":"https:\/\/lt-laborhandel.de\/en\/wp-json\/wp\/v2\/media\/20891"}],"wp:attachment":[{"href":"https:\/\/lt-laborhandel.de\/en\/wp-json\/wp\/v2\/media?parent=20917"}],"wp:term":[{"taxonomy":"product_brand","embeddable":true,"href":"https:\/\/lt-laborhandel.de\/en\/wp-json\/wp\/v2\/product_brand?post=20917"},{"taxonomy":"product_cat","embeddable":true,"href":"https:\/\/lt-laborhandel.de\/en\/wp-json\/wp\/v2\/product_cat?post=20917"},{"taxonomy":"product_tag","embeddable":true,"href":"https:\/\/lt-laborhandel.de\/en\/wp-json\/wp\/v2\/product_tag?post=20917"}],"curies":[{"name":"wp","href":"https:\/\/api.w.org\/{rel}","templated":true}]}}