{"id":20908,"date":"2025-03-11T11:05:32","date_gmt":"2025-03-11T10:05:32","guid":{"rendered":"https:\/\/lt-laborhandel.de\/?post_type=product&#038;p=20908"},"modified":"2026-01-09T21:26:25","modified_gmt":"2026-01-09T20:26:25","slug":"restek-rxi-624sil-ms-gc-kapillarsaeule-20-m-0-18-mm-id-1-00-%c2%b5m-13865","status":"publish","type":"product","link":"https:\/\/lt-laborhandel.de\/en\/produkt\/restek-rxi-624sil-ms-gc-kapillarsaeule-20-m-0-18-mm-id-1-00-%c2%b5m-13865\/","title":{"rendered":"Restek Rxi-624Sil MS GC Kapillars\u00e4ule, 20 m, 0.18 mm ID, 1.00 \u00b5m, #13865"},"content":{"rendered":"<p><b>Funktionen &#038; Vorteile:<\/b><br \/>\n&#8211; S\u00e4ule mit geringem S\u00e4ulenbluten und hoher thermischer Stabilit\u00e4t &#8211; maximale Temperaturen bis zu 300-320 \u00b0C.<br \/>\n&#8211; Inert &#8211; ausgezeichnete Peakform f\u00fcr ein breites Spektrum von Verbindungen.<br \/>\n&#8211; Selektiv &#8211; Die G43-Phase ist hochselektiv f\u00fcr fl\u00fcchtige organische Stoffe, Terpene und Restl\u00f6semittel, eine gute Wahl f\u00fcr USP<467>.<br \/>\n&#8211; Hergestellt f\u00fcr Reproduzierbarkeit von S\u00e4ule zu S\u00e4ule &#8211; gut geeignet f\u00fcr gepr\u00fcfte Methoden.<br \/>\n&#8211; Temperaturbereich: -20 \u00b0C bis 320 \u00b0C.<\/p>\n<p><b>Technische Spezifikation:<\/b><br \/>\n&#8211; Katalognummer: 13865<br \/>\n&#8211; Produktname: Rxi-624Sil MS GC Kapillars\u00e4ule, 20 m, 0.18 mm ID, 1.00 \u00b5m<br \/>\n&#8211; Typ der station\u00e4ren Phase: Rxi-624Sil MS<br \/>\n&#8211; \u00c4hnliche Phasen: Agilent VF-624ms \u2022 Phenomenex ZB-624plus \u2022 Quadrex: 007-502, 007-624, 007-608<br \/>\n&#8211; df (Filmdicke): 1.00 \u00b5m<br \/>\n&#8211; Innendurchmesser (ID): 0.18 mm<br \/>\n&#8211; L\u00e4nge: 20 m<br \/>\n&#8211; Phase: Quervernetzte Phase mittlerer Polarit\u00e4t<br \/>\n&#8211; Vergleichbar mit: Phenomenex 7FD-G040-22<br \/>\n&#8211; Temperaturgrenzen: -20 bis 300\/320 \u00b0C<br \/>\n&#8211; Einheiten: 1<\/p>\n","protected":false},"excerpt":{"rendered":"<p><b>Zubeh\u00f6r- und Ersatzteile erhalten Sie gerne auf Anfrage!<\/b><\/p>\n","protected":false},"featured_media":20902,"template":"","meta":[],"product_brand":[362],"product_cat":[350],"product_tag":[],"class_list":{"0":"post-20908","1":"product","2":"type-product","3":"status-publish","4":"has-post-thumbnail","6":"product_brand-restek","7":"product_cat-gaschromatografie","8":"product_shipping_class-standard","10":"first","11":"instock","12":"taxable","13":"shipping-taxable","14":"purchasable","15":"product-type-simple"},"tiered_pricing_type":"fixed","tiered_pricing_fixed_rules":[],"tiered_pricing_product_settings":{"layout":"default","base_unit_name":{"singular":null,"plural":null},"default_variation":null},"tiered_pricing_minimum_quantity":null,"tiered_pricing_roles_data":[],"tiered_pricing_percentage_rules":[],"_links":{"self":[{"href":"https:\/\/lt-laborhandel.de\/en\/wp-json\/wp\/v2\/product\/20908","targetHints":{"allow":["GET"]}}],"collection":[{"href":"https:\/\/lt-laborhandel.de\/en\/wp-json\/wp\/v2\/product"}],"about":[{"href":"https:\/\/lt-laborhandel.de\/en\/wp-json\/wp\/v2\/types\/product"}],"wp:featuredmedia":[{"embeddable":true,"href":"https:\/\/lt-laborhandel.de\/en\/wp-json\/wp\/v2\/media\/20902"}],"wp:attachment":[{"href":"https:\/\/lt-laborhandel.de\/en\/wp-json\/wp\/v2\/media?parent=20908"}],"wp:term":[{"taxonomy":"product_brand","embeddable":true,"href":"https:\/\/lt-laborhandel.de\/en\/wp-json\/wp\/v2\/product_brand?post=20908"},{"taxonomy":"product_cat","embeddable":true,"href":"https:\/\/lt-laborhandel.de\/en\/wp-json\/wp\/v2\/product_cat?post=20908"},{"taxonomy":"product_tag","embeddable":true,"href":"https:\/\/lt-laborhandel.de\/en\/wp-json\/wp\/v2\/product_tag?post=20908"}],"curies":[{"name":"wp","href":"https:\/\/api.w.org\/{rel}","templated":true}]}}