{"id":20907,"date":"2025-03-11T10:53:42","date_gmt":"2025-03-11T09:53:42","guid":{"rendered":"https:\/\/lt-laborhandel.de\/?post_type=product&#038;p=20907"},"modified":"2026-01-09T21:26:25","modified_gmt":"2026-01-09T20:26:25","slug":"restek-rxi-xlb-gc-kapillarsaeule-30-m-0-25-mm-id-0-25-%c2%b5m-13723","status":"publish","type":"product","link":"https:\/\/lt-laborhandel.de\/en\/produkt\/restek-rxi-xlb-gc-kapillarsaeule-30-m-0-25-mm-id-0-25-%c2%b5m-13723\/","title":{"rendered":"Restek Rxi-XLB GC Kapillars\u00e4ule, 30 m, 0.25 mm ID, 0.25 \u00b5m, #13723"},"content":{"rendered":"<p><b>Beschreibung:<\/b><br \/>\nVerbesserungen bei der Polymersynthese und der Tubingdeaktivierung erm\u00f6glichen es uns, inerte, stabile Rxi-XLB-S\u00e4ulen herzustellen, die sich besonders gut f\u00fcr die Analyse aktiver Verbindungen mit hohem Molekulargewicht mit empfindlichen GC-MS-Systemen, einschlie\u00dflich Ionenfallen-Detektoren, eignen. Die hervorragende Effizienz, gepaart mit Inertheit, geringem S\u00e4ulenbluten und hoher thermischer Stabilit\u00e4t, machen Rxi-XLB-S\u00e4ulen ideal f\u00fcr die Analyse von halbfl\u00fcchtigen Verbindungen in Trinkwasser.<\/p>\n<p>Rxi-XLB-S\u00e4ulen eignen sich hervorragend f\u00fcr die Analyse halbfl\u00fcchtiger organischer Stoffe nach der EPA-Methode 525.2. Eine Rxi-XLB-S\u00e4ule und einige einfache \u00c4nderungen der Injektionsbedingungen k\u00f6nnen die Empfindlichkeit f\u00fcr aktive Zielverbindungen und Zielverbindungen mit hohem Molekualrgewicht der Methode 525.2 erheblich verbessern.<\/p>\n<p><b>Funktionen &#038; Vorteile:<\/b><br \/>\n&#8211; Allzwecks\u00e4ulen mit einzigartiger Selektivit\u00e4t. Ideal f\u00fcr viele GC-MS-Anwendungen, einschlie\u00dflich Pestizide, PCB-Kongenere (z. B. Aroclor-Mischungen), PAHs.<br \/>\n&#8211; Hohe thermische Stabilit\u00e4t; zeigt extrem niedriges Bluten.<br \/>\n&#8211; Temperaturbereich: 30 \u00b0C bis 360 \u00b0C.<\/p>\n<p><b>Technische Spezifikation:<\/b><br \/>\n&#8211; Katalognummer: 13723<br \/>\n&#8211; Produktname: Rxi-XLB GC Kapillars\u00e4ule, 30 m, 0.25 mm ID, 0.25 \u00b5m<br \/>\n&#8211; Typ der station\u00e4ren Phase: Rxi-XLB<br \/>\n&#8211; \u00c4hnliche Phasen: Agilent DB-XLB, VF-Xms \u2022 Phenomenex MR1, ZB-XLB<br \/>\n&#8211; df (Filmdicke): 0.25 \u00b5m<br \/>\n&#8211; Innendurchmesser (ID): 0.25 mm<br \/>\n&#8211; L\u00e4nge: 30 m<br \/>\n&#8211; Phase: niedrigpolare propriet\u00e4re Phase<br \/>\n&#8211; Vergleichbar mit: Agilent 122-1232 \u2022 Phenomenex 7HG-G019-11<br \/>\n&#8211; Temperaturgrenzen: 30 bis 340\/360 \u00b0C<br \/>\n&#8211; Einheiten: 1<\/p>\n","protected":false},"excerpt":{"rendered":"<p><b>Zubeh\u00f6r- und Ersatzteile erhalten Sie gerne auf Anfrage!<\/b><\/p>\n","protected":false},"featured_media":20902,"template":"","meta":[],"product_brand":[362],"product_cat":[350],"product_tag":[],"class_list":{"0":"post-20907","1":"product","2":"type-product","3":"status-publish","4":"has-post-thumbnail","6":"product_brand-restek","7":"product_cat-gaschromatografie","8":"product_shipping_class-standard","10":"first","11":"instock","12":"taxable","13":"shipping-taxable","14":"purchasable","15":"product-type-simple"},"tiered_pricing_type":"fixed","tiered_pricing_fixed_rules":[],"tiered_pricing_product_settings":{"layout":"default","base_unit_name":{"singular":null,"plural":null},"default_variation":null},"tiered_pricing_minimum_quantity":null,"tiered_pricing_roles_data":[],"tiered_pricing_percentage_rules":[],"_links":{"self":[{"href":"https:\/\/lt-laborhandel.de\/en\/wp-json\/wp\/v2\/product\/20907","targetHints":{"allow":["GET"]}}],"collection":[{"href":"https:\/\/lt-laborhandel.de\/en\/wp-json\/wp\/v2\/product"}],"about":[{"href":"https:\/\/lt-laborhandel.de\/en\/wp-json\/wp\/v2\/types\/product"}],"wp:featuredmedia":[{"embeddable":true,"href":"https:\/\/lt-laborhandel.de\/en\/wp-json\/wp\/v2\/media\/20902"}],"wp:attachment":[{"href":"https:\/\/lt-laborhandel.de\/en\/wp-json\/wp\/v2\/media?parent=20907"}],"wp:term":[{"taxonomy":"product_brand","embeddable":true,"href":"https:\/\/lt-laborhandel.de\/en\/wp-json\/wp\/v2\/product_brand?post=20907"},{"taxonomy":"product_cat","embeddable":true,"href":"https:\/\/lt-laborhandel.de\/en\/wp-json\/wp\/v2\/product_cat?post=20907"},{"taxonomy":"product_tag","embeddable":true,"href":"https:\/\/lt-laborhandel.de\/en\/wp-json\/wp\/v2\/product_tag?post=20907"}],"curies":[{"name":"wp","href":"https:\/\/api.w.org\/{rel}","templated":true}]}}