{"id":20905,"date":"2025-03-11T10:45:00","date_gmt":"2025-03-11T09:45:00","guid":{"rendered":"https:\/\/lt-laborhandel.de\/?post_type=product&#038;p=20905"},"modified":"2026-01-09T21:26:24","modified_gmt":"2026-01-09T20:26:24","slug":"restek-rxi-5sil-ms-gc-kapillarsaeule-15-m-0-25-mm-id-0-25-%c2%b5m-134620","status":"publish","type":"product","link":"https:\/\/lt-laborhandel.de\/en\/produkt\/restek-rxi-5sil-ms-gc-kapillarsaeule-15-m-0-25-mm-id-0-25-%c2%b5m-134620\/","title":{"rendered":"Restek Rxi-5Sil MS GC Kapillars\u00e4ule, 15 m, 0.25 mm ID, 0.25 \u00b5m, #134620"},"content":{"rendered":"<p><b>Beschreibung:<\/b><br \/>\nDie station\u00e4re Phase Rxi-5Sil MS enth\u00e4lt Phenylgruppen im Polymerr\u00fcckgrat. Dies verbessert die thermische Stabilit\u00e4t, verringert das S\u00e4ulenbluten und macht die Phase weniger anf\u00e4llig f\u00fcr Oxidation. Rxi-5Sil MS-S\u00e4ulen sind ideal f\u00fcr GC-MS-Anwendungen.<\/p>\n<p><b>Funktionen &#038; Vorteile:<\/b><br \/>\n&#8211; Allzwecks\u00e4ulen &#8211; ideal f\u00fcr die GC-MS-Analyse von halbfl\u00fcchtigen Stoffen, polyzyklischen aromatischen Verbindungen, Chlorkohlenwasserstoffen, Phthalaten, Phenolen, Aminen, chlororganischen Pestiziden,<br \/>\n  phosphororganischen Pestiziden, Arzneimitteln, L\u00f6semittelverunreinigungen und Kohlenwasserstoffen.<br \/>\n&#8211; Als GC-MS-S\u00e4ule mit niedrigem S\u00e4ulenbluten konzipiert.<br \/>\n&#8211; Ausgezeichnete Inertheit f\u00fcr aktive Verbindungen.<br \/>\n&#8211; Temperaturbereich: -60 \u00b0C bis 350 \u00b0C.<br \/>\n&#8211; Einige Dimensionen sind auch als Integra-Vors\u00e4ulen erh\u00e4ltlich &#8211; eine Vors\u00e4ule und eine analytische S\u00e4ule in einem, um Verbindungsprobleme auszuschlie\u00dfen!<\/p>\n<p><b>Technische Spezifikation:<\/b><br \/>\n&#8211; Katalognummer: 13620<br \/>\n&#8211; Produktname: Rxi-5Sil MS GC Kapillars\u00e4ule, 15 m, 0.25 mm ID, 0.25 \u00b5m<br \/>\n&#8211; Typ der station\u00e4ren Phase: Rxi-5Sil MS<br \/>\n&#8211; \u00c4hnliche Phasen: Agilent DB-5msUI \u2022 Phenomenex ZB-5MSplus \u2022 Supelco\/Millipore Sigma: SLB-5ms<br \/>\n&#8211; df (Filmdicke): 0.25 \u00b5m<br \/>\n&#8211; Innendurchmesser (ID): 0.25 mm<br \/>\n&#8211; L\u00e4nge: 15 m<br \/>\n&#8211; Phase: Phase niedriger Polarit\u00e4t; Quervernetztes 1,4-Bis(dimethylsiloxy)phenylendimethylpolysiloxan<br \/>\n&#8211; Vergleichbar mit: Agilent 122-5512UI \u2022 Phenomenex 7EG-G030-11<br \/>\n&#8211; Temperaturgrenzen: -60 bis 320\/350 \u00b0C<br \/>\n&#8211; Einheiten: 1<\/p>\n","protected":false},"excerpt":{"rendered":"<p><b>Zubeh\u00f6r- und Ersatzteile erhalten Sie gerne auf Anfrage!<\/b><\/p>\n","protected":false},"featured_media":20902,"template":"","meta":[],"product_brand":[362],"product_cat":[350],"product_tag":[],"class_list":{"0":"post-20905","1":"product","2":"type-product","3":"status-publish","4":"has-post-thumbnail","6":"product_brand-restek","7":"product_cat-gaschromatografie","8":"product_shipping_class-standard","10":"first","11":"instock","12":"taxable","13":"shipping-taxable","14":"purchasable","15":"product-type-simple"},"tiered_pricing_type":"fixed","tiered_pricing_fixed_rules":[],"tiered_pricing_product_settings":{"layout":"default","base_unit_name":{"singular":null,"plural":null},"default_variation":null},"tiered_pricing_minimum_quantity":null,"tiered_pricing_roles_data":[],"tiered_pricing_percentage_rules":[],"_links":{"self":[{"href":"https:\/\/lt-laborhandel.de\/en\/wp-json\/wp\/v2\/product\/20905","targetHints":{"allow":["GET"]}}],"collection":[{"href":"https:\/\/lt-laborhandel.de\/en\/wp-json\/wp\/v2\/product"}],"about":[{"href":"https:\/\/lt-laborhandel.de\/en\/wp-json\/wp\/v2\/types\/product"}],"wp:featuredmedia":[{"embeddable":true,"href":"https:\/\/lt-laborhandel.de\/en\/wp-json\/wp\/v2\/media\/20902"}],"wp:attachment":[{"href":"https:\/\/lt-laborhandel.de\/en\/wp-json\/wp\/v2\/media?parent=20905"}],"wp:term":[{"taxonomy":"product_brand","embeddable":true,"href":"https:\/\/lt-laborhandel.de\/en\/wp-json\/wp\/v2\/product_brand?post=20905"},{"taxonomy":"product_cat","embeddable":true,"href":"https:\/\/lt-laborhandel.de\/en\/wp-json\/wp\/v2\/product_cat?post=20905"},{"taxonomy":"product_tag","embeddable":true,"href":"https:\/\/lt-laborhandel.de\/en\/wp-json\/wp\/v2\/product_tag?post=20905"}],"curies":[{"name":"wp","href":"https:\/\/api.w.org\/{rel}","templated":true}]}}