{"id":20904,"date":"2025-03-11T10:42:04","date_gmt":"2025-03-11T09:42:04","guid":{"rendered":"https:\/\/lt-laborhandel.de\/?post_type=product&#038;p=20904"},"modified":"2026-01-09T21:26:24","modified_gmt":"2026-01-09T20:26:24","slug":"restek-rxi-5ms-gc-kapillarsaeule-30-m-0-25-mm-id-0-25-%c2%b5m-13423","status":"publish","type":"product","link":"https:\/\/lt-laborhandel.de\/en\/produkt\/restek-rxi-5ms-gc-kapillarsaeule-30-m-0-25-mm-id-0-25-%c2%b5m-13423\/","title":{"rendered":"Restek Rxi-5ms GC Kapillars\u00e4ule, 30 m, 0.25 mm ID, 0.25 \u00b5m, #13423"},"content":{"rendered":"<p><b>Funktionen &#038; Vorteile:<\/b><br \/>\n&#8211; Allzwecks\u00e4ulen, die f\u00fcr Phenole, Restl\u00f6semittel, Missbrauchsdrogen, Pestizide, PCB-Kongenere (z. B. Aroclor-Mischungen) und L\u00f6semittelverunreinigungen genutzt werden kann.<br \/>\n&#8211; Getestet und garantiert f\u00fcr extrem niedriges S\u00e4ulenbluten; verbessertes Signal-Rausch-Verh\u00e4ltnis f\u00fcr h\u00f6here Empfindlichkeit und Integrit\u00e4t des Massenspektrums.<br \/>\n&#8211; Temperaturbereich: -60 \u00b0C bis 330\/350 \u00b0C.<br \/>\n&#8211; \u00c4quivalent zu USP G27 und G36 Phasen.<\/p>\n<p><b>Technische Spezifikation:<\/b><br \/>\n&#8211; Katalognummer: 13423<br \/>\n&#8211; Produktname: Rxi-5ms GC Kapillars\u00e4ule, 30 m, 0.25 mm ID, 0.25 \u00b5m<br \/>\n&#8211; Typ der station\u00e4ren Phase: Rxi-5ms<br \/>\n&#8211; \u00c4hnliche Phasen: Agilent HP-5msUI \u2022 Phenomenex ZB-5plus \u2022 Quadrex: 007-5MS<br \/>\n&#8211; df (Filmdicke): 0.25 \u00b5m<br \/>\n&#8211; Innendurchmesser (ID): 0.25 mm<br \/>\n&#8211; L\u00e4nge: 30 m<br \/>\n&#8211; Phase: Niederpolare Phase; Quervernetztes Diphenyldimethylpolysiloxan<br \/>\n&#8211; Vergleichbar mit: Agilent 19091S-433UI \u2022 Phenomenex 7HG-G032-11<br \/>\n&#8211; Temperaturgrenzen: -60 bis 330\/350 \u00b0C<br \/>\n&#8211; Einheiten: 1<\/p>\n","protected":false},"excerpt":{"rendered":"<p><b>Zubeh\u00f6r- und Ersatzteile erhalten Sie gerne auf Anfrage!<\/b><\/p>\n","protected":false},"featured_media":20902,"template":"","meta":[],"product_brand":[362],"product_cat":[350],"product_tag":[],"class_list":{"0":"post-20904","1":"product","2":"type-product","3":"status-publish","4":"has-post-thumbnail","6":"product_brand-restek","7":"product_cat-gaschromatografie","8":"product_shipping_class-standard","10":"first","11":"instock","12":"taxable","13":"shipping-taxable","14":"purchasable","15":"product-type-simple"},"tiered_pricing_type":"fixed","tiered_pricing_fixed_rules":[],"tiered_pricing_product_settings":{"layout":"default","base_unit_name":{"singular":null,"plural":null},"default_variation":null},"tiered_pricing_minimum_quantity":null,"tiered_pricing_roles_data":[],"tiered_pricing_percentage_rules":[],"_links":{"self":[{"href":"https:\/\/lt-laborhandel.de\/en\/wp-json\/wp\/v2\/product\/20904","targetHints":{"allow":["GET"]}}],"collection":[{"href":"https:\/\/lt-laborhandel.de\/en\/wp-json\/wp\/v2\/product"}],"about":[{"href":"https:\/\/lt-laborhandel.de\/en\/wp-json\/wp\/v2\/types\/product"}],"wp:featuredmedia":[{"embeddable":true,"href":"https:\/\/lt-laborhandel.de\/en\/wp-json\/wp\/v2\/media\/20902"}],"wp:attachment":[{"href":"https:\/\/lt-laborhandel.de\/en\/wp-json\/wp\/v2\/media?parent=20904"}],"wp:term":[{"taxonomy":"product_brand","embeddable":true,"href":"https:\/\/lt-laborhandel.de\/en\/wp-json\/wp\/v2\/product_brand?post=20904"},{"taxonomy":"product_cat","embeddable":true,"href":"https:\/\/lt-laborhandel.de\/en\/wp-json\/wp\/v2\/product_cat?post=20904"},{"taxonomy":"product_tag","embeddable":true,"href":"https:\/\/lt-laborhandel.de\/en\/wp-json\/wp\/v2\/product_tag?post=20904"}],"curies":[{"name":"wp","href":"https:\/\/api.w.org\/{rel}","templated":true}]}}