{"id":20900,"date":"2025-03-11T10:33:49","date_gmt":"2025-03-11T09:33:49","guid":{"rendered":"https:\/\/lt-laborhandel.de\/?post_type=product&#038;p=20900"},"modified":"2026-01-09T21:26:24","modified_gmt":"2026-01-09T20:26:24","slug":"restekrtx-5ms-low-bleed-gc-kapillarsaeule-30-m-0-25-mm-id-0-25-%c2%b5m-12623","status":"publish","type":"product","link":"https:\/\/lt-laborhandel.de\/en\/produkt\/restekrtx-5ms-low-bleed-gc-kapillarsaeule-30-m-0-25-mm-id-0-25-%c2%b5m-12623\/","title":{"rendered":"Restek Rtx-5MS Low-Bleed-GC Kapillars\u00e4ule, 30 m, 0.25 mm ID, 0.25 \u00b5m, #12623"},"content":{"rendered":"<p><b>Beschreibung:<\/b><br \/>\nRtx-5MS-S\u00e4ulen sind mit einer 5 % Diphenyl\/95 % Dimethylpolysiloxan-Phase beschichtet und werden nach strengen Spezifikationen auf geringes S\u00e4ulenbluten und hohe Inertheit getestet. Sie haben die gleiche Polarit\u00e4t wie die Rtx-5-S\u00e4ulen, weisen aber ein geringeres S\u00e4ulenbluten auf.<\/p>\n<p>Rxi-5Sil MS-S\u00e4ulen sind mit einer Silarylen-Phase beschichtet, die eine \u00e4hnliche Polarit\u00e4t wie eine 5 %-Diphenyl\/95 %-Dimethylpolysiloxan-Phase aufweist, aber die Phenylringe in der Polymerkette der Silarylen-Phase sorgen f\u00fcr eine verbesserte thermische Stabilit\u00e4t und ein geringeres S\u00e4ulenbluten. Die Rxi-5Sil MS-S\u00e4ule ist die ideale Wahl f\u00fcr die Analyse der EPA-Methode 8270 f\u00fcr halbfl\u00fcchtige Schadstoffe. Der geringf\u00fcgige Unterschied in der Selektivit\u00e4t von Rxi-5Sil MS-S\u00e4ulen verbessert auch die Trennung von polyzyklischen aromatischen Kohlenwasserstoffen (PAH), wie z. B. Benzo[b]- und Benzo[k]-fluoranthen-Isomere.<\/p>\n<p><b>Funktionen &#038; Vorteile:<\/b><br \/>\n&#8211; Allzwecks\u00e4ulen f\u00fcr Arzneimittel, L\u00f6semittelverunreinigungen, Pestizide, Kohlenwasserstoffe, PCB-Kongenere (z. B. Aroclor-Mischungen), \u00e4therische \u00d6le und halbfl\u00fcchtige Stoffe.<br \/>\n&#8211; Die S\u00e4ule wurde speziell im Hinblick auf geringes S\u00e4ulenbluten getestet.<br \/>\n&#8211; Temperaturbereich: -60 \u00b0C bis 350 \u00b0C.<br \/>\n&#8211; \u00c4quivalent zu USP G27 und G36 Phasen.<br \/>\n&#8211; F\u00fcr einige Gr\u00f6\u00dfen sind auch Integra-Vors\u00e4ulen erh\u00e4ltlich &#8211; eine Vors\u00e4ule und eine analytische S\u00e4ule in einem, um Verbindungsprobleme auszuschlie\u00dfen!<\/p>\n<p><b>Technische Spezifikation:<\/b><br \/>\n&#8211; Katalognummer: 12623<br \/>\n&#8211; Produktname: Rtx-5MS Low-Bleed-GC Kapillars\u00e4ule, 30 m, 0.25 mm ID, 0.25 \u00b5m<br \/>\n&#8211; Typ der station\u00e4ren Phase: Rtx-5ms<br \/>\n&#8211; \u00c4hnliche Phasen: Agilent CP-Sil 8 CB, DB-5, HP-5, HP-5ms, Ultra-2 \u2022 Phenomenex ZB-5, ZB-5MS \u2022 Supelco\/Millipore Sigma SPB-5<br \/>\n&#8211; df (Filmdicke): 0.25 \u00b5m<br \/>\n&#8211; Innendurchmesser (ID): 0.25 mm<br \/>\n&#8211; L\u00e4nge: 30 m<br \/>\n&#8211; Phase: Niederpolare Phase; Quervernetztes Diphenyldimethylpolysiloxan<br \/>\n&#8211; Vergleichbar mit: Agilent 19091S-433 \u2022 Scion\/Bruker\/Varian CP5860<br \/>\n&#8211; Temperaturgrenzen: -60 bis 330\/350 \u00b0C<br \/>\n&#8211; Einheiten: 1<\/p>\n","protected":false},"excerpt":{"rendered":"<p><b>Zubeh\u00f6r- und Ersatzteile erhalten Sie gerne auf Anfrage!<\/b><\/p>\n","protected":false},"featured_media":20891,"template":"","meta":[],"product_brand":[362],"product_cat":[350],"product_tag":[],"class_list":{"0":"post-20900","1":"product","2":"type-product","3":"status-publish","4":"has-post-thumbnail","6":"product_brand-restek","7":"product_cat-gaschromatografie","8":"product_shipping_class-standard","10":"first","11":"instock","12":"taxable","13":"shipping-taxable","14":"purchasable","15":"product-type-simple"},"tiered_pricing_type":"fixed","tiered_pricing_fixed_rules":[],"tiered_pricing_product_settings":{"layout":"default","base_unit_name":{"singular":null,"plural":null},"default_variation":null},"tiered_pricing_minimum_quantity":null,"tiered_pricing_roles_data":[],"tiered_pricing_percentage_rules":[],"_links":{"self":[{"href":"https:\/\/lt-laborhandel.de\/en\/wp-json\/wp\/v2\/product\/20900","targetHints":{"allow":["GET"]}}],"collection":[{"href":"https:\/\/lt-laborhandel.de\/en\/wp-json\/wp\/v2\/product"}],"about":[{"href":"https:\/\/lt-laborhandel.de\/en\/wp-json\/wp\/v2\/types\/product"}],"wp:featuredmedia":[{"embeddable":true,"href":"https:\/\/lt-laborhandel.de\/en\/wp-json\/wp\/v2\/media\/20891"}],"wp:attachment":[{"href":"https:\/\/lt-laborhandel.de\/en\/wp-json\/wp\/v2\/media?parent=20900"}],"wp:term":[{"taxonomy":"product_brand","embeddable":true,"href":"https:\/\/lt-laborhandel.de\/en\/wp-json\/wp\/v2\/product_brand?post=20900"},{"taxonomy":"product_cat","embeddable":true,"href":"https:\/\/lt-laborhandel.de\/en\/wp-json\/wp\/v2\/product_cat?post=20900"},{"taxonomy":"product_tag","embeddable":true,"href":"https:\/\/lt-laborhandel.de\/en\/wp-json\/wp\/v2\/product_tag?post=20900"}],"curies":[{"name":"wp","href":"https:\/\/api.w.org\/{rel}","templated":true}]}}