{"id":20890,"date":"2025-03-10T10:39:25","date_gmt":"2025-03-10T09:39:25","guid":{"rendered":"https:\/\/lt-laborhandel.de\/?post_type=product&#038;p=20890"},"modified":"2026-01-09T21:26:22","modified_gmt":"2026-01-09T20:26:22","slug":"restek-rtx-5-gc-kapillarsaeule-30-m-0-32-mm-id-1-00-%c2%b5m-10254","status":"publish","type":"product","link":"https:\/\/lt-laborhandel.de\/en\/produkt\/restek-rtx-5-gc-kapillarsaeule-30-m-0-32-mm-id-1-00-%c2%b5m-10254\/","title":{"rendered":"Restek Rtx-5 GC Kapillars\u00e4ule, 30 m, 0.32 mm ID, 1.00 \u00b5m, #10254"},"content":{"rendered":"<p><b>Beschreibung:<\/b><br \/>\nDie station\u00e4re Phase aus Diphenyldimethylpolysiloxan ist die g\u00e4ngigste station\u00e4re GC-Phase und wird in einer Vielzahl von Anwendungen eingesetzt. Alle Katalysatorr\u00fcckst\u00e4nde und Fragmente mit niedrigem Molekulargewicht werden aus dem Rtx-5 Polymer entfernt, wodurch eine enge monomodale Verteilung bei \u00e4u\u00dferst geringem S\u00e4ulenbluten erreicht wird.<\/p>\n<p><b>Funktionen &#038; Vorteile:<\/b><br \/>\n&#8211; Allzwecks\u00e4ulen f\u00fcr Arzneimittel, L\u00f6semittelverunreinigungen, Pestizide, Kohlenwasserstoffe, PCB-Kongenere (z. B. Aroclor-Mischungen), \u00e4therische \u00d6le und<br \/>\n  halbfl\u00fcchtige Stoffe.<br \/>\n&#8211; Entspricht den Phasen USP G27 und G36.<br \/>\n&#8211; Temperaturbereich: -60 \u00b0C bis 330\/350 \u00b0C.<br \/>\n&#8211; F\u00fcr einige Gr\u00f6\u00dfen sind auch Integra-Vors\u00e4ulen erh\u00e4ltlich &#8211; eine Vors\u00e4ule und eine analytische S\u00e4ule in einem, um Verbindungsprobleme auszuschlie\u00dfen!<\/p>\n<p><b>Technische Spezifikation:<\/b><br \/>\n&#8211; Katalognummer: 10254<br \/>\n&#8211; Produktname: Rtx-5 GC Kapillars\u00e4ule, 30 m, 0.32 mm ID, 1.00 \u00b5m<br \/>\n&#8211; Typ der station\u00e4ren Phase: Rtx-5<br \/>\n&#8211; \u00c4hnliche Phasen: Agilent CP-Sil 8 CB, DB-5, HP-5 \u2022 Phenomenex ZB-5 \u2022 Quadrex: 007-5 \u2022 Supelco\/Millipore Sigma: Equity-5<br \/>\n&#8211; df (Filmdicke): 1.00 \u00b5m<br \/>\n&#8211; Innendurchmesser (ID): 0.32 mm<br \/>\n&#8211; L\u00e4nge: 30 m<br \/>\n&#8211; Phase: Niederpolare Phase; Quervernetztes Diphenyldimethylpolysiloxan<br \/>\n&#8211; Vergleichbar mit: Agilent 123-5033, 19091J-213 \u2022 Phenomenex 7HM-G002-22<br \/>\n&#8211; Temperaturgrenzen: -60 bis 325\/350 \u00b0C<br \/>\n&#8211; Einheiten: 1<\/p>\n","protected":false},"excerpt":{"rendered":"<p><b>Zubeh\u00f6r- und Ersatzteile erhalten Sie gerne auf Anfrage!<\/b><\/p>\n","protected":false},"featured_media":20891,"template":"","meta":[],"product_brand":[],"product_cat":[350],"product_tag":[],"class_list":{"0":"post-20890","1":"product","2":"type-product","3":"status-publish","4":"has-post-thumbnail","6":"product_cat-gaschromatografie","7":"product_shipping_class-standard","9":"first","10":"instock","11":"taxable","12":"shipping-taxable","13":"purchasable","14":"product-type-simple"},"tiered_pricing_type":"fixed","tiered_pricing_fixed_rules":[],"tiered_pricing_product_settings":{"layout":"default","base_unit_name":{"singular":null,"plural":null},"default_variation":null},"tiered_pricing_minimum_quantity":null,"tiered_pricing_roles_data":[],"tiered_pricing_percentage_rules":[],"_links":{"self":[{"href":"https:\/\/lt-laborhandel.de\/en\/wp-json\/wp\/v2\/product\/20890","targetHints":{"allow":["GET"]}}],"collection":[{"href":"https:\/\/lt-laborhandel.de\/en\/wp-json\/wp\/v2\/product"}],"about":[{"href":"https:\/\/lt-laborhandel.de\/en\/wp-json\/wp\/v2\/types\/product"}],"wp:featuredmedia":[{"embeddable":true,"href":"https:\/\/lt-laborhandel.de\/en\/wp-json\/wp\/v2\/media\/20891"}],"wp:attachment":[{"href":"https:\/\/lt-laborhandel.de\/en\/wp-json\/wp\/v2\/media?parent=20890"}],"wp:term":[{"taxonomy":"product_brand","embeddable":true,"href":"https:\/\/lt-laborhandel.de\/en\/wp-json\/wp\/v2\/product_brand?post=20890"},{"taxonomy":"product_cat","embeddable":true,"href":"https:\/\/lt-laborhandel.de\/en\/wp-json\/wp\/v2\/product_cat?post=20890"},{"taxonomy":"product_tag","embeddable":true,"href":"https:\/\/lt-laborhandel.de\/en\/wp-json\/wp\/v2\/product_tag?post=20890"}],"curies":[{"name":"wp","href":"https:\/\/api.w.org\/{rel}","templated":true}]}}