{"id":20813,"date":"2025-03-05T11:51:49","date_gmt":"2025-03-05T10:51:49","guid":{"rendered":"https:\/\/lt-laborhandel.de\/?post_type=product&#038;p=20813"},"modified":"2026-01-09T21:26:20","modified_gmt":"2026-01-09T20:26:20","slug":"binder-konstantklimaschrank-kbf720-230v-9020-0481","status":"publish","type":"product","link":"https:\/\/lt-laborhandel.de\/en\/produkt\/binder-konstantklimaschrank-kbf720-230v-9020-0481\/","title":{"rendered":"Binder Konstantklimaschrank KBF720-230V, #9020-0481"},"content":{"rendered":"<p>KBF beherrscht alle Langzeittests, beschleunigte Tests und Stresstests. Dabei erf\u00fcllt er alle wichtigen ICH-Anforderungen, von der Pr\u00e4zision \u00fcber die Programmierung bis zur Dokumentation. Mit optionalen Lichtmodulen wird der KBF zum ICH-Photostabilit\u00e4tstestschrank oder zum Pflanzenwachstumsschrank.<\/p>\n<p>Nettogewicht:\t291 kg<\/p>\n","protected":false},"excerpt":{"rendered":"<p><b>Zubeh\u00f6r- und Ersatzteile erhalten Sie gerne auf Anfrage!<\/b><\/p>\n","protected":false},"featured_media":20814,"template":"","meta":[],"product_brand":[359],"product_cat":[366,273],"product_tag":[],"class_list":{"0":"post-20813","1":"product","2":"type-product","3":"status-publish","4":"has-post-thumbnail","6":"product_brand-binder","7":"product_cat-binder","8":"product_cat-klimakammern","9":"product_shipping_class-standard","11":"first","12":"instock","13":"taxable","14":"shipping-taxable","15":"purchasable","16":"product-type-simple"},"tiered_pricing_type":"fixed","tiered_pricing_fixed_rules":[],"tiered_pricing_product_settings":{"layout":"default","base_unit_name":{"singular":null,"plural":null},"default_variation":null},"tiered_pricing_minimum_quantity":null,"tiered_pricing_roles_data":[],"tiered_pricing_percentage_rules":[],"_links":{"self":[{"href":"https:\/\/lt-laborhandel.de\/en\/wp-json\/wp\/v2\/product\/20813","targetHints":{"allow":["GET"]}}],"collection":[{"href":"https:\/\/lt-laborhandel.de\/en\/wp-json\/wp\/v2\/product"}],"about":[{"href":"https:\/\/lt-laborhandel.de\/en\/wp-json\/wp\/v2\/types\/product"}],"wp:featuredmedia":[{"embeddable":true,"href":"https:\/\/lt-laborhandel.de\/en\/wp-json\/wp\/v2\/media\/20814"}],"wp:attachment":[{"href":"https:\/\/lt-laborhandel.de\/en\/wp-json\/wp\/v2\/media?parent=20813"}],"wp:term":[{"taxonomy":"product_brand","embeddable":true,"href":"https:\/\/lt-laborhandel.de\/en\/wp-json\/wp\/v2\/product_brand?post=20813"},{"taxonomy":"product_cat","embeddable":true,"href":"https:\/\/lt-laborhandel.de\/en\/wp-json\/wp\/v2\/product_cat?post=20813"},{"taxonomy":"product_tag","embeddable":true,"href":"https:\/\/lt-laborhandel.de\/en\/wp-json\/wp\/v2\/product_tag?post=20813"}],"curies":[{"name":"wp","href":"https:\/\/api.w.org\/{rel}","templated":true}]}}