{"id":20800,"date":"2025-03-04T13:15:59","date_gmt":"2025-03-04T12:15:59","guid":{"rendered":"https:\/\/lt-laborhandel.de\/?post_type=product&#038;p=20800"},"modified":"2026-01-09T21:26:20","modified_gmt":"2026-01-09T20:26:20","slug":"binder-konstantklimaschrank-kbfseco1020-230v-9020-0419","status":"publish","type":"product","link":"https:\/\/lt-laborhandel.de\/en\/produkt\/binder-konstantklimaschrank-kbfseco1020-230v-9020-0419\/","title":{"rendered":"Binder Konstantklimaschrank KBFSECO1020-230V, #9020-0419"},"content":{"rendered":"<p>Temperaturbereich: 0 \u00b0C bis +70 \u00b0C (max. 24 \u00b0C unter Umgebungstemperatur)<br \/>\nFeuchtebereich: 10 % r.F. bis 80 % r.F.<br \/>\nAPT.line\u2122 Vorw\u00e4rmkammertechnologie<br \/>\nUnabh\u00e4ngige Wasserversorgung \u00fcber Kanister<br \/>\nLCD-Display zur Anzeige von Temperatur und Feuchte sowie Zusatzinformationen und Alarmen<br \/>\nInterner Datenlogger, Messwerte im offenen Format \u00fcber USB auslesbar<br \/>\nGer\u00e4te-Selbsttest zur umfassenden Statusanalyse<br \/>\nInnenkessel vollst\u00e4ndig in Edelstahl ausgef\u00fchrt<br \/>\n2 Einschubgitter aus Edelstahl, inkl. Bodentr\u00e4ger<br \/>\nDurchf\u00fchrung mit Silikonstopfen \u00d8 30 mm, links<br \/>\nComputer-Schnittstelle: Ethernet<\/p>\n<p>Der neue Klimaschrank KBF-S ECO ist dank Peltier- Technologie mit patentierter W\u00e4rmeabf\u00fchrung einer der energieeffizientesten Konstantklimaschr\u00e4nke am Markt. Durch die Peltier- Technologie ist die Serie KBF-S ECO dazu noch besonders ger\u00e4uscharm.<\/p>\n<p>Nennvolumen:\t1020 l<br \/>\nGr\u00f6\u00dfte Betriebstemperatur:\t+70 \u00b0C<br \/>\nRegelbare Parameter (Serie oder Option):\tTemperatur<br \/>\nRegelbare Parameter (Serie oder Option):\tRelative Luftfeuchtigkeit<br \/>\nUmlufttemperierung:\tJa<br \/>\nNettogewicht:\t322 kg<br \/>\nProgrammspeicher:\tJa<br \/>\nSchnittstelle:\tEthernet<br \/>\nZeitschaltuhr vorhanden:\tJa<br \/>\nProgrammierbar:\tJa<br \/>\nSchnittstelle:\tUSB<\/p>\n","protected":false},"excerpt":{"rendered":"<p><b>Zubeh\u00f6r- und Ersatzteile erhalten Sie gerne auf Anfrage!<\/b><\/p>\n","protected":false},"featured_media":20801,"template":"","meta":[],"product_brand":[359],"product_cat":[366,273],"product_tag":[],"class_list":{"0":"post-20800","1":"product","2":"type-product","3":"status-publish","4":"has-post-thumbnail","6":"product_brand-binder","7":"product_cat-binder","8":"product_cat-klimakammern","9":"product_shipping_class-standard","11":"first","12":"instock","13":"taxable","14":"shipping-taxable","15":"purchasable","16":"product-type-simple"},"tiered_pricing_type":"fixed","tiered_pricing_fixed_rules":[],"tiered_pricing_product_settings":{"layout":"default","base_unit_name":{"singular":null,"plural":null},"default_variation":null},"tiered_pricing_minimum_quantity":null,"tiered_pricing_roles_data":[],"tiered_pricing_percentage_rules":[],"_links":{"self":[{"href":"https:\/\/lt-laborhandel.de\/en\/wp-json\/wp\/v2\/product\/20800","targetHints":{"allow":["GET"]}}],"collection":[{"href":"https:\/\/lt-laborhandel.de\/en\/wp-json\/wp\/v2\/product"}],"about":[{"href":"https:\/\/lt-laborhandel.de\/en\/wp-json\/wp\/v2\/types\/product"}],"wp:featuredmedia":[{"embeddable":true,"href":"https:\/\/lt-laborhandel.de\/en\/wp-json\/wp\/v2\/media\/20801"}],"wp:attachment":[{"href":"https:\/\/lt-laborhandel.de\/en\/wp-json\/wp\/v2\/media?parent=20800"}],"wp:term":[{"taxonomy":"product_brand","embeddable":true,"href":"https:\/\/lt-laborhandel.de\/en\/wp-json\/wp\/v2\/product_brand?post=20800"},{"taxonomy":"product_cat","embeddable":true,"href":"https:\/\/lt-laborhandel.de\/en\/wp-json\/wp\/v2\/product_cat?post=20800"},{"taxonomy":"product_tag","embeddable":true,"href":"https:\/\/lt-laborhandel.de\/en\/wp-json\/wp\/v2\/product_tag?post=20800"}],"curies":[{"name":"wp","href":"https:\/\/api.w.org\/{rel}","templated":true}]}}