{"id":20766,"date":"2025-03-04T12:25:04","date_gmt":"2025-03-04T11:25:04","guid":{"rendered":"https:\/\/lt-laborhandel.de\/?post_type=product&#038;p=20766"},"modified":"2026-01-09T21:26:19","modified_gmt":"2026-01-09T20:26:19","slug":"binder-trocken-und-waermeschrank-m056-230v-9010-0371","status":"publish","type":"product","link":"https:\/\/lt-laborhandel.de\/en\/produkt\/binder-trocken-und-waermeschrank-m056-230v-9010-0371\/","title":{"rendered":"Binder Trocken- und W\u00e4rmeschrank M056-230V, #9010-0371"},"content":{"rendered":"<p>Temperaturbereich: +23 \u00b0C \u00fcber Umgebungstemperatur bis +300 \u00b0C<br \/>\nHohe Temperaturgenauigkeit durch APT.line\u2122 Technologie mit verst\u00e4rkter Heizleistung<br \/>\nVerst\u00e4rkter L\u00fcfter mit einstellbarer Drehzahl<br \/>\nElektromechanische Steuerung der Abluftklappe<br \/>\nIntuitiver Touchscreen Controller mit Zeitabschnitt- und Echtzeitprogrammierung<br \/>\n2 verchromte Einschubgitter<br \/>\nTemperaturw\u00e4hlbegrenzer  Klasse 2 (DIN 12880) und Temperaturwahlw\u00e4chter Klasse 3.1 (DIN 12880)  mit optischem\/akustischem Alarm ausw\u00e4hlbar am Controller<br \/>\nFailsafe Funktion &#8211; Backup Sensor Pt 100<br \/>\nComputer-Schnittstelle: Ethernet<br \/>\nInterner Datenlogger, Messwerte im offenen Format \u00fcber USB auslesbar<\/p>\n<p>Mit maximal +300 \u00b0C und vielseitigen Programmierungsm\u00f6glichkeiten eignen sich die Materialpr\u00fcfschr\u00e4nke der Serie M ideal f\u00fcr Materialpr\u00fcfungen und Alterungstests. Der leistungsstarke L\u00fcfter sorgt mit einem hohen Luftdurchsatz f\u00fcr schnelles Aufheizen.<\/p>\n<p>Nettogewicht:\t43 kg<\/p>\n","protected":false},"excerpt":{"rendered":"<p><b>Zubeh\u00f6r- und Ersatzteile erhalten Sie gerne auf Anfrage!<\/b><\/p>\n","protected":false},"featured_media":20767,"template":"","meta":[],"product_brand":[359],"product_cat":[366,210],"product_tag":[],"class_list":{"0":"post-20766","1":"product","2":"type-product","3":"status-publish","4":"has-post-thumbnail","6":"product_brand-binder","7":"product_cat-binder","8":"product_cat-waerme-und-trockenschraenke","9":"product_shipping_class-standard","11":"first","12":"instock","13":"taxable","14":"shipping-taxable","15":"purchasable","16":"product-type-simple"},"tiered_pricing_type":"fixed","tiered_pricing_fixed_rules":[],"tiered_pricing_product_settings":{"layout":"default","base_unit_name":{"singular":null,"plural":null},"default_variation":null},"tiered_pricing_minimum_quantity":null,"tiered_pricing_roles_data":[],"tiered_pricing_percentage_rules":[],"_links":{"self":[{"href":"https:\/\/lt-laborhandel.de\/en\/wp-json\/wp\/v2\/product\/20766","targetHints":{"allow":["GET"]}}],"collection":[{"href":"https:\/\/lt-laborhandel.de\/en\/wp-json\/wp\/v2\/product"}],"about":[{"href":"https:\/\/lt-laborhandel.de\/en\/wp-json\/wp\/v2\/types\/product"}],"wp:featuredmedia":[{"embeddable":true,"href":"https:\/\/lt-laborhandel.de\/en\/wp-json\/wp\/v2\/media\/20767"}],"wp:attachment":[{"href":"https:\/\/lt-laborhandel.de\/en\/wp-json\/wp\/v2\/media?parent=20766"}],"wp:term":[{"taxonomy":"product_brand","embeddable":true,"href":"https:\/\/lt-laborhandel.de\/en\/wp-json\/wp\/v2\/product_brand?post=20766"},{"taxonomy":"product_cat","embeddable":true,"href":"https:\/\/lt-laborhandel.de\/en\/wp-json\/wp\/v2\/product_cat?post=20766"},{"taxonomy":"product_tag","embeddable":true,"href":"https:\/\/lt-laborhandel.de\/en\/wp-json\/wp\/v2\/product_tag?post=20766"}],"curies":[{"name":"wp","href":"https:\/\/api.w.org\/{rel}","templated":true}]}}