{"id":20755,"date":"2025-03-04T11:31:40","date_gmt":"2025-03-04T10:31:40","guid":{"rendered":"https:\/\/lt-laborhandel.de\/?post_type=product&#038;p=20755"},"modified":"2026-01-09T21:26:18","modified_gmt":"2026-01-09T20:26:18","slug":"binder-trocken-und-waermeschrank-fp056-230v-9010-0363","status":"publish","type":"product","link":"https:\/\/lt-laborhandel.de\/en\/produkt\/binder-trocken-und-waermeschrank-fp056-230v-9010-0363\/","title":{"rendered":"Binder Trocken- und W\u00e4rmeschrank FP056-230V, #9010-0363"},"content":{"rendered":"<p>Temperaturbereich: +10 \u00b0C \u00fcber Umgebungstemperatur bis +300 \u00b0C<br \/>\nHohe Temperaturgenauigkeit durch APT.line\u2122 Technologie<br \/>\nEinstellbare L\u00fcfterdrehzahl<br \/>\nController mit Zeitabschnitt- und Echtzeitprogrammierung<br \/>\nElektromechanische Steuerung der Abluftklappe<br \/>\n2 verchromte Einschubgitter<br \/>\nGer\u00e4te bis 115 L stapelbar<br \/>\nTemperaturw\u00e4hlbegrenzer Klasse 2 (DIN 12880) und Temperaturwahlw\u00e4chter Klasse 3.1 (DIN 12880) mit optischem\/akustischem Alarm ausw\u00e4hlbar am Controller<br \/>\nErgonomisches Griffdesign<br \/>\nComputer-Schnittstelle: Ethernet<br \/>\nInterner Datenlogger, Messwerte im offenen Format \u00fcber USB auslesbar<\/p>\n<p>Ein BINDER Materialpr\u00fcfschrank der Serie FP sorgt zuverl\u00e4ssig f\u00fcr kurze Trockenzeiten und schnelles Aufheizen. Durch die zus\u00e4tzlichen Programmfunktionen und einem regelbaren L\u00fcfter, lassen sich Temperatur- und Umluftbedingungen auch \u00fcber einen l\u00e4ngeren Zeitraum ideal steuern.<\/p>\n<p>Nettogewicht:\t41 kg<\/p>\n","protected":false},"excerpt":{"rendered":"<p><b>Zubeh\u00f6r- und Ersatzteile erhalten Sie gerne auf Anfrage!<\/b><\/p>\n","protected":false},"featured_media":20756,"template":"","meta":[],"product_brand":[359],"product_cat":[366,210],"product_tag":[],"class_list":{"0":"post-20755","1":"product","2":"type-product","3":"status-publish","4":"has-post-thumbnail","6":"product_brand-binder","7":"product_cat-binder","8":"product_cat-waerme-und-trockenschraenke","9":"product_shipping_class-standard","11":"first","12":"instock","13":"taxable","14":"shipping-taxable","15":"purchasable","16":"product-type-simple"},"tiered_pricing_type":"fixed","tiered_pricing_fixed_rules":[],"tiered_pricing_product_settings":{"layout":"default","base_unit_name":{"singular":null,"plural":null},"default_variation":null},"tiered_pricing_minimum_quantity":null,"tiered_pricing_roles_data":[],"tiered_pricing_percentage_rules":[],"_links":{"self":[{"href":"https:\/\/lt-laborhandel.de\/en\/wp-json\/wp\/v2\/product\/20755","targetHints":{"allow":["GET"]}}],"collection":[{"href":"https:\/\/lt-laborhandel.de\/en\/wp-json\/wp\/v2\/product"}],"about":[{"href":"https:\/\/lt-laborhandel.de\/en\/wp-json\/wp\/v2\/types\/product"}],"wp:featuredmedia":[{"embeddable":true,"href":"https:\/\/lt-laborhandel.de\/en\/wp-json\/wp\/v2\/media\/20756"}],"wp:attachment":[{"href":"https:\/\/lt-laborhandel.de\/en\/wp-json\/wp\/v2\/media?parent=20755"}],"wp:term":[{"taxonomy":"product_brand","embeddable":true,"href":"https:\/\/lt-laborhandel.de\/en\/wp-json\/wp\/v2\/product_brand?post=20755"},{"taxonomy":"product_cat","embeddable":true,"href":"https:\/\/lt-laborhandel.de\/en\/wp-json\/wp\/v2\/product_cat?post=20755"},{"taxonomy":"product_tag","embeddable":true,"href":"https:\/\/lt-laborhandel.de\/en\/wp-json\/wp\/v2\/product_tag?post=20755"}],"curies":[{"name":"wp","href":"https:\/\/api.w.org\/{rel}","templated":true}]}}