{"id":20739,"date":"2025-03-04T11:13:14","date_gmt":"2025-03-04T10:13:14","guid":{"rendered":"https:\/\/lt-laborhandel.de\/?post_type=product&#038;p=20739"},"modified":"2026-01-09T21:26:18","modified_gmt":"2026-01-09T20:26:18","slug":"binder-kuehlinkubator-kbeco720-230v-9020-0424","status":"publish","type":"product","link":"https:\/\/lt-laborhandel.de\/en\/produkt\/binder-kuehlinkubator-kbeco720-230v-9020-0424\/","title":{"rendered":"Binder K\u00fchlinkubator KBECO720-230V, #9020-0424"},"content":{"rendered":"<p>Temperaturbereich: 0 \u00b0C bis +70 \u00b0C (max. 26 \u00b0C unter Umgebungstemperatur)<br \/>\nAPT.line\u2122 Vorw\u00e4rmkammertechnologie<br \/>\nElektrische Temperierung durch Peltier-Modul mit neuartiger W\u00e4rmeabf\u00fchrung<br \/>\nInnent\u00fcr aus Sicherheitsglas<br \/>\nInnenkessel vollst\u00e4ndig in Edelstahl ausgef\u00fchrt<br \/>\n2 Einschubgitter aus Edelstahl<br \/>\nEinstellbarer Betauungsschutz<br \/>\nDurchf\u00fchrung mit Silikonstopfen \u00d8 30 mm<br \/>\nLCD-Display zur Anzeige der Temperatur sowie Zusatzinformationen und Alarmen<br \/>\nInterner Datenlogger, Messwerte im offenen Format \u00fcber USB auslesbar<br \/>\nGer\u00e4te-Selbsttest zur umfassenden Statusanalyse<br \/>\nComputer-Schnittstelle: Ethernet<\/p>\n<p>Der neue K\u00fchlinkubator KB ECO ist dank Peltier- Technologie mit patentierter W\u00e4rmeabf\u00fchrung einer der energieeffizientesten K\u00fchlbrutschr\u00e4nke am Markt. Durch die Peltier-Technologie ist die Serie KB ECO dazu noch besonders ger\u00e4uscharm.<\/p>\n<p>Nennvolumen:\t700 l<br \/>\nGr\u00f6\u00dfte Betriebstemperatur:\t+70 \u00b0C<br \/>\nRegelbare Parameter (Serie oder Option):\tTemperatur<br \/>\nUmlufttemperierung:\tJa<br \/>\nNettogewicht:\t272 kg<br \/>\nProgrammspeicher:\tJa<br \/>\nSchnittstelle:\tEthernet<br \/>\nZeitschaltuhr vorhanden:\tJa<br \/>\nProgrammierbar:\tJa<\/p>\n","protected":false},"excerpt":{"rendered":"<p><b>Zubeh\u00f6r- und Ersatzteile erhalten Sie gerne auf Anfrage!<\/b><\/p>\n","protected":false},"featured_media":20740,"template":"","meta":[],"product_brand":[359],"product_cat":[366,206],"product_tag":[],"class_list":{"0":"post-20739","1":"product","2":"type-product","3":"status-publish","4":"has-post-thumbnail","6":"product_brand-binder","7":"product_cat-binder","8":"product_cat-brutschraenke","9":"product_shipping_class-standard","11":"first","12":"instock","13":"taxable","14":"shipping-taxable","15":"purchasable","16":"product-type-simple"},"tiered_pricing_type":"fixed","tiered_pricing_fixed_rules":[],"tiered_pricing_product_settings":{"layout":"default","base_unit_name":{"singular":null,"plural":null},"default_variation":null},"tiered_pricing_minimum_quantity":null,"tiered_pricing_roles_data":[],"tiered_pricing_percentage_rules":[],"_links":{"self":[{"href":"https:\/\/lt-laborhandel.de\/en\/wp-json\/wp\/v2\/product\/20739","targetHints":{"allow":["GET"]}}],"collection":[{"href":"https:\/\/lt-laborhandel.de\/en\/wp-json\/wp\/v2\/product"}],"about":[{"href":"https:\/\/lt-laborhandel.de\/en\/wp-json\/wp\/v2\/types\/product"}],"wp:featuredmedia":[{"embeddable":true,"href":"https:\/\/lt-laborhandel.de\/en\/wp-json\/wp\/v2\/media\/20740"}],"wp:attachment":[{"href":"https:\/\/lt-laborhandel.de\/en\/wp-json\/wp\/v2\/media?parent=20739"}],"wp:term":[{"taxonomy":"product_brand","embeddable":true,"href":"https:\/\/lt-laborhandel.de\/en\/wp-json\/wp\/v2\/product_brand?post=20739"},{"taxonomy":"product_cat","embeddable":true,"href":"https:\/\/lt-laborhandel.de\/en\/wp-json\/wp\/v2\/product_cat?post=20739"},{"taxonomy":"product_tag","embeddable":true,"href":"https:\/\/lt-laborhandel.de\/en\/wp-json\/wp\/v2\/product_tag?post=20739"}],"curies":[{"name":"wp","href":"https:\/\/api.w.org\/{rel}","templated":true}]}}