{"id":20733,"date":"2025-03-04T10:17:58","date_gmt":"2025-03-04T09:17:58","guid":{"rendered":"https:\/\/lt-laborhandel.de\/?post_type=product&#038;p=20733"},"modified":"2026-01-09T21:26:18","modified_gmt":"2026-01-09T20:26:18","slug":"binder-kuehlinkubator-mit-grossem-temperaturbereich-kb720-230v-9020-0475","status":"publish","type":"product","link":"https:\/\/lt-laborhandel.de\/en\/produkt\/binder-kuehlinkubator-mit-grossem-temperaturbereich-kb720-230v-9020-0475\/","title":{"rendered":"Binder K\u00fchlinkubator mit gro\u00dfem Temperaturbereich KB720-230V, #9020-0475"},"content":{"rendered":"<p>Das leistungsstarke Allroundtalent unter den K\u00fchlinkubatoren f\u00fcr Mikroorganismen: Der KB inkubiert selbst voll beladen h\u00f6chst pr\u00e4zise, beherrscht eine Hei\u00dfluft-Desinfektionsroutine und l\u00e4sst sich einfach als Wochenendk\u00fchlschrank programmieren.<\/p>\n<p>Nettogewicht:\t285 kg<\/p>\n","protected":false},"excerpt":{"rendered":"<p><b>Zubeh\u00f6r- und Ersatzteile erhalten Sie gerne auf Anfrage!<\/b><\/p>\n","protected":false},"featured_media":20734,"template":"","meta":[],"product_brand":[359],"product_cat":[366,206],"product_tag":[],"class_list":{"0":"post-20733","1":"product","2":"type-product","3":"status-publish","4":"has-post-thumbnail","6":"product_brand-binder","7":"product_cat-binder","8":"product_cat-brutschraenke","9":"product_shipping_class-standard","11":"first","12":"instock","13":"taxable","14":"shipping-taxable","15":"purchasable","16":"product-type-simple"},"tiered_pricing_type":"fixed","tiered_pricing_fixed_rules":[],"tiered_pricing_product_settings":{"layout":"default","base_unit_name":{"singular":null,"plural":null},"default_variation":null},"tiered_pricing_minimum_quantity":null,"tiered_pricing_roles_data":[],"tiered_pricing_percentage_rules":[],"_links":{"self":[{"href":"https:\/\/lt-laborhandel.de\/en\/wp-json\/wp\/v2\/product\/20733","targetHints":{"allow":["GET"]}}],"collection":[{"href":"https:\/\/lt-laborhandel.de\/en\/wp-json\/wp\/v2\/product"}],"about":[{"href":"https:\/\/lt-laborhandel.de\/en\/wp-json\/wp\/v2\/types\/product"}],"wp:featuredmedia":[{"embeddable":true,"href":"https:\/\/lt-laborhandel.de\/en\/wp-json\/wp\/v2\/media\/20734"}],"wp:attachment":[{"href":"https:\/\/lt-laborhandel.de\/en\/wp-json\/wp\/v2\/media?parent=20733"}],"wp:term":[{"taxonomy":"product_brand","embeddable":true,"href":"https:\/\/lt-laborhandel.de\/en\/wp-json\/wp\/v2\/product_brand?post=20733"},{"taxonomy":"product_cat","embeddable":true,"href":"https:\/\/lt-laborhandel.de\/en\/wp-json\/wp\/v2\/product_cat?post=20733"},{"taxonomy":"product_tag","embeddable":true,"href":"https:\/\/lt-laborhandel.de\/en\/wp-json\/wp\/v2\/product_tag?post=20733"}],"curies":[{"name":"wp","href":"https:\/\/api.w.org\/{rel}","templated":true}]}}