{"id":20676,"date":"2025-02-27T09:06:44","date_gmt":"2025-02-27T08:06:44","guid":{"rendered":"https:\/\/lt-laborhandel.de\/?post_type=product&#038;p=20676"},"modified":"2026-01-09T21:26:14","modified_gmt":"2026-01-09T20:26:14","slug":"nabertherm-vertikaler-hochtemperaturofen-rhtv-50-150-17-p570-tmax-1700c-rv152v72an","status":"publish","type":"product","link":"https:\/\/lt-laborhandel.de\/en\/produkt\/nabertherm-vertikaler-hochtemperaturofen-rhtv-50-150-17-p570-tmax-1700c-rv152v72an\/","title":{"rendered":"Nabertherm Vertikaler Hochtemperaturofen RHTV 50\/150\/17\/P570, Tmax 1700\u00b0C, #RV152V72AN"},"content":{"rendered":"<p>Nabertherm Vertikaler Hochtemperaturofen RHTV 50\/150\/17\/P570, Tmax 1700\u00b0C, #RV152V72AN<\/p>\n<p><b>Technische Daten:<\/b><br \/>\nModell: RHTV 50\/150\/17<br \/>\nMax. Temperatur: 1700\u00b0C (Angabe au\u00dferhalb des Rohres. Differenz zur Temperatur im Rohrinneren bis + 50K<br \/>\nAu\u00dfenabmessungen: 610mm x 700mm x 1130mm (BxTxH) &#8211;> H\u00f6he ohne Rohr; Au\u00dfenabmessungen variieren bei Ausf\u00fchrung mit Zusatzausstattung. Ma\u00dfe auf Anfrage.<br \/>\nMax. Rohrdurchmesser au\u00dfen: 50mm<br \/>\nBeheizte L\u00e4nge: 150mm<br \/>\nL\u00e4nge konstante Temperatur +\/- 5K: 30mm<br \/>\nRohrl\u00e4nge: 380mm<br \/>\nMax. Anschlussleistung: 5,8 kW<br \/>\nElektrischer Anschluss: 3phasig (Heizung nur zwischen zwei Phasen)<br \/>\nGewicht: 70kg<\/p>\n<p><b>Viele weitere Konfigurationen und Zubeh\u00f6roptionen sind auf Anfrage erh\u00e4ltlich!<\/b><\/p>\n","protected":false},"excerpt":{"rendered":"<p><b>Zubeh\u00f6r- und Ersatzteile erhalten Sie gerne auf Anfrage!<\/b><\/p>\n","protected":false},"featured_media":20685,"template":"","meta":[],"product_brand":[373],"product_cat":[345,374],"product_tag":[],"class_list":{"0":"post-20676","1":"product","2":"type-product","3":"status-publish","4":"has-post-thumbnail","6":"product_brand-nabertherm","7":"product_cat-hochtemperaturoefen","8":"product_cat-nabertherm","9":"product_shipping_class-standard","11":"first","12":"instock","13":"taxable","14":"shipping-taxable","15":"purchasable","16":"product-type-simple"},"tiered_pricing_type":"fixed","tiered_pricing_fixed_rules":[],"tiered_pricing_product_settings":{"layout":"default","base_unit_name":{"singular":null,"plural":null},"default_variation":null},"tiered_pricing_minimum_quantity":null,"tiered_pricing_roles_data":[],"tiered_pricing_percentage_rules":[],"_links":{"self":[{"href":"https:\/\/lt-laborhandel.de\/en\/wp-json\/wp\/v2\/product\/20676","targetHints":{"allow":["GET"]}}],"collection":[{"href":"https:\/\/lt-laborhandel.de\/en\/wp-json\/wp\/v2\/product"}],"about":[{"href":"https:\/\/lt-laborhandel.de\/en\/wp-json\/wp\/v2\/types\/product"}],"wp:featuredmedia":[{"embeddable":true,"href":"https:\/\/lt-laborhandel.de\/en\/wp-json\/wp\/v2\/media\/20685"}],"wp:attachment":[{"href":"https:\/\/lt-laborhandel.de\/en\/wp-json\/wp\/v2\/media?parent=20676"}],"wp:term":[{"taxonomy":"product_brand","embeddable":true,"href":"https:\/\/lt-laborhandel.de\/en\/wp-json\/wp\/v2\/product_brand?post=20676"},{"taxonomy":"product_cat","embeddable":true,"href":"https:\/\/lt-laborhandel.de\/en\/wp-json\/wp\/v2\/product_cat?post=20676"},{"taxonomy":"product_tag","embeddable":true,"href":"https:\/\/lt-laborhandel.de\/en\/wp-json\/wp\/v2\/product_tag?post=20676"}],"curies":[{"name":"wp","href":"https:\/\/api.w.org\/{rel}","templated":true}]}}