{"id":20667,"date":"2025-02-25T11:07:24","date_gmt":"2025-02-25T10:07:24","guid":{"rendered":"https:\/\/lt-laborhandel.de\/?post_type=product&#038;p=20667"},"modified":"2026-01-09T21:26:14","modified_gmt":"2026-01-09T20:26:14","slug":"nabertherm-aufklappbarer-rohrofen-rsh-120-500-11-b510-tmax-1100c-rs322l2an","status":"publish","type":"product","link":"https:\/\/lt-laborhandel.de\/en\/produkt\/nabertherm-aufklappbarer-rohrofen-rsh-120-500-11-b510-tmax-1100c-rs322l2an\/","title":{"rendered":"Nabertherm Aufklappbarer Rohrofen RSH 120\/500\/11\/B510, Tmax 1100\u00b0C, #RS33O1B"},"content":{"rendered":"<p>Nabertherm Aufklappbarer Rohrofen RSH 120\/500\/11\/B510, Tmax 1100\u00b0C, #RS33O1B<\/p>\n<p><b>Technische Daten:<\/b><br \/>\nModell: RSH 120\/500\/11<br \/>\nMax. Temperatur: 1100\u00b0C (Angabe au\u00dferhalb des Rohres. Differenz zur Temperatur im Rohrinneren bis + 50K<br \/>\nAu\u00dfenabmessungen: 670mm x 450mm x 580mm (BxTxH) &#8211;> Breite ohne Rohr; Au\u00dfenabmessungen variieren bei Ausf\u00fchrung mit Zusatzausstattung. Ma\u00dfe auf Anfrage.<br \/>\nMax. Rohrdurchmesser au\u00dfen: 120mm<br \/>\nBeheizte L\u00e4nge: 500mm<br \/>\nL\u00e4nge konstante Temperatur +\/- 5K: 170mm (einzonig) bzw. 250mm (dreizonig)<br \/>\nRohrl\u00e4nge: 850mm<br \/>\nMax. Anschlussleistung: 6,6 kW<br \/>\nElektrischer Anschluss: 3phasig (bei dreizoniger Ausf\u00fchrung ist ein N-Leiter erforderlich (3\/N\/PE)<br \/>\nGewicht: 46kg<\/p>\n<p><b>Viele weitere Konfigurationen und Zubeh\u00f6roptionen sind auf Anfrage erh\u00e4ltlich!<\/b><\/p>\n","protected":false},"excerpt":{"rendered":"<p><b>Zubeh\u00f6r- und Ersatzteile erhalten Sie gerne auf Anfrage!<\/b><\/p>\n","protected":false},"featured_media":20668,"template":"","meta":[],"product_brand":[373],"product_cat":[374,346],"product_tag":[],"class_list":{"0":"post-20667","1":"product","2":"type-product","3":"status-publish","4":"has-post-thumbnail","6":"product_brand-nabertherm","7":"product_cat-nabertherm","8":"product_cat-rohroefen","9":"product_shipping_class-standard","11":"first","12":"instock","13":"taxable","14":"shipping-taxable","15":"purchasable","16":"product-type-simple"},"tiered_pricing_type":"fixed","tiered_pricing_fixed_rules":[],"tiered_pricing_product_settings":{"layout":"default","base_unit_name":{"singular":null,"plural":null},"default_variation":null},"tiered_pricing_minimum_quantity":null,"tiered_pricing_roles_data":[],"tiered_pricing_percentage_rules":[],"_links":{"self":[{"href":"https:\/\/lt-laborhandel.de\/en\/wp-json\/wp\/v2\/product\/20667","targetHints":{"allow":["GET"]}}],"collection":[{"href":"https:\/\/lt-laborhandel.de\/en\/wp-json\/wp\/v2\/product"}],"about":[{"href":"https:\/\/lt-laborhandel.de\/en\/wp-json\/wp\/v2\/types\/product"}],"wp:featuredmedia":[{"embeddable":true,"href":"https:\/\/lt-laborhandel.de\/en\/wp-json\/wp\/v2\/media\/20668"}],"wp:attachment":[{"href":"https:\/\/lt-laborhandel.de\/en\/wp-json\/wp\/v2\/media?parent=20667"}],"wp:term":[{"taxonomy":"product_brand","embeddable":true,"href":"https:\/\/lt-laborhandel.de\/en\/wp-json\/wp\/v2\/product_brand?post=20667"},{"taxonomy":"product_cat","embeddable":true,"href":"https:\/\/lt-laborhandel.de\/en\/wp-json\/wp\/v2\/product_cat?post=20667"},{"taxonomy":"product_tag","embeddable":true,"href":"https:\/\/lt-laborhandel.de\/en\/wp-json\/wp\/v2\/product_tag?post=20667"}],"curies":[{"name":"wp","href":"https:\/\/api.w.org\/{rel}","templated":true}]}}