{"id":20630,"date":"2025-02-24T12:36:29","date_gmt":"2025-02-24T11:36:29","guid":{"rendered":"https:\/\/lt-laborhandel.de\/?post_type=product&#038;p=20630"},"modified":"2026-01-09T21:26:14","modified_gmt":"2026-01-09T20:26:14","slug":"nabertherm-hochtemperaturofen-lht-02-17-p580-hochtemperaturofen-mosi2-beheizung-tmax-1700c-lht227wn1","status":"publish","type":"product","link":"https:\/\/lt-laborhandel.de\/en\/produkt\/nabertherm-hochtemperaturofen-lht-02-17-p580-hochtemperaturofen-mosi2-beheizung-tmax-1700c-lht227wn1\/","title":{"rendered":"Nabertherm Hochtemperaturofen LHT 02\/17\/P580, Hochtemperaturofen, MoSi2 Beheizung, Tmax 1700\u00b0C, #LHT237WN1"},"content":{"rendered":"<p>Nabertherm Hochtemperaturofen LHT 02\/17\/P580, Hochtemperaturofen, MoSi2 Beheizung, Tmax 1700\u00b0C, LHT237WN1<\/p>\n<p><b>Technische Daten:<\/b><br \/>\nModell: LHT 02\/17<br \/>\nMax. Temperatur: 1750\u00b0C<br \/>\nInnenabmessungen: 130mm x 145mm x 130mm (BxTxH)<br \/>\nAu\u00dfenabmessungen: 430mm x 450mm x 570+325mm (BxTxH) &#8211;> inkl. ge\u00f6ffneter Hubt\u00fcr<br \/>\nVolumen: 2L<br \/>\nMax. Anschlussleistung: 2,7 kW<br \/>\nElektrischer Anschluss: 1phasig<br \/>\nGewicht: 33kg<br \/>\nAufheizzeit: 46 Minuten<\/p>\n<p><b>Viele weitere Konfigurationen und Zubeh\u00f6roptionen sind auf Anfrage erh\u00e4ltlich!<\/b><\/p>\n","protected":false},"excerpt":{"rendered":"<p><b>Zubeh\u00f6r- und Ersatzteile erhalten Sie gerne auf Anfrage!<\/b><\/p>\n","protected":false},"featured_media":20641,"template":"","meta":[],"product_brand":[373],"product_cat":[345,374],"product_tag":[],"class_list":{"0":"post-20630","1":"product","2":"type-product","3":"status-publish","4":"has-post-thumbnail","6":"product_brand-nabertherm","7":"product_cat-hochtemperaturoefen","8":"product_cat-nabertherm","9":"product_shipping_class-standard","11":"first","12":"instock","13":"taxable","14":"shipping-taxable","15":"purchasable","16":"product-type-simple"},"tiered_pricing_type":"fixed","tiered_pricing_fixed_rules":[],"tiered_pricing_product_settings":{"layout":"default","base_unit_name":{"singular":null,"plural":null},"default_variation":null},"tiered_pricing_minimum_quantity":null,"tiered_pricing_roles_data":[],"tiered_pricing_percentage_rules":[],"_links":{"self":[{"href":"https:\/\/lt-laborhandel.de\/en\/wp-json\/wp\/v2\/product\/20630","targetHints":{"allow":["GET"]}}],"collection":[{"href":"https:\/\/lt-laborhandel.de\/en\/wp-json\/wp\/v2\/product"}],"about":[{"href":"https:\/\/lt-laborhandel.de\/en\/wp-json\/wp\/v2\/types\/product"}],"wp:featuredmedia":[{"embeddable":true,"href":"https:\/\/lt-laborhandel.de\/en\/wp-json\/wp\/v2\/media\/20641"}],"wp:attachment":[{"href":"https:\/\/lt-laborhandel.de\/en\/wp-json\/wp\/v2\/media?parent=20630"}],"wp:term":[{"taxonomy":"product_brand","embeddable":true,"href":"https:\/\/lt-laborhandel.de\/en\/wp-json\/wp\/v2\/product_brand?post=20630"},{"taxonomy":"product_cat","embeddable":true,"href":"https:\/\/lt-laborhandel.de\/en\/wp-json\/wp\/v2\/product_cat?post=20630"},{"taxonomy":"product_tag","embeddable":true,"href":"https:\/\/lt-laborhandel.de\/en\/wp-json\/wp\/v2\/product_tag?post=20630"}],"curies":[{"name":"wp","href":"https:\/\/api.w.org\/{rel}","templated":true}]}}