{"id":20588,"date":"2025-02-19T12:43:05","date_gmt":"2025-02-19T11:43:05","guid":{"rendered":"https:\/\/lt-laborhandel.de\/?post_type=product&#038;p=20588"},"modified":"2026-03-17T08:51:13","modified_gmt":"2026-03-17T07:51:13","slug":"meditrade-nitril-viola-nitriluntersuchungs-und-schutzhandschuhe-violett-puderfrei-100-stueck","status":"publish","type":"product","link":"https:\/\/lt-laborhandel.de\/en\/produkt\/meditrade-nitril-viola-nitriluntersuchungs-und-schutzhandschuhe-violett-puderfrei-100-stueck\/","title":{"rendered":"Meditrade Nitril\u00ae Viola\u00ae Nitriluntersuchungs- und Schutzhandschuhe, Violett, Puderfrei, 1 Karton = 10 x 100 = 1.000 St\u00fcck"},"content":{"rendered":"<p>Meditrade Nitril\u00ae Viola\u00ae Nitriluntersuchungs- und Schutzhandschuhe, Violett, Puderfrei, 1 Karton = 10 x 100 = 1.000 St\u00fcck<\/p>\n<p><b>Spezifikationen:<\/b><br \/>\n&#8211; Kategorie: Untersuchungshandschuh aus Nitril gem. DIN EN 455<br \/>\n&#8211; Farbe: Violett<br \/>\n&#8211; Charakteristik: Schutzhandschuh nach PSA<br \/>\n                  Puder-, protein- und latexfrei<br \/>\n                  Mikrogeraut<br \/>\n                  Elastisch und rei\u00dffest<br \/>\n&#8211; Passform: Beidh\u00e4ndig passend, mit Rollrand<br \/>\n&#8211; Kontakt: Geeignet f\u00fcr den Kontakt mit Lebensmitteln<\/p>\n<p><b>Anwendung:<\/b><br \/>\n&#8211; Geeignet f\u00fcr den Umgang mit Reinigungsmitteln und Desinfektion und f\u00fcr weitere Anwendungen im Labor, in der Pharmaindustrie, f\u00fcr die professionelle<br \/>\n  Reinigung, im Catering und f\u00fcr den Umgang mit Lebensmitteln im Allgemeinen.<br \/>\n&#8211; Ideal f\u00fcr empfindliche Anwender mit diagnostizierter Latexallergie (Typ I).<\/p>\n<p><b>Gr\u00f6\u00dfen:<\/b> XS &#8211; XL<\/p>\n","protected":false},"excerpt":{"rendered":"<p>Meditrade Nitril\u00ae Viola\u00ae Nitriluntersuchungs- und Schutzhandschuhe, Violett, Puderfrei, 1 Karton = 10 x 100 = 1.000 St\u00fcck Spezifikationen: &#8211; Kategorie: Untersuchungshandschuh aus Nitril gem. DIN EN 455 &#8211; Farbe: Violett &#8211; Charakteristik: Schutzhandschuh nach PSA Puder-, protein- und latexfrei Mikrogeraut Elastisch und rei\u00dffest &#8211; Passform: Beidh\u00e4ndig passend, mit Rollrand &#8211; Kontakt: Geeignet f\u00fcr den Kontakt [&hellip;]<\/p>\n","protected":false},"featured_media":20653,"template":"","meta":[],"product_brand":[],"product_cat":[106],"product_tag":[],"class_list":{"0":"post-20588","1":"product","2":"type-product","3":"status-publish","4":"has-post-thumbnail","6":"product_cat-nitrilhandschuhe","7":"product_shipping_class-psa","9":"first","10":"instock","11":"taxable","12":"shipping-taxable","13":"purchasable","14":"product-type-variable"},"tiered_pricing_type":"fixed","tiered_pricing_fixed_rules":[],"tiered_pricing_product_settings":{"layout":"default","base_unit_name":{"singular":null,"plural":null},"default_variation":null},"tiered_pricing_minimum_quantity":null,"tiered_pricing_roles_data":[],"tiered_pricing_percentage_rules":[],"_links":{"self":[{"href":"https:\/\/lt-laborhandel.de\/en\/wp-json\/wp\/v2\/product\/20588","targetHints":{"allow":["GET"]}}],"collection":[{"href":"https:\/\/lt-laborhandel.de\/en\/wp-json\/wp\/v2\/product"}],"about":[{"href":"https:\/\/lt-laborhandel.de\/en\/wp-json\/wp\/v2\/types\/product"}],"wp:featuredmedia":[{"embeddable":true,"href":"https:\/\/lt-laborhandel.de\/en\/wp-json\/wp\/v2\/media\/20653"}],"wp:attachment":[{"href":"https:\/\/lt-laborhandel.de\/en\/wp-json\/wp\/v2\/media?parent=20588"}],"wp:term":[{"taxonomy":"product_brand","embeddable":true,"href":"https:\/\/lt-laborhandel.de\/en\/wp-json\/wp\/v2\/product_brand?post=20588"},{"taxonomy":"product_cat","embeddable":true,"href":"https:\/\/lt-laborhandel.de\/en\/wp-json\/wp\/v2\/product_cat?post=20588"},{"taxonomy":"product_tag","embeddable":true,"href":"https:\/\/lt-laborhandel.de\/en\/wp-json\/wp\/v2\/product_tag?post=20588"}],"curies":[{"name":"wp","href":"https:\/\/api.w.org\/{rel}","templated":true}]}}