{"id":20550,"date":"2025-02-19T10:58:52","date_gmt":"2025-02-19T09:58:52","guid":{"rendered":"https:\/\/lt-laborhandel.de\/?post_type=product&#038;p=20550"},"modified":"2026-01-09T21:26:05","modified_gmt":"2026-01-09T20:26:05","slug":"nabertherm-muffelofen-lt9-14-b510-tmax1400-mit-hubtuer-l-095h4anl","status":"publish","type":"product","link":"https:\/\/lt-laborhandel.de\/en\/produkt\/nabertherm-muffelofen-lt9-14-b510-tmax1400-mit-hubtuer-l-095h4anl\/","title":{"rendered":"Nabertherm Muffelofen LT9\/14\/B510 Tmax1400 mit Hubt\u00fcr, #L-095H4AL"},"content":{"rendered":"<p>Nabertherm Muffelofen LT9\/14\/B510 Tmax1400 mit Hubt\u00fcr, #L-095H4AL<\/p>\n<p><b>Technische Daten:<\/b><br \/>\nModell: L9\/14<br \/>\nMax. Temperatur: 1400\u00b0C<br \/>\nInnenabmessungen: 250mm x 250mm x 170mm (BxTxH)<br \/>\nAu\u00dfenabmessungen: 530mm x 525mm x 630+350mm (BxTxH) &#8211;&gt; Inkl. ge\u00f6ffneter Hubt\u00fcr<br \/>\nVolumen: 9L<br \/>\nMax. Anschlussleistung: 3,5 kW<br \/>\nElektrischer Anschluss: 1phasig<br \/>\nGewicht: 55kg<br \/>\nAufheizzeit: 50 Minuten<\/p>\n<p><b>Viele weitere Konfigurationen und Zubeh\u00f6roptionen sind auf Anfrage erh\u00e4ltlich!<\/b><\/p>\n","protected":false},"excerpt":{"rendered":"<p><b>Zubeh\u00f6r- und Ersatzteile erhalten Sie gerne auf Anfrage!<\/b><\/p>\n","protected":false},"featured_media":20551,"template":"","meta":[],"product_brand":[373],"product_cat":[341,374],"product_tag":[],"class_list":{"0":"post-20550","1":"product","2":"type-product","3":"status-publish","4":"has-post-thumbnail","6":"product_brand-nabertherm","7":"product_cat-muffeloefen","8":"product_cat-nabertherm","9":"product_shipping_class-standard","11":"first","12":"instock","13":"taxable","14":"shipping-taxable","15":"purchasable","16":"product-type-simple"},"tiered_pricing_type":"fixed","tiered_pricing_fixed_rules":[],"tiered_pricing_product_settings":{"layout":"default","base_unit_name":{"singular":null,"plural":null},"default_variation":null},"tiered_pricing_minimum_quantity":null,"tiered_pricing_roles_data":[],"tiered_pricing_percentage_rules":[],"_links":{"self":[{"href":"https:\/\/lt-laborhandel.de\/en\/wp-json\/wp\/v2\/product\/20550","targetHints":{"allow":["GET"]}}],"collection":[{"href":"https:\/\/lt-laborhandel.de\/en\/wp-json\/wp\/v2\/product"}],"about":[{"href":"https:\/\/lt-laborhandel.de\/en\/wp-json\/wp\/v2\/types\/product"}],"wp:featuredmedia":[{"embeddable":true,"href":"https:\/\/lt-laborhandel.de\/en\/wp-json\/wp\/v2\/media\/20551"}],"wp:attachment":[{"href":"https:\/\/lt-laborhandel.de\/en\/wp-json\/wp\/v2\/media?parent=20550"}],"wp:term":[{"taxonomy":"product_brand","embeddable":true,"href":"https:\/\/lt-laborhandel.de\/en\/wp-json\/wp\/v2\/product_brand?post=20550"},{"taxonomy":"product_cat","embeddable":true,"href":"https:\/\/lt-laborhandel.de\/en\/wp-json\/wp\/v2\/product_cat?post=20550"},{"taxonomy":"product_tag","embeddable":true,"href":"https:\/\/lt-laborhandel.de\/en\/wp-json\/wp\/v2\/product_tag?post=20550"}],"curies":[{"name":"wp","href":"https:\/\/api.w.org\/{rel}","templated":true}]}}