{"id":20398,"date":"2025-02-04T09:11:09","date_gmt":"2025-02-04T08:11:09","guid":{"rendered":"https:\/\/lt-laborhandel.de\/?post_type=product&#038;p=20398"},"modified":"2026-03-13T19:09:07","modified_gmt":"2026-03-13T18:09:07","slug":"ika-dispergierwerkzeug-s-25-kv-25-g-il-0002563000","status":"publish","type":"product","link":"https:\/\/lt-laborhandel.de\/en\/produkt\/ika-dispergierwerkzeug-s-25-kv-25-g-il-0002563000\/","title":{"rendered":"IKA Dispergierwerkzeug S 25 KV &#8211; 25 G-IL, #0002563000"},"content":{"rendered":"<p>S 25 KV &#8211; 25 G &#8211; IL Dispergierwerkzeug<br \/>\nSpeziell entwickeltes Dispergierwerkzeug zur ausschlie\u00dflichen Verwendung mit dem In-Line-Dispergierger\u00e4t UTL 25 digital. Das vollst\u00e4ndig abgedichtete interne System verhindert das Eindringen von Proben in den Hauptantrieb und erm\u00f6glicht einen sicheren Betrieb in einer horizontalen In-Line-Position.<\/p>\n<p><b>Technische Daten:<\/b><br \/>\nDurchmesser Stator\t25 mm<br \/>\nDurchmesser Rotor\t17 mm<br \/>\nSpaltbreite zwischen Stator und Rotor\t0.5 mm<br \/>\nDrehzahl zul\u00e4ssig max.\t25000 rpm<br \/>\nUmfangsgeschwindigkeit max.\t22.2 m\/s<br \/>\nEintauchtiefe\t40 &#8211; 85 mm<br \/>\nEinbaul\u00e4nge\t110 mm<br \/>\nProduktber\u00fchrendes Material\tFFPM \/ SIC, AISI 316L, AISI 302<br \/>\npH-Bereich\t2 &#8211; 13<br \/>\nGeeignet f\u00fcr L\u00f6semittel\tja<br \/>\nArbeitstemperatur max.\t220 \u00b0C<br \/>\nSterilisierbarkeit\talle Methoden<br \/>\nVakuum\t1 mbar<br \/>\nDruck max.\t6 bar<br \/>\nEndfeinheit Suspensionen\t15 &#8211; 50 \u00b5m<br \/>\nEndfeinheit Emulsionen\t1 &#8211; 10 \u00b5m<\/p>\n","protected":false},"excerpt":{"rendered":"<p><b>Zubeh\u00f6r- und Ersatzteile erhalten Sie gerne auf Anfrage!<\/b><\/p>\n","protected":false},"featured_media":20446,"template":"","meta":[],"product_brand":[357],"product_cat":[340,324],"product_tag":[],"class_list":{"0":"post-20398","1":"product","2":"type-product","3":"status-publish","4":"has-post-thumbnail","6":"product_brand-ika","7":"product_cat-dispergierwerkzeuge","8":"product_cat-ika","9":"product_shipping_class-standard","11":"first","12":"instock","13":"sale","14":"taxable","15":"shipping-taxable","16":"purchasable","17":"product-type-simple"},"tiered_pricing_type":"fixed","tiered_pricing_fixed_rules":[],"tiered_pricing_product_settings":{"layout":"default","base_unit_name":{"singular":null,"plural":null},"default_variation":null},"tiered_pricing_minimum_quantity":null,"tiered_pricing_roles_data":[],"tiered_pricing_percentage_rules":[],"_links":{"self":[{"href":"https:\/\/lt-laborhandel.de\/en\/wp-json\/wp\/v2\/product\/20398","targetHints":{"allow":["GET"]}}],"collection":[{"href":"https:\/\/lt-laborhandel.de\/en\/wp-json\/wp\/v2\/product"}],"about":[{"href":"https:\/\/lt-laborhandel.de\/en\/wp-json\/wp\/v2\/types\/product"}],"wp:featuredmedia":[{"embeddable":true,"href":"https:\/\/lt-laborhandel.de\/en\/wp-json\/wp\/v2\/media\/20446"}],"wp:attachment":[{"href":"https:\/\/lt-laborhandel.de\/en\/wp-json\/wp\/v2\/media?parent=20398"}],"wp:term":[{"taxonomy":"product_brand","embeddable":true,"href":"https:\/\/lt-laborhandel.de\/en\/wp-json\/wp\/v2\/product_brand?post=20398"},{"taxonomy":"product_cat","embeddable":true,"href":"https:\/\/lt-laborhandel.de\/en\/wp-json\/wp\/v2\/product_cat?post=20398"},{"taxonomy":"product_tag","embeddable":true,"href":"https:\/\/lt-laborhandel.de\/en\/wp-json\/wp\/v2\/product_tag?post=20398"}],"curies":[{"name":"wp","href":"https:\/\/api.w.org\/{rel}","templated":true}]}}