{"id":20393,"date":"2025-02-04T09:10:45","date_gmt":"2025-02-04T08:10:45","guid":{"rendered":"https:\/\/lt-laborhandel.de\/?post_type=product&#038;p=20393"},"modified":"2026-03-13T19:05:35","modified_gmt":"2026-03-13T18:05:35","slug":"ika-dispergierwerkzeug-s-65-kg-hh-g-65-m-o65-mm-0010010767","status":"publish","type":"product","link":"https:\/\/lt-laborhandel.de\/en\/produkt\/ika-dispergierwerkzeug-s-65-kg-hh-g-65-m-o65-mm-0010010767\/","title":{"rendered":"IKA Dispergierwerkzeug S 65 KG &#8211; HH &#8211; G 65 M, \u00d865 mm, #0010010767"},"content":{"rendered":"<p>S 65 KG \u2013 HH \u2013 G 65 M Dispergierwerkzeug<br \/>\nDispergierwerkzeug f\u00fcr Antrieb T 65 basic \/ digital<br \/>\nKugelgelagerte Welle, einseitig wirkende Gleitringdichtung aus Hartmetall\/Hartmetall. Arbeiten unter Vakuum m\u00f6glich. L\u00f6semittelbest\u00e4ndig. Sterilisierbar, kurzzeitige Arbeitstemperatur bis 180\u00b0C.<br \/>\nEintauchtiefe: 80 &#8211; 450 mm<br \/>\nStatordurchmesser: 65 mm<br \/>\nArbeitsbereich: 2 &#8211; 40 Liter<\/p>\n<p><b>Technische Daten:<\/b><br \/>\nBearbeitbares Volumen (H2O)\t2 &#8211; 40 l<br \/>\nDurchmesser Stator\t65 mm<br \/>\nDurchmesser Rotor\t58 mm<br \/>\nSpaltbreite zwischen Stator und Rotor\t0.5 mm<br \/>\nDrehzahl zul\u00e4ssig max.\t9500 rpm<br \/>\nUmfangsgeschwindigkeit max.\t28.8 m\/s<br \/>\nEintauchtiefe\t80 &#8211; 450 mm<br \/>\nEinbaul\u00e4nge\t510 mm<br \/>\nProduktber\u00fchrendes Material\tFFPM \/ WC \/AISI 316L<br \/>\npH-Bereich\t2 &#8211; 13<br \/>\nGeeignet f\u00fcr L\u00f6semittel\tja<br \/>\nArbeitstemperatur max.\t170 \u00b0C<br \/>\nSterilisierbarkeit\talle Methoden<br \/>\nVakuum\t1 mbar<br \/>\nDruck max.\t6 bar<br \/>\nEndfeinheit Suspensionen\t20 &#8211; 50 \u00b5m<br \/>\nEndfeinheit Emulsionen\t5 &#8211; 15 \u00b5m<br \/>\nFDA-Konformit\u00e4t\tja<br \/>\nAbmessungen (B x H x T)\t65 x 550 x 65 mm<br \/>\nGewicht\t4.41 kg<\/p>\n","protected":false},"excerpt":{"rendered":"<p><b>Zubeh\u00f6r- und Ersatzteile erhalten Sie gerne auf Anfrage!<\/b><\/p>\n","protected":false},"featured_media":20436,"template":"","meta":[],"product_brand":[357],"product_cat":[340,324],"product_tag":[],"class_list":{"0":"post-20393","1":"product","2":"type-product","3":"status-publish","4":"has-post-thumbnail","6":"product_brand-ika","7":"product_cat-dispergierwerkzeuge","8":"product_cat-ika","9":"product_shipping_class-standard","11":"first","12":"instock","13":"sale","14":"taxable","15":"shipping-taxable","16":"purchasable","17":"product-type-simple"},"tiered_pricing_type":"fixed","tiered_pricing_fixed_rules":[],"tiered_pricing_product_settings":{"layout":"default","base_unit_name":{"singular":null,"plural":null},"default_variation":null},"tiered_pricing_minimum_quantity":null,"tiered_pricing_roles_data":[],"tiered_pricing_percentage_rules":[],"_links":{"self":[{"href":"https:\/\/lt-laborhandel.de\/en\/wp-json\/wp\/v2\/product\/20393","targetHints":{"allow":["GET"]}}],"collection":[{"href":"https:\/\/lt-laborhandel.de\/en\/wp-json\/wp\/v2\/product"}],"about":[{"href":"https:\/\/lt-laborhandel.de\/en\/wp-json\/wp\/v2\/types\/product"}],"wp:featuredmedia":[{"embeddable":true,"href":"https:\/\/lt-laborhandel.de\/en\/wp-json\/wp\/v2\/media\/20436"}],"wp:attachment":[{"href":"https:\/\/lt-laborhandel.de\/en\/wp-json\/wp\/v2\/media?parent=20393"}],"wp:term":[{"taxonomy":"product_brand","embeddable":true,"href":"https:\/\/lt-laborhandel.de\/en\/wp-json\/wp\/v2\/product_brand?post=20393"},{"taxonomy":"product_cat","embeddable":true,"href":"https:\/\/lt-laborhandel.de\/en\/wp-json\/wp\/v2\/product_cat?post=20393"},{"taxonomy":"product_tag","embeddable":true,"href":"https:\/\/lt-laborhandel.de\/en\/wp-json\/wp\/v2\/product_tag?post=20393"}],"curies":[{"name":"wp","href":"https:\/\/api.w.org\/{rel}","templated":true}]}}