{"id":20386,"date":"2025-02-04T09:10:11","date_gmt":"2025-02-04T08:10:11","guid":{"rendered":"https:\/\/lt-laborhandel.de\/?post_type=product&#038;p=20386"},"modified":"2026-03-13T19:00:58","modified_gmt":"2026-03-13T18:00:58","slug":"ika-ruehrwelle-r50-high-speed-0001689300","status":"publish","type":"product","link":"https:\/\/lt-laborhandel.de\/en\/produkt\/ika-ruehrwelle-r50-high-speed-0001689300\/","title":{"rendered":"IKA R\u00fchrwelle R50, high speed, #0001689300"},"content":{"rendered":"<p>R 50 R\u00fchrwelle \u00abhigh speed\u00bb<br \/>\nMit der R\u00fchrwelle R 50 kann der Dispergierer T 50 digital in einen Hochgeschwindigkeitsr\u00fchrer umgewandelt werden. Diese Konfiguration wird f\u00fcr Anwendungen empfohlen, die mittlere bis hohe Scherkr\u00e4fte erfordern.<\/p>\n<p>Die Dissolverscheibe des Mischkopfes in Verbindung mit der hohen Geschwindigkeit f\u00fchrt zu einem schnellen Mischen, Aufl\u00f6sen und Disagglomerieren. Zur Gew\u00e4hrleistung der Arbeitssicherheit ist ein Schutzkorb um das Mischelement herum montiert. Der Dissolver R 1402 ist im Lieferumfang enthalten.<\/p>\n<p>Alternativ kann der Mischkopf mit dem Zubeh\u00f6r R 1405 auf eine Propellerausf\u00fchrung umger\u00fcstet werden, um niedrige bis mittlere Viskosit\u00e4ten bei geringer Scherung zu erm\u00f6glichen.<\/p>\n<p>Eintauchtiefe: 180 mm<br \/>\nArbeitsbereich: 0,25 &#8211; 30 l<br \/>\nRotordurchmesser: 40 mm<br \/>\nMaterial: Edelstahl (AlSl 316L)<\/p>\n<p><b>Technische Daten:<\/b><br \/>\nBearbeitbares Volumen (H2O)\t0.25 &#8211; 30 l<br \/>\nDurchmesser Rotor\t40 mm<br \/>\nDrehzahl zul\u00e4ssig max.\t10000 rpm<br \/>\nUmfangsgeschwindigkeit max.\t23.6 m\/s<br \/>\nEintauchtiefe\t50 &#8211; 180 mm<br \/>\nEinbaul\u00e4nge\t323 mm<br \/>\nProduktber\u00fchrendes Material\tAISI 316L \/ AISI 304<br \/>\npH-Bereich\t2 &#8211; 13<br \/>\nGeeignet f\u00fcr L\u00f6semittel\tja<br \/>\nGeeignet f\u00fcr abrasive Stoffe\tja<br \/>\nArbeitstemperatur max.\t150 \u00b0C<br \/>\nTrockener Betrieb\tja<br \/>\nGewicht\t1.25 kg<\/p>\n","protected":false},"excerpt":{"rendered":"<p><b>Zubeh\u00f6r- und Ersatzteile erhalten Sie gerne auf Anfrage!<\/b><\/p>\n","protected":false},"featured_media":20422,"template":"","meta":[],"product_brand":[357],"product_cat":[340,324],"product_tag":[],"class_list":{"0":"post-20386","1":"product","2":"type-product","3":"status-publish","4":"has-post-thumbnail","6":"product_brand-ika","7":"product_cat-dispergierwerkzeuge","8":"product_cat-ika","9":"product_shipping_class-standard","11":"first","12":"instock","13":"sale","14":"taxable","15":"shipping-taxable","16":"purchasable","17":"product-type-simple"},"tiered_pricing_type":"fixed","tiered_pricing_fixed_rules":[],"tiered_pricing_product_settings":{"layout":"default","base_unit_name":{"singular":null,"plural":null},"default_variation":null},"tiered_pricing_minimum_quantity":null,"tiered_pricing_roles_data":[],"tiered_pricing_percentage_rules":[],"_links":{"self":[{"href":"https:\/\/lt-laborhandel.de\/en\/wp-json\/wp\/v2\/product\/20386","targetHints":{"allow":["GET"]}}],"collection":[{"href":"https:\/\/lt-laborhandel.de\/en\/wp-json\/wp\/v2\/product"}],"about":[{"href":"https:\/\/lt-laborhandel.de\/en\/wp-json\/wp\/v2\/types\/product"}],"wp:featuredmedia":[{"embeddable":true,"href":"https:\/\/lt-laborhandel.de\/en\/wp-json\/wp\/v2\/media\/20422"}],"wp:attachment":[{"href":"https:\/\/lt-laborhandel.de\/en\/wp-json\/wp\/v2\/media?parent=20386"}],"wp:term":[{"taxonomy":"product_brand","embeddable":true,"href":"https:\/\/lt-laborhandel.de\/en\/wp-json\/wp\/v2\/product_brand?post=20386"},{"taxonomy":"product_cat","embeddable":true,"href":"https:\/\/lt-laborhandel.de\/en\/wp-json\/wp\/v2\/product_cat?post=20386"},{"taxonomy":"product_tag","embeddable":true,"href":"https:\/\/lt-laborhandel.de\/en\/wp-json\/wp\/v2\/product_tag?post=20386"}],"curies":[{"name":"wp","href":"https:\/\/api.w.org\/{rel}","templated":true}]}}