{"id":20378,"date":"2025-02-04T09:09:37","date_gmt":"2025-02-04T08:09:37","guid":{"rendered":"https:\/\/lt-laborhandel.de\/?post_type=product&#038;p=20378"},"modified":"2026-03-13T18:55:52","modified_gmt":"2026-03-13T17:55:52","slug":"ika-dispergierwerkzeug-s-50-kg-hh-g-45-g-o45-mm-0008003200","status":"publish","type":"product","link":"https:\/\/lt-laborhandel.de\/en\/produkt\/ika-dispergierwerkzeug-s-50-kg-hh-g-45-g-o45-mm-0008003200\/","title":{"rendered":"IKA Dispergierwerkzeug S 50 KG &#8211; HH &#8211; G 45 G, \u00d845 mm, #0008003200"},"content":{"rendered":"<p>S 50 KG &#8211; HH &#8211; G 45 G Dispergierwerkzeug<br \/>\nDispergierwerkzeug f\u00fcr Antrieb T 50 digital<br \/>\nKugelgelagerte Welle, einseitig wirkende Gleitringdichtung aus Hartmetall\/Hartmetall. Arbeiten unter Vakuum m\u00f6glich. L\u00f6semittelbest\u00e4ndig.Sterilisierbar, kurzzeitige Arbeitstemperatur bis 180\u00b0C.<br \/>\nEintauchtiefe: 70 &#8211; 260 mm<br \/>\nStatordurchmesser: 45 mm<br \/>\nArbeitsbereich: 0,5 &#8211; 20 Liter<\/p>\n<p><b>Technische Daten:<\/b><br \/>\nBearbeitbares Volumen (H2O)\t0.5 &#8211; 20 l<br \/>\nDurchmesser Stator\t45 mm<br \/>\nDurchmesser Rotor\t36 mm<br \/>\nUmfangsgeschwindigkeit max.\t18.8 m\/s<br \/>\nEintauchtiefe\t70 &#8211; 260 mm<br \/>\nEinbaul\u00e4nge\t300 mm<br \/>\nProduktber\u00fchrendes Material\tFFPM \/ WC \/AISI 316L<br \/>\npH-Bereich\t2 &#8211; 13<br \/>\nGeeignet f\u00fcr L\u00f6semittel\tja<br \/>\nArbeitstemperatur max.\t150 \u00b0C<br \/>\nSterilisierbarkeit\tnass &#8211; chemisch<br \/>\nVakuum\t1 mbar<br \/>\nDruck max.\t6 bar<br \/>\nEndfeinheit Suspensionen\t40 &#8211; 100 \u00b5m<br \/>\nEndfeinheit Emulsionen\t10 &#8211; 30 \u00b5m<br \/>\nGewicht\t0.552 kg<\/p>\n","protected":false},"excerpt":{"rendered":"<p><b>Zubeh\u00f6r- und Ersatzteile erhalten Sie gerne auf Anfrage!<\/b><\/p>\n","protected":false},"featured_media":20406,"template":"","meta":[],"product_brand":[357],"product_cat":[340,324],"product_tag":[],"class_list":{"0":"post-20378","1":"product","2":"type-product","3":"status-publish","4":"has-post-thumbnail","6":"product_brand-ika","7":"product_cat-dispergierwerkzeuge","8":"product_cat-ika","9":"product_shipping_class-standard","11":"first","12":"instock","13":"sale","14":"taxable","15":"shipping-taxable","16":"purchasable","17":"product-type-simple"},"tiered_pricing_type":"fixed","tiered_pricing_fixed_rules":[],"tiered_pricing_product_settings":{"layout":"default","base_unit_name":{"singular":null,"plural":null},"default_variation":null},"tiered_pricing_minimum_quantity":null,"tiered_pricing_roles_data":[],"tiered_pricing_percentage_rules":[],"_links":{"self":[{"href":"https:\/\/lt-laborhandel.de\/en\/wp-json\/wp\/v2\/product\/20378","targetHints":{"allow":["GET"]}}],"collection":[{"href":"https:\/\/lt-laborhandel.de\/en\/wp-json\/wp\/v2\/product"}],"about":[{"href":"https:\/\/lt-laborhandel.de\/en\/wp-json\/wp\/v2\/types\/product"}],"wp:featuredmedia":[{"embeddable":true,"href":"https:\/\/lt-laborhandel.de\/en\/wp-json\/wp\/v2\/media\/20406"}],"wp:attachment":[{"href":"https:\/\/lt-laborhandel.de\/en\/wp-json\/wp\/v2\/media?parent=20378"}],"wp:term":[{"taxonomy":"product_brand","embeddable":true,"href":"https:\/\/lt-laborhandel.de\/en\/wp-json\/wp\/v2\/product_brand?post=20378"},{"taxonomy":"product_cat","embeddable":true,"href":"https:\/\/lt-laborhandel.de\/en\/wp-json\/wp\/v2\/product_cat?post=20378"},{"taxonomy":"product_tag","embeddable":true,"href":"https:\/\/lt-laborhandel.de\/en\/wp-json\/wp\/v2\/product_tag?post=20378"}],"curies":[{"name":"wp","href":"https:\/\/api.w.org\/{rel}","templated":true}]}}