{"id":20335,"date":"2025-01-22T11:27:22","date_gmt":"2025-01-22T10:27:22","guid":{"rendered":"https:\/\/lt-laborhandel.de\/?post_type=product&#038;p=20335"},"modified":"2026-03-13T18:50:34","modified_gmt":"2026-03-13T17:50:34","slug":"ika-dispergierwerkzeug-s-25-ec-t-c-18-g-st-o18-mm-fuer-t-25-easy-clean-0025007398","status":"publish","type":"product","link":"https:\/\/lt-laborhandel.de\/en\/produkt\/ika-dispergierwerkzeug-s-25-ec-t-c-18-g-st-o18-mm-fuer-t-25-easy-clean-0025007398\/","title":{"rendered":"IKA Dispergierwerkzeug S 25 EC &#8211; T &#8211; C &#8211; 18 G &#8211; ST, \u00d818 mm f\u00fcr T 25 easy clean, #0025007398"},"content":{"rendered":"<p>S 25 EC &#8211; T &#8211; C &#8211; 18 G ST Dispergierwerkzeug<br \/>\nDas autoklavierbare Dispergierwerkzeug S 25 EC &#8211; T &#8211; C &#8211; 18 G &#8211; ST eignet sich f\u00fcr allgemeine Anwendungen, bei denen mit hoher Geschwindigkeit und hohen Scherkr\u00e4ften gemischt, in Fl\u00fcssigkeit zerkleinert, emulgiert, die Partikelgr\u00f6\u00dfe in L\u00f6sung reduziert und mischbare und nicht mischbare Feststoffe und Fl\u00fcssigkeiten in einem fl\u00fcssigen Medium kr\u00e4ftig aufgel\u00f6st werden. Es wird besonders f\u00fcr Dispergieranwendungen in der Biochemie oder Pharmazie empfohlen, z. B. zum Emulgieren hitzeempfindlicher Zwischenprodukte von Wirkstoffen.<\/p>\n<p>Das Werkzeug mit S\u00e4gez\u00e4hnen erm\u00f6glicht das Schneiden von faserigen Materialien in L\u00f6sungen f\u00fcr eine noch schnellere Homogenisierung. Der integrierte Temperatursensor erm\u00f6glicht die Temperaturmessung w\u00e4hrend der Anwendung. Die Betriebszeit wird \u00fcber den zugeh\u00f6rigen Dispergierer T 25 easy clean digital oder control erfasst. Eine Anzeige auf dem Display informiert den Benutzer, wenn eine Wartung erforderlich ist.<\/p>\n<p>Wie der Name &#8220;easy clean&#8221; sagt, sind die Dispergierwerkzeuge besonders leicht zu reinigen: Durch einfaches Drehen und Absenken der Klemme k\u00f6nnen Welle und Rotor aus dem Geh\u00e4use herausgezogen werden. So kann das Schaftrohr auch von innen komplett durchgesp\u00fclt und gereinigt werden.<\/p>\n<p>Hinweis: S 25 EC &#8211; T &#8211; C &#8211; 18 G ist nur mit den Dispergierger\u00e4ten T 25 easy clean digital und control kompatibel. Die Temperatursensorfunktion der T Werkzeuge kann nur in Verbindung mit dem T 25 easy clean control aktiviert werden.<\/p>\n<p><b>Technische Daten:<\/b><br \/>\nBearbeitbares Volumen (H2O)\t0.01 &#8211; 1.5 l<br \/>\nDurchmesser Stator\t18 mm<br \/>\nDurchmesser Rotor\t13.4 mm<br \/>\nSpaltbreite zwischen Stator und Rotor\t0.25 mm<br \/>\nDrehzahl zul\u00e4ssig max.\t25000 rpm<br \/>\nUmfangsgeschwindigkeit max.\t17.5 m\/s<br \/>\nEintauchtiefe\t45 &#8211; 150 mm<br \/>\nEinbaul\u00e4nge\t191 mm<br \/>\nProduktber\u00fchrendes Material\tAISI 316L, Keramik<br \/>\npH-Bereich\t2 &#8211; 13<br \/>\nGeeignet f\u00fcr L\u00f6semittel\tja<br \/>\nGeeignet f\u00fcr abrasive Stoffe\tja<br \/>\nMessbereich Temperatur\t0 &#8211; 125 \u00b0C<br \/>\nMessgenauigkeit Temperatur\t\u00b11 K<br \/>\nArbeitstemperatur max.\t120 \u00b0C<br \/>\nSterilisierbarkeit\talle Methoden au\u00dfer Hei\u00dfluft<br \/>\nEndfeinheit Suspensionen\t10 &#8211; 50 \u00b5m<br \/>\nEndfeinheit Emulsionen\t1 &#8211; 10 \u00b5m<br \/>\nGewicht\t0.634 kg<\/p>\n","protected":false},"excerpt":{"rendered":"<p><b>Zubeh\u00f6r- und Ersatzteile erhalten Sie gerne auf Anfrage!<\/b><\/p>\n","protected":false},"featured_media":20336,"template":"","meta":[],"product_brand":[357],"product_cat":[340,324],"product_tag":[],"class_list":{"0":"post-20335","1":"product","2":"type-product","3":"status-publish","4":"has-post-thumbnail","6":"product_brand-ika","7":"product_cat-dispergierwerkzeuge","8":"product_cat-ika","9":"product_shipping_class-standard","11":"first","12":"instock","13":"sale","14":"taxable","15":"shipping-taxable","16":"purchasable","17":"product-type-simple"},"tiered_pricing_type":"fixed","tiered_pricing_fixed_rules":[],"tiered_pricing_product_settings":{"layout":"default","base_unit_name":{"singular":null,"plural":null},"default_variation":null},"tiered_pricing_minimum_quantity":null,"tiered_pricing_roles_data":[],"tiered_pricing_percentage_rules":[],"_links":{"self":[{"href":"https:\/\/lt-laborhandel.de\/en\/wp-json\/wp\/v2\/product\/20335","targetHints":{"allow":["GET"]}}],"collection":[{"href":"https:\/\/lt-laborhandel.de\/en\/wp-json\/wp\/v2\/product"}],"about":[{"href":"https:\/\/lt-laborhandel.de\/en\/wp-json\/wp\/v2\/types\/product"}],"wp:featuredmedia":[{"embeddable":true,"href":"https:\/\/lt-laborhandel.de\/en\/wp-json\/wp\/v2\/media\/20336"}],"wp:attachment":[{"href":"https:\/\/lt-laborhandel.de\/en\/wp-json\/wp\/v2\/media?parent=20335"}],"wp:term":[{"taxonomy":"product_brand","embeddable":true,"href":"https:\/\/lt-laborhandel.de\/en\/wp-json\/wp\/v2\/product_brand?post=20335"},{"taxonomy":"product_cat","embeddable":true,"href":"https:\/\/lt-laborhandel.de\/en\/wp-json\/wp\/v2\/product_cat?post=20335"},{"taxonomy":"product_tag","embeddable":true,"href":"https:\/\/lt-laborhandel.de\/en\/wp-json\/wp\/v2\/product_tag?post=20335"}],"curies":[{"name":"wp","href":"https:\/\/api.w.org\/{rel}","templated":true}]}}