{"id":20328,"date":"2025-01-22T11:14:47","date_gmt":"2025-01-22T10:14:47","guid":{"rendered":"https:\/\/lt-laborhandel.de\/?post_type=product&#038;p=20328"},"modified":"2026-03-13T18:49:24","modified_gmt":"2026-03-13T17:49:24","slug":"ika-dispergierwerkzeug-s-25-ec-t-c-18-g-o18-mm-fuer-t-25-easy-clean-0020108998","status":"publish","type":"product","link":"https:\/\/lt-laborhandel.de\/en\/produkt\/ika-dispergierwerkzeug-s-25-ec-t-c-18-g-o18-mm-fuer-t-25-easy-clean-0020108998\/","title":{"rendered":"IKA Dispergierwerkzeug S 25 EC &#8211; T &#8211; C &#8211; 18 G, \u00d818 mm f\u00fcr T 25 easy clean, 0020108998"},"content":{"rendered":"<p>S 25 EC &#8211; T &#8211; C &#8211; 18 G Dispergierwerkzeug<br \/>\nDas autoklavierbare Dispergierwerkzeug S 25 EC &#8211; T &#8211; C &#8211; 18 G eignet sich f\u00fcr allgemeine Anwendungen, bei denen mit hoher Geschwindigkeit und hoher Scherkraft gemischt, in Fl\u00fcssigkeit zerkleinert, emulgiert, die Partikelgr\u00f6\u00dfe in L\u00f6sungen reduziert und mischbare und nicht mischbare Feststoffe und Fl\u00fcssigkeiten in einem fl\u00fcssigen Medium kr\u00e4ftig aufgel\u00f6st werden. Es wird besonders f\u00fcr Dispergieranwendungen in der Biochemie oder Pharmazie empfohlen, z.B. zum Emulgieren hitzeempfindlicher Wirkstoffzwischenprodukte.<\/p>\n<p>Der integrierte Temperatursensor erm\u00f6glicht die Temperaturmessung w\u00e4hrend der Anwendung. Die Betriebszeit wird \u00fcber den zugeh\u00f6rigen Dispergierer T 25 easy clean digital oder control erfasst. Eine Anzeige auf dem Display informiert den Benutzer, wenn eine Wartung erforderlich ist.<\/p>\n<p>Wie der Name &#8220;easy clean&#8221; sagt, sind die Dispergierwerkzeuge besonders leicht zu reinigen: Durch einfaches Drehen und Absenken der Klemme k\u00f6nnen Welle und Rotor aus dem Geh\u00e4use herausgezogen werden. So kann das Schaftrohr auch von innen komplett durchgesp\u00fclt und gereinigt werden.<\/p>\n<p>Hinweis: S 25 EC &#8211; T &#8211; C &#8211; 18 G ist nur mit den Dispergierger\u00e4ten T 25 easy clean digital und control kompatibel. Die Temperatursensorfunktion der T Werkzeuge kann nur in Verbindung mit dem T 25 easy clean control aktiviert werden.<\/p>\n<p><b>Technische Daten:<\/b><br \/>\nBearbeitbares Volumen (H2O) 0.01 &#8211; 1.5 l<br \/>\nDurchmesser Stator 18 mm<br \/>\nDurchmesser Rotor 12.7 mm<br \/>\nSpaltbreite zwischen Stator und Rotor 0.3 mm<br \/>\nDrehzahl zul\u00e4ssig max. 25000 rpm<br \/>\nUmfangsgeschwindigkeit max. 16.6 m\/s<br \/>\nEintauchtiefe 45 &#8211; 150 mm<br \/>\nEinbaul\u00e4nge 191 mm<br \/>\nProduktber\u00fchrendes Material AISI 316L, Keramik<br \/>\npH-Bereich 2 &#8211; 13<br \/>\nGeeignet f\u00fcr L\u00f6semittel ja<br \/>\nGeeignet f\u00fcr abrasive Stoffe ja<br \/>\nMessbereich Temperatur 0 &#8211; 125 \u00b0C<br \/>\nMessgenauigkeit Temperatur \u00b11 K<br \/>\nArbeitstemperatur max. 120 \u00b0C<br \/>\nSterilisierbarkeit alle Methoden au\u00dfer Hei\u00dfluft<br \/>\nEndfeinheit Suspensionen 10 &#8211; 50 \u00b5m<br \/>\nEndfeinheit Emulsionen 1 &#8211; 10 \u00b5m<br \/>\nGewicht 0.634 kg<\/p>\n","protected":false},"excerpt":{"rendered":"<p><b>Zubeh\u00f6r- und Ersatzteile erhalten Sie gerne auf Anfrage!<\/b><\/p>\n","protected":false},"featured_media":20329,"template":"","meta":[],"product_brand":[357],"product_cat":[340,324],"product_tag":[],"class_list":{"0":"post-20328","1":"product","2":"type-product","3":"status-publish","4":"has-post-thumbnail","6":"product_brand-ika","7":"product_cat-dispergierwerkzeuge","8":"product_cat-ika","9":"product_shipping_class-standard","11":"first","12":"instock","13":"sale","14":"taxable","15":"shipping-taxable","16":"purchasable","17":"product-type-simple"},"tiered_pricing_type":"fixed","tiered_pricing_fixed_rules":[],"tiered_pricing_product_settings":{"layout":"default","base_unit_name":{"singular":null,"plural":null},"default_variation":null},"tiered_pricing_minimum_quantity":null,"tiered_pricing_roles_data":[],"tiered_pricing_percentage_rules":[],"_links":{"self":[{"href":"https:\/\/lt-laborhandel.de\/en\/wp-json\/wp\/v2\/product\/20328","targetHints":{"allow":["GET"]}}],"collection":[{"href":"https:\/\/lt-laborhandel.de\/en\/wp-json\/wp\/v2\/product"}],"about":[{"href":"https:\/\/lt-laborhandel.de\/en\/wp-json\/wp\/v2\/types\/product"}],"wp:featuredmedia":[{"embeddable":true,"href":"https:\/\/lt-laborhandel.de\/en\/wp-json\/wp\/v2\/media\/20329"}],"wp:attachment":[{"href":"https:\/\/lt-laborhandel.de\/en\/wp-json\/wp\/v2\/media?parent=20328"}],"wp:term":[{"taxonomy":"product_brand","embeddable":true,"href":"https:\/\/lt-laborhandel.de\/en\/wp-json\/wp\/v2\/product_brand?post=20328"},{"taxonomy":"product_cat","embeddable":true,"href":"https:\/\/lt-laborhandel.de\/en\/wp-json\/wp\/v2\/product_cat?post=20328"},{"taxonomy":"product_tag","embeddable":true,"href":"https:\/\/lt-laborhandel.de\/en\/wp-json\/wp\/v2\/product_tag?post=20328"}],"curies":[{"name":"wp","href":"https:\/\/api.w.org\/{rel}","templated":true}]}}