{"id":20324,"date":"2025-01-22T11:02:57","date_gmt":"2025-01-22T10:02:57","guid":{"rendered":"https:\/\/lt-laborhandel.de\/?post_type=product&#038;p=20324"},"modified":"2026-03-13T18:48:53","modified_gmt":"2026-03-13T17:48:53","slug":"ika-dispergierwerkzeug-s-25-ec-c-25-g-st-o25-mm-fuer-t-25-easy-clean-0025002590","status":"publish","type":"product","link":"https:\/\/lt-laborhandel.de\/en\/produkt\/ika-dispergierwerkzeug-s-25-ec-c-25-g-st-o25-mm-fuer-t-25-easy-clean-0025002590\/","title":{"rendered":"IKA Dispergierwerkzeug S 25 EC &#8211; C &#8211; 25 G &#8211; ST, \u00d825 mm f\u00fcr T 25 easy clean, #0025002590"},"content":{"rendered":"<p>S 25 EC &#8211; C &#8211; 25 G &#8211; ST Dispergierwerkzeug<br \/>\nDas Dispergierwerkzeug S 25 EC-C-25G-ST eignet sich insbesondere f\u00fcr Dispergieranwendungen im Bereich der Lebensmittelanalytik, wie z.B. die Dispersion von Fleisch oder Gem\u00fcse in Fl\u00fcssigkeit.<\/p>\n<p>Das easy clean Dispergierwerkzeug ist besonders einfach zu reinigen: Durch Drehen und Absenken der Klemme k\u00f6nnen die Welle und der Rotor fallen gelassen werden, bis der gesamte Rotor aus dem Stator austritt. Dann kann das Schaftrohr des Werkzeuges auch komplett innen gesp\u00fclt werden.<\/p>\n<p>Lagerart: Keramikgleitlager<br \/>\nProduktber\u00fchrendes Material: AISL 316L, Keramik<br \/>\nL\u00f6semittelgeeignet: Ja<br \/>\nSterilisierbar: Ja, alle Methoden<br \/>\nMax. Arbeitstemperatur [\u00b0C]: 180<br \/>\nEinbaul\u00e4nge [mm]: 191<br \/>\nDurchmesser Stator \/ Rotor [mm]: 25 \/ 20<br \/>\nSpaltbreite [mm]: 0,5<br \/>\nempfohlene Eintauchtiefe [mm]: 35 &#8211; 150<br \/>\nempfohlener Arbeitsbereich [mL]: 50 &#8211; 2000<\/p>\n<p>S 25 EC-C-25G-ST ist nur kompatibel mit den Dispergierern T 25 easy clean digital und control.<\/p>\n<p><b>Technische Daten:<\/b><br \/>\nBearbeitbares Volumen (H2O)\t0.05 &#8211; 2 l<br \/>\nDurchmesser Stator\t25 mm<br \/>\nDurchmesser Rotor\t20 mm<br \/>\nSpaltbreite zwischen Stator und Rotor\t0.5 mm<br \/>\nDrehzahl zul\u00e4ssig max.\t25000 rpm<br \/>\nUmfangsgeschwindigkeit max.\t26.2 m\/s<br \/>\nEintauchtiefe\t35 &#8211; 150 mm<br \/>\nEinbaul\u00e4nge\t191 mm<br \/>\nProduktber\u00fchrendes Material\tAISI 316L, Keramik<br \/>\npH-Bereich\t2 &#8211; 13<br \/>\nGeeignet f\u00fcr L\u00f6semittel\tja<br \/>\nGeeignet f\u00fcr abrasive Stoffe\tja<br \/>\nArbeitstemperatur max.\t180 \u00b0C<br \/>\nSterilisierbarkeit\talle Methoden<br \/>\nEndfeinheit Suspensionen\t15 &#8211; 50 \u00b5m<br \/>\nEndfeinheit Emulsionen\t1 &#8211; 10 \u00b5m<br \/>\nGewicht\t0.4 kg<\/p>\n","protected":false},"excerpt":{"rendered":"<p><b>Zubeh\u00f6r- und Ersatzteile erhalten Sie gerne auf Anfrage!<\/b><\/p>\n","protected":false},"featured_media":20325,"template":"","meta":[],"product_brand":[357],"product_cat":[340,324],"product_tag":[],"class_list":{"0":"post-20324","1":"product","2":"type-product","3":"status-publish","4":"has-post-thumbnail","6":"product_brand-ika","7":"product_cat-dispergierwerkzeuge","8":"product_cat-ika","9":"product_shipping_class-standard","11":"first","12":"instock","13":"sale","14":"taxable","15":"shipping-taxable","16":"purchasable","17":"product-type-simple"},"tiered_pricing_type":"fixed","tiered_pricing_fixed_rules":[],"tiered_pricing_product_settings":{"layout":"default","base_unit_name":{"singular":null,"plural":null},"default_variation":null},"tiered_pricing_minimum_quantity":null,"tiered_pricing_roles_data":[],"tiered_pricing_percentage_rules":[],"_links":{"self":[{"href":"https:\/\/lt-laborhandel.de\/en\/wp-json\/wp\/v2\/product\/20324","targetHints":{"allow":["GET"]}}],"collection":[{"href":"https:\/\/lt-laborhandel.de\/en\/wp-json\/wp\/v2\/product"}],"about":[{"href":"https:\/\/lt-laborhandel.de\/en\/wp-json\/wp\/v2\/types\/product"}],"wp:featuredmedia":[{"embeddable":true,"href":"https:\/\/lt-laborhandel.de\/en\/wp-json\/wp\/v2\/media\/20325"}],"wp:attachment":[{"href":"https:\/\/lt-laborhandel.de\/en\/wp-json\/wp\/v2\/media?parent=20324"}],"wp:term":[{"taxonomy":"product_brand","embeddable":true,"href":"https:\/\/lt-laborhandel.de\/en\/wp-json\/wp\/v2\/product_brand?post=20324"},{"taxonomy":"product_cat","embeddable":true,"href":"https:\/\/lt-laborhandel.de\/en\/wp-json\/wp\/v2\/product_cat?post=20324"},{"taxonomy":"product_tag","embeddable":true,"href":"https:\/\/lt-laborhandel.de\/en\/wp-json\/wp\/v2\/product_tag?post=20324"}],"curies":[{"name":"wp","href":"https:\/\/api.w.org\/{rel}","templated":true}]}}