{"id":20247,"date":"2025-01-15T11:59:25","date_gmt":"2025-01-15T10:59:25","guid":{"rendered":"https:\/\/lt-laborhandel.de\/?post_type=product&#038;p=20247"},"modified":"2026-03-13T18:43:40","modified_gmt":"2026-03-13T17:43:40","slug":"ika-dispergierwerkzeug-s-25-kd-lr-30-g-o30-mm-0020127971","status":"publish","type":"product","link":"https:\/\/lt-laborhandel.de\/en\/produkt\/ika-dispergierwerkzeug-s-25-kd-lr-30-g-o30-mm-0020127971\/","title":{"rendered":"IKA Dispergierwerkzeug S 25 KD &#8211; LR &#8211; 30 G, \u00d830 mm, #0020127971"},"content":{"rendered":"<p>S 25 KD &#8211; LR &#8211; 30 G<br \/>\nDas Dispergierwerkzeug S 25 KD &#8211; LR &#8211; 30 G wurde speziell f\u00fcr den Einsatz mit dem 5-Liter-Laborreaktor LR-5.ST entwickelt. Das G-Werkzeug ist ein Allzweck-Dispergierwerkzeug, mit dem relativ feine Suspensionen und Emulsionen hergestellt werden k\u00f6nnen. Es kann auch f\u00fcr die Verarbeitung gr\u00f6\u00dferer Mengen eingesetzt werden, wenn Feststoffe in einem fl\u00fcssigen Medium verarbeitet werden m\u00fcssen. Es ist etwas l\u00e4nger als die Standard-Dispergierwerkzeuge und erm\u00f6glicht so ein tieferes Eintauchen des Werkzeugs in die Reaktoren und die Verarbeitung von noch geringeren Mindestprobenmengen. Dar\u00fcber hinaus kann dieses Werkzeug unter Vakuumbedingungen von bis zu 100 mbar verwendet werden.<\/p>\n<p>Die Demontage des Werkzeugs zu Reinigungs- und Wartungszwecken wird durch das neue Design vereinfacht.<br \/>\nKompatibel mit: T 25 digital, T 25 easy clean digital, T 25 easy clean control<\/p>\n<p><b>Technische Daten:<\/b><br \/>\nBearbeitbares Volumen (H2O)\t0.05 &#8211; 5 l<br \/>\nDurchmesser Stator\t30 mm<br \/>\nDurchmesser Rotor\t22 mm<br \/>\nSpaltbreite zwischen Stator und Rotor\t0.5 mm<br \/>\nDrehzahl zul\u00e4ssig max.\t25000 rpm<br \/>\nUmfangsgeschwindigkeit max.\t28.8 m\/s<br \/>\nEintauchtiefe\t40 &#8211; 220 mm<br \/>\nEinbaul\u00e4nge\t267 mm<br \/>\nProduktber\u00fchrendes Material\tAISI 316L \/ PTFE \/ FFPM<br \/>\npH-Bereich\t2 &#8211; 13<br \/>\nGeeignet f\u00fcr L\u00f6semittel\tja<br \/>\nMessbereich Temperatur max.\t150 \u00b0C<br \/>\nSterilisierbarkeit\talle Methoden au\u00dfer Hei\u00dfluft<br \/>\nVakuum\t100 mbar<br \/>\nEndfeinheit Suspensionen\t15 &#8211; 50 \u00b5m<br \/>\nEndfeinheit Emulsionen\t1 &#8211; 10 \u00b5m<br \/>\nFDA-Konformit\u00e4t\tja<\/p>\n","protected":false},"excerpt":{"rendered":"<p><b>Zubeh\u00f6r- und Ersatzteile erhalten Sie gerne auf Anfrage!<\/b><\/p>\n","protected":false},"featured_media":20302,"template":"","meta":[],"product_brand":[357],"product_cat":[340,324],"product_tag":[],"class_list":{"0":"post-20247","1":"product","2":"type-product","3":"status-publish","4":"has-post-thumbnail","6":"product_brand-ika","7":"product_cat-dispergierwerkzeuge","8":"product_cat-ika","9":"product_shipping_class-standard","11":"first","12":"instock","13":"sale","14":"taxable","15":"shipping-taxable","16":"purchasable","17":"product-type-simple"},"tiered_pricing_type":"fixed","tiered_pricing_fixed_rules":[],"tiered_pricing_product_settings":{"layout":"default","base_unit_name":{"singular":null,"plural":null},"default_variation":null},"tiered_pricing_minimum_quantity":null,"tiered_pricing_roles_data":[],"tiered_pricing_percentage_rules":[],"_links":{"self":[{"href":"https:\/\/lt-laborhandel.de\/en\/wp-json\/wp\/v2\/product\/20247","targetHints":{"allow":["GET"]}}],"collection":[{"href":"https:\/\/lt-laborhandel.de\/en\/wp-json\/wp\/v2\/product"}],"about":[{"href":"https:\/\/lt-laborhandel.de\/en\/wp-json\/wp\/v2\/types\/product"}],"wp:featuredmedia":[{"embeddable":true,"href":"https:\/\/lt-laborhandel.de\/en\/wp-json\/wp\/v2\/media\/20302"}],"wp:attachment":[{"href":"https:\/\/lt-laborhandel.de\/en\/wp-json\/wp\/v2\/media?parent=20247"}],"wp:term":[{"taxonomy":"product_brand","embeddable":true,"href":"https:\/\/lt-laborhandel.de\/en\/wp-json\/wp\/v2\/product_brand?post=20247"},{"taxonomy":"product_cat","embeddable":true,"href":"https:\/\/lt-laborhandel.de\/en\/wp-json\/wp\/v2\/product_cat?post=20247"},{"taxonomy":"product_tag","embeddable":true,"href":"https:\/\/lt-laborhandel.de\/en\/wp-json\/wp\/v2\/product_tag?post=20247"}],"curies":[{"name":"wp","href":"https:\/\/api.w.org\/{rel}","templated":true}]}}